{"id":13777,"date":"2023-10-18T15:50:08","date_gmt":"2023-10-18T15:50:08","guid":{"rendered":"https:\/\/shop.noesdieta.com\/?page_id=13777"},"modified":"2023-10-18T16:07:56","modified_gmt":"2023-10-18T16:07:56","slug":"gracias-challenge","status":"publish","type":"page","link":"https:\/\/shop.noesdieta.com\/en\/gracias-challenge\/","title":{"rendered":"Gracias Challenge"},"content":{"rendered":"<div data-elementor-type=\"wp-page\" data-elementor-id=\"13777\" class=\"elementor elementor-13777\" data-elementor-post-type=\"page\">\n\t\t\t\t\t\t<section class=\"elementor-section elementor-top-section elementor-element elementor-element-47f6c997 elementor-section-content-middle elementor-section-boxed elementor-section-height-default elementor-section-height-default\" data-id=\"47f6c997\" data-element_type=\"section\" data-e-type=\"section\">\n\t\t\t\t\t\t<div class=\"elementor-container elementor-column-gap-no\">\n\t\t\t\t\t<div class=\"elementor-column elementor-col-100 elementor-top-column elementor-element elementor-element-43bf6483\" data-id=\"43bf6483\" data-element_type=\"column\" data-e-type=\"column\">\n\t\t\t<div class=\"elementor-widget-wrap elementor-element-populated\">\n\t\t\t\t\t\t<section class=\"elementor-section elementor-inner-section elementor-element elementor-element-5c83cd8 elementor-section-boxed elementor-section-height-default elementor-section-height-default\" data-id=\"5c83cd8\" data-element_type=\"section\" data-e-type=\"section\">\n\t\t\t\t\t\t<div class=\"elementor-container elementor-column-gap-default\">\n\t\t\t\t\t<div class=\"elementor-column elementor-col-50 elementor-inner-column elementor-element elementor-element-174d1c6\" data-id=\"174d1c6\" data-element_type=\"column\" data-e-type=\"column\">\n\t\t\t<div class=\"elementor-widget-wrap elementor-element-populated\">\n\t\t\t\t\t\t<div class=\"elementor-element elementor-element-5ca3000 elementor-invisible elementor-widget elementor-widget-image\" data-id=\"5ca3000\" data-element_type=\"widget\" data-e-type=\"widget\" data-settings=\"{&quot;_animation&quot;:&quot;fadeInUp&quot;}\" data-widget_type=\"image.default\">\n\t\t\t\t<div class=\"elementor-widget-container\">\n\t\t\t\t\t\t\t\t\t\t\t\t\t\t\t<img fetchpriority=\"high\" decoding=\"async\" width=\"683\" height=\"1024\" src=\"https:\/\/shop.noesdieta.com\/wp-content\/uploads\/2023\/10\/Lore-October-5-1-683x1024.jpg\" class=\"attachment-large size-large wp-image-13780\" alt=\"\" srcset=\"https:\/\/shop.noesdieta.com\/wp-content\/uploads\/2023\/10\/Lore-October-5-1-683x1024.jpg 683w, https:\/\/shop.noesdieta.com\/wp-content\/uploads\/2023\/10\/Lore-October-5-1-200x300.jpg 200w, https:\/\/shop.noesdieta.com\/wp-content\/uploads\/2023\/10\/Lore-October-5-1-600x900.jpg 600w, https:\/\/shop.noesdieta.com\/wp-content\/uploads\/2023\/10\/Lore-October-5-1.jpg 700w\" sizes=\"(max-width: 683px) 100vw, 683px\" \/>\t\t\t\t\t\t\t\t\t\t\t\t\t\t\t<\/div>\n\t\t\t\t<\/div>\n\t\t\t\t\t<\/div>\n\t\t<\/div>\n\t\t\t\t<div class=\"elementor-column elementor-col-50 elementor-inner-column elementor-element elementor-element-e4a8d14\" data-id=\"e4a8d14\" data-element_type=\"column\" data-e-type=\"column\">\n\t\t\t<div class=\"elementor-widget-wrap elementor-element-populated\">\n\t\t\t\t\t\t<div class=\"elementor-element elementor-element-1c60117e elementor-widget elementor-widget-heading\" data-id=\"1c60117e\" data-element_type=\"widget\" data-e-type=\"widget\" data-widget_type=\"heading.default\">\n\t\t\t\t<div class=\"elementor-widget-container\">\n\t\t\t\t\t<h4 class=\"elementor-heading-title elementor-size-default\">\u00a1GRACIAS POR INSCRIBIRTE!<\/h4>\t\t\t\t<\/div>\n\t\t\t\t<\/div>\n\t\t\t\t<div class=\"elementor-element elementor-element-4d6f316a elementor-widget elementor-widget-text-editor\" data-id=\"4d6f316a\" data-element_type=\"widget\" data-e-type=\"widget\" data-widget_type=\"text-editor.default\">\n\t\t\t\t<div class=\"elementor-widget-container\">\n\t\t\t\t\t\t\t\t\t<p style=\"text-align: left;\">Es muy importante para mi que nos conectemos, aprendamos juntos y empecemos a crear bienestar en nuestras vidas<br \/><strong>** Recuerda llenar el formulario para dise\u00f1ar tu plan de alimentaci\u00f3n<\/strong> <br \/>Con amor, Lore.<\/p>\t\t\t\t\t\t\t\t<\/div>\n\t\t\t\t<\/div>\n\t\t\t\t<div class=\"elementor-element elementor-element-a0561ab elementor-widget-divider--view-line elementor-widget elementor-widget-divider\" data-id=\"a0561ab\" data-element_type=\"widget\" data-e-type=\"widget\" data-widget_type=\"divider.default\">\n\t\t\t\t<div class=\"elementor-widget-container\">\n\t\t\t\t\t\t\t<div class=\"elementor-divider\">\n\t\t\t<span class=\"elementor-divider-separator\">\n\t\t\t\t\t\t<\/span>\n\t\t<\/div>\n\t\t\t\t\t\t<\/div>\n\t\t\t\t<\/div>\n\t\t\t\t<div class=\"elementor-element elementor-element-6178908 elementor-widget elementor-widget-text-editor\" data-id=\"6178908\" data-element_type=\"widget\" data-e-type=\"widget\" data-widget_type=\"text-editor.default\">\n\t\t\t\t<div class=\"elementor-widget-container\">\n\t\t\t\t\t\t\t\t\t<p style=\"text-align: left;\"><strong>IMPORTANTE:<\/strong> Recuerda que ser\u00e1n dos grupos (uno de telegram y uno de facebook) por lo que debes instalar ambas aplicaciones y estar registrada para disfrutar de este coaching de bienestar grupal.<\/p><p style=\"text-align: left;\"><strong>IMPORTANTE:<\/strong> No se realizan devoluciones.<\/p>\t\t\t\t\t\t\t\t<\/div>\n\t\t\t\t<\/div>\n\t\t\t\t<div class=\"elementor-element elementor-element-57351cf6 elementor-align-center elementor-mobile-align-center elementor-hidden-desktop elementor-hidden-tablet elementor-hidden-mobile elementor-widget elementor-widget-button\" data-id=\"57351cf6\" data-element_type=\"widget\" data-e-type=\"widget\" data-widget_type=\"button.default\">\n\t\t\t\t<div class=\"elementor-widget-container\">\n\t\t\t\t\t\t\t\t\t<div class=\"elementor-button-wrapper\">\n\t\t\t\t\t<a class=\"elementor-button elementor-button-link elementor-size-sm elementor-animation-float\" href=\"\/en\/tienda\/\">\n\t\t\t\t\t\t<span class=\"elementor-button-content-wrapper\">\n\t\t\t\t\t\t\t\t\t<span class=\"elementor-button-text\">Visitar la Tienda<\/span>\n\t\t\t\t\t<\/span>\n\t\t\t\t\t<\/a>\n\t\t\t\t<\/div>\n\t\t\t\t\t\t\t\t<\/div>\n\t\t\t\t<\/div>\n\t\t\t\t\t<\/div>\n\t\t<\/div>\n\t\t\t\t\t<\/div>\n\t\t<\/section>\n\t\t\t\t\t<\/div>\n\t\t<\/div>\n\t\t\t\t\t<\/div>\n\t\t<\/section>\n\t\t\t\t<\/div>","protected":false},"excerpt":{"rendered":"<p>\u00a1GRACIAS POR INSCRIBIRTE! Es muy importante para mi que nos conectemos, aprendamos juntos y empecemos a crear bienestar en nuestras vidas** Recuerda llenar el formulario para dise\u00f1ar tu plan de alimentaci\u00f3n Con amor, Lore. IMPORTANTE: Recuerda que ser\u00e1n dos grupos (uno de telegram y uno de facebook) por lo que debes instalar ambas aplicaciones y [&hellip;]<\/p>\n","protected":false},"author":793,"featured_media":0,"parent":0,"menu_order":7,"comment_status":"closed","ping_status":"closed","template":"","meta":{"footnotes":""},"class_list":["post-13777","page","type-page","status-publish","hentry"],"_links":{"self":[{"href":"https:\/\/shop.noesdieta.com\/en\/wp-json\/wp\/v2\/pages\/13777","targetHints":{"allow":["GET"]}}],"collection":[{"href":"https:\/\/shop.noesdieta.com\/en\/wp-json\/wp\/v2\/pages"}],"about":[{"href":"https:\/\/shop.noesdieta.com\/en\/wp-json\/wp\/v2\/types\/page"}],"author":[{"embeddable":true,"href":"https:\/\/shop.noesdieta.com\/en\/wp-json\/wp\/v2\/users\/793"}],"replies":[{"embeddable":true,"href":"https:\/\/shop.noesdieta.com\/en\/wp-json\/wp\/v2\/comments?post=13777"}],"version-history":[{"count":18,"href":"https:\/\/shop.noesdieta.com\/en\/wp-json\/wp\/v2\/pages\/13777\/revisions"}],"predecessor-version":[{"id":14596,"href":"https:\/\/shop.noesdieta.com\/en\/wp-json\/wp\/v2\/pages\/13777\/revisions\/14596"}],"wp:attachment":[{"href":"https:\/\/shop.noesdieta.com\/en\/wp-json\/wp\/v2\/media?parent=13777"}],"curies":[{"name":"wp","href":"https:\/\/api.w.org\/{rel}","templated":true}]}}