{"id":14141,"date":"2023-11-28T16:01:39","date_gmt":"2023-11-28T16:01:39","guid":{"rendered":"https:\/\/shop.noesdieta.com\/?page_id=14141"},"modified":"2023-11-28T16:19:04","modified_gmt":"2023-11-28T16:19:04","slug":"gracias-asesoria","status":"publish","type":"page","link":"https:\/\/shop.noesdieta.com\/en\/gracias-asesoria\/","title":{"rendered":"Gracias Asesoria"},"content":{"rendered":"<div data-elementor-type=\"wp-page\" data-elementor-id=\"14141\" class=\"elementor elementor-14141\" data-elementor-post-type=\"page\">\n\t\t\t\t\t\t<section class=\"elementor-section elementor-top-section elementor-element elementor-element-47f6c997 elementor-section-content-middle elementor-section-boxed elementor-section-height-default elementor-section-height-default\" data-id=\"47f6c997\" data-element_type=\"section\" data-e-type=\"section\">\n\t\t\t\t\t\t<div class=\"elementor-container elementor-column-gap-no\">\n\t\t\t\t\t<div class=\"elementor-column elementor-col-100 elementor-top-column elementor-element elementor-element-43bf6483\" data-id=\"43bf6483\" data-element_type=\"column\" data-e-type=\"column\">\n\t\t\t<div class=\"elementor-widget-wrap elementor-element-populated\">\n\t\t\t\t\t\t<section class=\"elementor-section elementor-inner-section elementor-element elementor-element-fd90e35 elementor-section-boxed elementor-section-height-default elementor-section-height-default\" data-id=\"fd90e35\" data-element_type=\"section\" data-e-type=\"section\">\n\t\t\t\t\t\t<div class=\"elementor-container elementor-column-gap-default\">\n\t\t\t\t\t<div class=\"elementor-column elementor-col-100 elementor-inner-column elementor-element elementor-element-fe5210a\" data-id=\"fe5210a\" data-element_type=\"column\" data-e-type=\"column\">\n\t\t\t<div class=\"elementor-widget-wrap elementor-element-populated\">\n\t\t\t\t\t\t<div class=\"elementor-element elementor-element-28e07b8 elementor-widget elementor-widget-theme-site-logo elementor-widget-image\" data-id=\"28e07b8\" data-element_type=\"widget\" data-e-type=\"widget\" data-widget_type=\"theme-site-logo.default\">\n\t\t\t\t<div class=\"elementor-widget-container\">\n\t\t\t\t\t\t\t\t\t\t\t<a href=\"https:\/\/shop.noesdieta.com\/en\">\n\t\t\t<img fetchpriority=\"high\" decoding=\"async\" width=\"500\" height=\"219\" src=\"https:\/\/shop.noesdieta.com\/wp-content\/uploads\/2020\/03\/NoEsDieta-Logonew1.png\" class=\"attachment-full size-full wp-image-12955\" alt=\"\" srcset=\"https:\/\/shop.noesdieta.com\/wp-content\/uploads\/2020\/03\/NoEsDieta-Logonew1.png 500w, https:\/\/shop.noesdieta.com\/wp-content\/uploads\/2020\/03\/NoEsDieta-Logonew1-300x131.png 300w\" sizes=\"(max-width: 500px) 100vw, 500px\" \/>\t\t\t\t<\/a>\n\t\t\t\t\t\t\t\t\t\t\t<\/div>\n\t\t\t\t<\/div>\n\t\t\t\t<div class=\"elementor-element elementor-element-1c60117e elementor-widget elementor-widget-heading\" data-id=\"1c60117e\" data-element_type=\"widget\" data-e-type=\"widget\" data-widget_type=\"heading.default\">\n\t\t\t\t<div class=\"elementor-widget-container\">\n\t\t\t\t\t<h4 class=\"elementor-heading-title elementor-size-default\">\u00a1GRACIAS POR INSCRIBIRTE!<\/h4>\t\t\t\t<\/div>\n\t\t\t\t<\/div>\n\t\t\t\t<div class=\"elementor-element elementor-element-4d6f316a elementor-widget elementor-widget-text-editor\" data-id=\"4d6f316a\" data-element_type=\"widget\" data-e-type=\"widget\" data-widget_type=\"text-editor.default\">\n\t\t\t\t<div class=\"elementor-widget-container\">\n\t\t\t\t\t\t\t\t\t<p style=\"text-align: left;\">Recuerda llenar tu ficha personal y el documento de consentimiento, y enviarlo a mi correo: <a href=\"mailto:lorena@noesdieta.com\">lorena@noesdieta.com<\/a><\/p><p style=\"text-align: left;\">Ambos pdf llegaran a tu email o los puedes descargar aqu\u00ed:\u00a0<\/p><p><a href=\"https:\/\/shop.noesdieta.com\/wp-content\/uploads\/woocommerce_uploads\/2023\/11\/FICHA-PERSONAL-NED-sop477.pdf\">Descarga aqu\u00ed ficha personal<\/a><\/p><p><a href=\"https:\/\/shop.noesdieta.com\/wp-content\/uploads\/woocommerce_uploads\/2023\/11\/CONSENTIMIENTO-NED-n3sswi.pdf\">Descarga aqu\u00ed consentimiento<\/a><\/p><p style=\"text-align: left;\">Cualquier duda puedes contactarme, Con amor Lore<\/p>\t\t\t\t\t\t\t\t<\/div>\n\t\t\t\t<\/div>\n\t\t\t\t<div class=\"elementor-element elementor-element-a0561ab elementor-widget-divider--view-line elementor-widget elementor-widget-divider\" data-id=\"a0561ab\" data-element_type=\"widget\" data-e-type=\"widget\" data-widget_type=\"divider.default\">\n\t\t\t\t<div class=\"elementor-widget-container\">\n\t\t\t\t\t\t\t<div class=\"elementor-divider\">\n\t\t\t<span class=\"elementor-divider-separator\">\n\t\t\t\t\t\t<\/span>\n\t\t<\/div>\n\t\t\t\t\t\t<\/div>\n\t\t\t\t<\/div>\n\t\t\t\t<div class=\"elementor-element elementor-element-9bd282c elementor-widget elementor-widget-text-editor\" data-id=\"9bd282c\" data-element_type=\"widget\" data-e-type=\"widget\" data-widget_type=\"text-editor.default\">\n\t\t\t\t<div class=\"elementor-widget-container\">\n\t\t\t\t\t\t\t\t\t<p style=\"text-align: left;\"><strong>Notas importantes a tomar en cuenta:<\/strong><\/p><p style=\"text-align: left;\">&#8211; Una vez recibidos todos los requisitos demoro de 1 -2 d\u00edas para trabajar en tu plan de alimentaci\u00f3n.<\/p><p style=\"text-align: left;\">&#8211; Las asesor\u00edas online se realizan mediante plataformas online, es decir, la primera llamada se realiza mediante videollamada (Google Meet), y los acompa\u00f1amientos mediante email (dudas, inquietudes y dem\u00e1s).<\/p><p style=\"text-align: left;\">&#8211; Si desea renovar su plan debe de hacerlo con d\u00edas de anticipaci\u00f3n al culmino de su plan de alimentaci\u00f3n para que el mismo no sea interrumpido y pueda seguir con la continuidad del mismo.<\/p><p style=\"text-align: left;\">&#8211; Para la evoluci\u00f3n de la asesor\u00edas online, se realizara mediante im\u00e1genes fotogr\u00e1ficas en conjunto con medidas antropom\u00f3rficas y peso, o bien puede realizarse mediante bascula digital en donde podemos obtener el peso, porcentaje de grasas y porcentaje de musculo. Puedes elegir la de tu preferencia.<\/p>\t\t\t\t\t\t\t\t<\/div>\n\t\t\t\t<\/div>\n\t\t\t\t\t<\/div>\n\t\t<\/div>\n\t\t\t\t\t<\/div>\n\t\t<\/section>\n\t\t\t\t\t<\/div>\n\t\t<\/div>\n\t\t\t\t\t<\/div>\n\t\t<\/section>\n\t\t\t\t<\/div>","protected":false},"excerpt":{"rendered":"<p>\u00a1GRACIAS POR INSCRIBIRTE! Recuerda llenar tu ficha personal y el documento de consentimiento, y enviarlo a mi correo: lorena@noesdieta.com Ambos pdf llegaran a tu email o los puedes descargar aqu\u00ed:\u00a0 Descarga aqu\u00ed ficha personal Descarga aqu\u00ed consentimiento Cualquier duda puedes contactarme, Con amor Lore Notas importantes a tomar en cuenta: &#8211; Una vez recibidos todos [&hellip;]<\/p>\n","protected":false},"author":793,"featured_media":0,"parent":0,"menu_order":7,"comment_status":"closed","ping_status":"closed","template":"elementor_canvas","meta":{"footnotes":""},"class_list":["post-14141","page","type-page","status-publish","hentry"],"_links":{"self":[{"href":"https:\/\/shop.noesdieta.com\/en\/wp-json\/wp\/v2\/pages\/14141","targetHints":{"allow":["GET"]}}],"collection":[{"href":"https:\/\/shop.noesdieta.com\/en\/wp-json\/wp\/v2\/pages"}],"about":[{"href":"https:\/\/shop.noesdieta.com\/en\/wp-json\/wp\/v2\/types\/page"}],"author":[{"embeddable":true,"href":"https:\/\/shop.noesdieta.com\/en\/wp-json\/wp\/v2\/users\/793"}],"replies":[{"embeddable":true,"href":"https:\/\/shop.noesdieta.com\/en\/wp-json\/wp\/v2\/comments?post=14141"}],"version-history":[{"count":18,"href":"https:\/\/shop.noesdieta.com\/en\/wp-json\/wp\/v2\/pages\/14141\/revisions"}],"predecessor-version":[{"id":14160,"href":"https:\/\/shop.noesdieta.com\/en\/wp-json\/wp\/v2\/pages\/14141\/revisions\/14160"}],"wp:attachment":[{"href":"https:\/\/shop.noesdieta.com\/en\/wp-json\/wp\/v2\/media?parent=14141"}],"curies":[{"name":"wp","href":"https:\/\/api.w.org\/{rel}","templated":true}]}}