{"id":14588,"date":"2023-12-19T04:56:03","date_gmt":"2023-12-19T04:56:03","guid":{"rendered":"https:\/\/shop.noesdieta.com\/?page_id=14588"},"modified":"2024-04-03T17:17:03","modified_gmt":"2024-04-03T17:17:03","slug":"gracias-reto","status":"publish","type":"page","link":"https:\/\/shop.noesdieta.com\/en\/gracias-reto\/","title":{"rendered":"Gracias Reto"},"content":{"rendered":"<div data-elementor-type=\"wp-page\" data-elementor-id=\"14588\" class=\"elementor elementor-14588\" data-elementor-post-type=\"page\">\n\t\t\t\t\t\t<section class=\"elementor-section elementor-top-section elementor-element elementor-element-47f6c997 elementor-section-content-middle elementor-section-boxed elementor-section-height-default elementor-section-height-default\" data-id=\"47f6c997\" data-element_type=\"section\" data-e-type=\"section\">\n\t\t\t\t\t\t<div class=\"elementor-container elementor-column-gap-no\">\n\t\t\t\t\t<div class=\"elementor-column elementor-col-100 elementor-top-column elementor-element elementor-element-43bf6483\" data-id=\"43bf6483\" data-element_type=\"column\" data-e-type=\"column\">\n\t\t\t<div class=\"elementor-widget-wrap elementor-element-populated\">\n\t\t\t\t\t\t<section class=\"elementor-section elementor-inner-section elementor-element elementor-element-fd90e35 elementor-section-boxed elementor-section-height-default elementor-section-height-default\" data-id=\"fd90e35\" data-element_type=\"section\" data-e-type=\"section\">\n\t\t\t\t\t\t<div class=\"elementor-container elementor-column-gap-default\">\n\t\t\t\t\t<div class=\"elementor-column elementor-col-100 elementor-inner-column elementor-element elementor-element-fe5210a\" data-id=\"fe5210a\" data-element_type=\"column\" data-e-type=\"column\">\n\t\t\t<div class=\"elementor-widget-wrap elementor-element-populated\">\n\t\t\t\t\t\t<div class=\"elementor-element elementor-element-28e07b8 elementor-widget elementor-widget-theme-site-logo elementor-widget-image\" data-id=\"28e07b8\" data-element_type=\"widget\" data-e-type=\"widget\" data-widget_type=\"theme-site-logo.default\">\n\t\t\t\t<div class=\"elementor-widget-container\">\n\t\t\t\t\t\t\t\t\t\t\t<a href=\"https:\/\/shop.noesdieta.com\/en\">\n\t\t\t<img fetchpriority=\"high\" decoding=\"async\" width=\"500\" height=\"219\" src=\"https:\/\/shop.noesdieta.com\/wp-content\/uploads\/2020\/03\/NoEsDieta-Logonew1.png\" class=\"attachment-full size-full wp-image-12955\" alt=\"\" srcset=\"https:\/\/shop.noesdieta.com\/wp-content\/uploads\/2020\/03\/NoEsDieta-Logonew1.png 500w, https:\/\/shop.noesdieta.com\/wp-content\/uploads\/2020\/03\/NoEsDieta-Logonew1-300x131.png 300w\" sizes=\"(max-width: 500px) 100vw, 500px\" \/>\t\t\t\t<\/a>\n\t\t\t\t\t\t\t\t\t\t\t<\/div>\n\t\t\t\t<\/div>\n\t\t\t\t<div class=\"elementor-element elementor-element-1c60117e elementor-widget elementor-widget-heading\" data-id=\"1c60117e\" data-element_type=\"widget\" data-e-type=\"widget\" data-widget_type=\"heading.default\">\n\t\t\t\t<div class=\"elementor-widget-container\">\n\t\t\t\t\t<h4 class=\"elementor-heading-title elementor-size-default\">\u00a1GRACIAS POR INSCRIBIRTE!<\/h4>\t\t\t\t<\/div>\n\t\t\t\t<\/div>\n\t\t\t\t<div class=\"elementor-element elementor-element-4d6f316a elementor-widget elementor-widget-text-editor\" data-id=\"4d6f316a\" data-element_type=\"widget\" data-e-type=\"widget\" data-widget_type=\"text-editor.default\">\n\t\t\t\t<div class=\"elementor-widget-container\">\n\t\t\t\t\t\t\t\t\t<p>Es muy importante para mi que nos conectemos, aprendamos juntos y empecemos a crear bienestar en nuestras vidas.<br \/><strong>** Recuerda llenar el formulario para dise\u00f1ar tu plan de alimentaci\u00f3n<\/strong> <br \/>Con amor, Lore.<\/p>\t\t\t\t\t\t\t\t<\/div>\n\t\t\t\t<\/div>\n\t\t\t\t<div class=\"elementor-element elementor-element-cbe0cdf elementor-mobile-align-center elementor-align-center elementor-widget elementor-widget-button\" data-id=\"cbe0cdf\" data-element_type=\"widget\" data-e-type=\"widget\" data-widget_type=\"button.default\">\n\t\t\t\t<div class=\"elementor-widget-container\">\n\t\t\t\t\t\t\t\t\t<div class=\"elementor-button-wrapper\">\n\t\t\t\t\t<a class=\"elementor-button elementor-button-link elementor-size-sm elementor-animation-grow\" href=\"https:\/\/forms.gle\/D6HmGnuu1Gy5Xu3v9\">\n\t\t\t\t\t\t<span class=\"elementor-button-content-wrapper\">\n\t\t\t\t\t\t<span class=\"elementor-button-icon\">\n\t\t\t\t<i aria-hidden=\"true\" class=\"fas fa-chevron-right\"><\/i>\t\t\t<\/span>\n\t\t\t\t\t\t\t\t\t<span class=\"elementor-button-text\">Formulario<\/span>\n\t\t\t\t\t<\/span>\n\t\t\t\t\t<\/a>\n\t\t\t\t<\/div>\n\t\t\t\t\t\t\t\t<\/div>\n\t\t\t\t<\/div>\n\t\t\t\t<div class=\"elementor-element elementor-element-a0561ab elementor-widget-divider--view-line elementor-widget elementor-widget-divider\" data-id=\"a0561ab\" data-element_type=\"widget\" data-e-type=\"widget\" data-widget_type=\"divider.default\">\n\t\t\t\t<div class=\"elementor-widget-container\">\n\t\t\t\t\t\t\t<div class=\"elementor-divider\">\n\t\t\t<span class=\"elementor-divider-separator\">\n\t\t\t\t\t\t<\/span>\n\t\t<\/div>\n\t\t\t\t\t\t<\/div>\n\t\t\t\t<\/div>\n\t\t\t\t<div class=\"elementor-element elementor-element-9bd282c elementor-widget elementor-widget-text-editor\" data-id=\"9bd282c\" data-element_type=\"widget\" data-e-type=\"widget\" data-widget_type=\"text-editor.default\">\n\t\t\t\t<div class=\"elementor-widget-container\">\n\t\t\t\t\t\t\t\t\t<p style=\"text-align: left;\"><strong>DISCLAIMER:<\/strong> Recuerda que ser\u00e1n dos grupos (uno de telegram y uno de facebook) por lo que debes instalar ambas aplicaciones y estar registrada para disfrutar de este coaching de bienestar grupal.<\/p><p style=\"text-align: left;\"><strong>IMPORTANTE:<\/strong> No se realizan devoluciones.<\/p>\t\t\t\t\t\t\t\t<\/div>\n\t\t\t\t<\/div>\n\t\t\t\t\t<\/div>\n\t\t<\/div>\n\t\t\t\t\t<\/div>\n\t\t<\/section>\n\t\t\t\t\t<\/div>\n\t\t<\/div>\n\t\t\t\t\t<\/div>\n\t\t<\/section>\n\t\t\t\t<\/div>","protected":false},"excerpt":{"rendered":"<p>\u00a1GRACIAS POR INSCRIBIRTE! Es muy importante para mi que nos conectemos, aprendamos juntos y empecemos a crear bienestar en nuestras vidas.** Recuerda llenar el formulario para dise\u00f1ar tu plan de alimentaci\u00f3n Con amor, Lore. Formulario DISCLAIMER: Recuerda que ser\u00e1n dos grupos (uno de telegram y uno de facebook) por lo que debes instalar ambas aplicaciones [&hellip;]<\/p>\n","protected":false},"author":793,"featured_media":0,"parent":0,"menu_order":7,"comment_status":"closed","ping_status":"closed","template":"elementor_canvas","meta":{"footnotes":""},"class_list":["post-14588","page","type-page","status-publish","hentry"],"_links":{"self":[{"href":"https:\/\/shop.noesdieta.com\/en\/wp-json\/wp\/v2\/pages\/14588","targetHints":{"allow":["GET"]}}],"collection":[{"href":"https:\/\/shop.noesdieta.com\/en\/wp-json\/wp\/v2\/pages"}],"about":[{"href":"https:\/\/shop.noesdieta.com\/en\/wp-json\/wp\/v2\/types\/page"}],"author":[{"embeddable":true,"href":"https:\/\/shop.noesdieta.com\/en\/wp-json\/wp\/v2\/users\/793"}],"replies":[{"embeddable":true,"href":"https:\/\/shop.noesdieta.com\/en\/wp-json\/wp\/v2\/comments?post=14588"}],"version-history":[{"count":13,"href":"https:\/\/shop.noesdieta.com\/en\/wp-json\/wp\/v2\/pages\/14588\/revisions"}],"predecessor-version":[{"id":15334,"href":"https:\/\/shop.noesdieta.com\/en\/wp-json\/wp\/v2\/pages\/14588\/revisions\/15334"}],"wp:attachment":[{"href":"https:\/\/shop.noesdieta.com\/en\/wp-json\/wp\/v2\/media?parent=14588"}],"curies":[{"name":"wp","href":"https:\/\/api.w.org\/{rel}","templated":true}]}}