{"id":17026,"date":"2025-03-22T19:33:52","date_gmt":"2025-03-22T19:33:52","guid":{"rendered":"https:\/\/shop.noesdieta.com\/?page_id=17026"},"modified":"2025-03-22T20:17:41","modified_gmt":"2025-03-22T20:17:41","slug":"birthday-brunch","status":"publish","type":"page","link":"https:\/\/shop.noesdieta.com\/en\/birthday-brunch\/","title":{"rendered":"Birthday Brunch"},"content":{"rendered":"\t\t<div data-elementor-type=\"wp-page\" data-elementor-id=\"17026\" class=\"elementor elementor-17026\" data-elementor-post-type=\"page\">\n\t\t\t\t<div class=\"elementor-element elementor-element-daceef0 e-flex e-con-boxed e-con e-parent\" data-id=\"daceef0\" data-element_type=\"container\" data-e-type=\"container\">\n\t\t\t\t\t<div class=\"e-con-inner\">\n\t\t<div class=\"elementor-element elementor-element-96f9b58 e-con-full e-flex e-con e-child\" data-id=\"96f9b58\" data-element_type=\"container\" data-e-type=\"container\">\n\t\t\t\t<div class=\"elementor-element elementor-element-4d23ae0 elementor-widget elementor-widget-image\" data-id=\"4d23ae0\" data-element_type=\"widget\" data-e-type=\"widget\" data-widget_type=\"image.default\">\n\t\t\t\t<div class=\"elementor-widget-container\">\n\t\t\t\t\t\t\t\t\t\t\t\t\t\t\t<img fetchpriority=\"high\" decoding=\"async\" width=\"1080\" height=\"1920\" src=\"https:\/\/shop.noesdieta.com\/wp-content\/uploads\/2025\/03\/PHOTO-2025-03-22-10-32-29.jpg\" class=\"attachment-full size-full wp-image-17029\" alt=\"\" srcset=\"https:\/\/shop.noesdieta.com\/wp-content\/uploads\/2025\/03\/PHOTO-2025-03-22-10-32-29.jpg 1080w, https:\/\/shop.noesdieta.com\/wp-content\/uploads\/2025\/03\/PHOTO-2025-03-22-10-32-29-169x300.jpg 169w, https:\/\/shop.noesdieta.com\/wp-content\/uploads\/2025\/03\/PHOTO-2025-03-22-10-32-29-576x1024.jpg 576w, https:\/\/shop.noesdieta.com\/wp-content\/uploads\/2025\/03\/PHOTO-2025-03-22-10-32-29-768x1365.jpg 768w, https:\/\/shop.noesdieta.com\/wp-content\/uploads\/2025\/03\/PHOTO-2025-03-22-10-32-29-864x1536.jpg 864w, https:\/\/shop.noesdieta.com\/wp-content\/uploads\/2025\/03\/PHOTO-2025-03-22-10-32-29-7x12.jpg 7w, https:\/\/shop.noesdieta.com\/wp-content\/uploads\/2025\/03\/PHOTO-2025-03-22-10-32-29-600x1067.jpg 600w\" sizes=\"(max-width: 1080px) 100vw, 1080px\" \/>\t\t\t\t\t\t\t\t\t\t\t\t\t\t\t<\/div>\n\t\t\t\t<\/div>\n\t\t\t\t<\/div>\n\t\t<div class=\"elementor-element elementor-element-64a5845 e-con-full e-flex e-con e-child\" data-id=\"64a5845\" data-element_type=\"container\" data-e-type=\"container\">\n\t\t\t\t<div class=\"elementor-element elementor-element-741f78f elementor-widget elementor-widget-image\" data-id=\"741f78f\" data-element_type=\"widget\" data-e-type=\"widget\" data-widget_type=\"image.default\">\n\t\t\t\t<div class=\"elementor-widget-container\">\n\t\t\t\t\t\t\t\t\t\t\t\t\t\t\t<img decoding=\"async\" width=\"373\" height=\"118\" src=\"https:\/\/shop.noesdieta.com\/wp-content\/uploads\/2022\/10\/logo-noesdieta.webp\" class=\"attachment-large size-large wp-image-15771\" alt=\"\" srcset=\"https:\/\/shop.noesdieta.com\/wp-content\/uploads\/2022\/10\/logo-noesdieta.webp 373w, https:\/\/shop.noesdieta.com\/wp-content\/uploads\/2022\/10\/logo-noesdieta-300x95.webp 300w\" sizes=\"(max-width: 373px) 100vw, 373px\" \/>\t\t\t\t\t\t\t\t\t\t\t\t\t\t\t<\/div>\n\t\t\t\t<\/div>\n\t\t\t\t<div class=\"elementor-element elementor-element-8bad8b7 elementor-widget elementor-widget-heading\" data-id=\"8bad8b7\" data-element_type=\"widget\" data-e-type=\"widget\" data-widget_type=\"heading.default\">\n\t\t\t\t<div class=\"elementor-widget-container\">\n\t\t\t\t\t<h2 class=\"elementor-heading-title elementor-size-default\">\u00a1S\u00f3lo para personas en <b>Miami, Florida<\/b>!<\/h2>\t\t\t\t<\/div>\n\t\t\t\t<\/div>\n\t\t\t\t<div class=\"elementor-element elementor-element-38c3843 fluent-form-widget-step-header-yes fluent-form-widget-step-progressbar-yes fluentform-widget-submit-button-custom elementor-widget elementor-widget-fluent-form-widget\" data-id=\"38c3843\" data-element_type=\"widget\" data-e-type=\"widget\" data-widget_type=\"fluent-form-widget.default\">\n\t\t\t\t<div class=\"elementor-widget-container\">\n\t\t\t\t\t\n            <div class=\"fluentform-widget-wrapper fluentform-widget-align-default\">\n\n            \n            <div class='fluentform ff-default fluentform_wrapper_13 ffs_default_wrap'><form data-form_id=\"13\" id=\"fluentform_13\" class=\"frm-fluent-form fluent_form_13 ff-el-form-top ff_form_instance_13_1 ff-form-loading ffs_default\" data-form_instance=\"ff_form_instance_13_1\" method=\"POST\" ><fieldset  style=\"border: none!important;margin: 0!important;padding: 0!important;background-color: transparent!important;box-shadow: none!important;outline: none!important; min-inline-size: 100%;\">\n                    <legend class=\"ff_screen_reader_title\" style=\"display: block; margin: 0!important;padding: 0!important;height: 0!important;text-indent: -999999px;width: 0!important;overflow:hidden;\">Birthday Bruch<\/legend><input type='hidden' name='__fluent_form_embded_post_id' value='17026' \/><input type=\"hidden\" id=\"_fluentform_13_fluentformnonce\" name=\"_fluentform_13_fluentformnonce\" value=\"616406d248\" \/><input type=\"hidden\" name=\"_wp_http_referer\" value=\"\/en\/wp-json\/wp\/v2\/pages\/17026\" \/><div data-type=\"name-element\" data-name=\"names\" class=\" ff-field_container ff-name-field-wrapper\" ><div class='ff-t-container'><div class='ff-t-cell '><div class='ff-el-group ff-el-form-top'><div class=\"ff-el-input--label asterisk-right\"><label for='ff_13_names_first_name_' id='label_ff_13_names_first_name_' >Nombre<\/label><\/div><div class='ff-el-input--content'><input type=\"text\" name=\"names[first_name]\" id=\"ff_13_names_first_name_\" class=\"ff-el-form-control\" placeholder=\"Introduce tu nombre\" aria-invalid=\"false\" aria-required=false><\/div><\/div><\/div><div class='ff-t-cell '><div class='ff-el-group ff-el-form-top'><div class=\"ff-el-input--label asterisk-right\"><label for='ff_13_names_last_name_' id='label_ff_13_names_last_name_' >Apellidos<\/label><\/div><div class='ff-el-input--content'><input type=\"text\" name=\"names[last_name]\" id=\"ff_13_names_last_name_\" class=\"ff-el-form-control\" placeholder=\"Introduce tus apellidos\" aria-invalid=\"false\" aria-required=false><\/div><\/div><\/div><\/div><\/div><div class='ff-el-group'><div class=\"ff-el-input--label asterisk-right\"><label for='ff_13_email' id='label_ff_13_email' aria-label=\"Correo electr\u00f3nico\">Correo electr\u00f3nico<\/label><\/div><div class='ff-el-input--content'><input type=\"email\" name=\"email\" id=\"ff_13_email\" class=\"ff-el-form-control\" placeholder=\"Email Address\" data-name=\"email\"  aria-invalid=\"false\" aria-required=false><\/div><\/div><div class='ff-el-group'><div class=\"ff-el-input--label asterisk-right\"><label for='ff_13_phone' id='label_ff_13_phone' aria-label=\"Phone\/Mobile\">Phone\/Mobile<\/label><\/div><div class='ff-el-input--content'><input name=\"phone\" class=\"ff-el-form-control ff-el-phone\" type=\"tel\" placeholder=\"Mobile Number\" data-name=\"phone\" id=\"ff_13_phone\" inputmode=\"tel\"  aria-invalid='false' aria-required=false><\/div><\/div><div class=\"ff-name-address-wrapper fluent-address\" data-type=\"address-element\" data-name=\"address_1\" ><div class='ff-el-input--label'><label aria-label=\"Direcci\u00f3n\">Direcci\u00f3n<\/label><\/div><div class='ff-el-input--content'><div class='ff-t-container'><div class='ff-t-cell'><div class='ff-el-group'><div class=\"ff-el-input--label asterisk-right\"><label for='ff_13_address_1_address_line_1_' id='label_ff_13_address_1_address_line_1_' aria-label=\"Direcci\u00f3n l\u00ednea 1\">Direcci\u00f3n l\u00ednea 1<\/label><\/div><div class='ff-el-input--content'><input type=\"text\" name=\"address_1[address_line_1]\" id=\"ff_13_address_1_address_line_1_\" class=\"ff-el-form-control\" placeholder=\"Direcci\u00f3n l\u00ednea 1\" data-key_name=\"address_line_1\"  aria-invalid=\"false\" aria-required=false><\/div><\/div><\/div><div class='ff-t-cell'><div class='ff-el-group'><div class=\"ff-el-input--label asterisk-right\"><label for='ff_13_address_1_address_line_2_' id='label_ff_13_address_1_address_line_2_' aria-label=\"Direcci\u00f3n l\u00ednea 2\">Direcci\u00f3n l\u00ednea 2<\/label><\/div><div class='ff-el-input--content'><input type=\"text\" name=\"address_1[address_line_2]\" id=\"ff_13_address_1_address_line_2_\" class=\"ff-el-form-control\" placeholder=\"Direcci\u00f3n l\u00ednea 2\" data-key_name=\"address_line_2\"  aria-invalid=\"false\" aria-required=false><\/div><\/div><\/div><\/div><div class='ff-t-container'><div class='ff-t-cell'><div class='ff-el-group'><div class=\"ff-el-input--label asterisk-right\"><label for='ff_13_address_1_city_' id='label_ff_13_address_1_city_' aria-label=\"Ciudad\">Ciudad<\/label><\/div><div class='ff-el-input--content'><input type=\"text\" name=\"address_1[city]\" id=\"ff_13_address_1_city_\" class=\"ff-el-form-control\" placeholder=\"Ciudad\" data-key_name=\"city\"  aria-invalid=\"false\" aria-required=false><\/div><\/div><\/div><div class='ff-t-cell'><div class='ff-el-group'><div class=\"ff-el-input--label asterisk-right\"><label for='ff_13_address_1_state_' id='label_ff_13_address_1_state_' aria-label=\"Provincia\">Provincia<\/label><\/div><div class='ff-el-input--content'><input type=\"text\" name=\"address_1[state]\" id=\"ff_13_address_1_state_\" class=\"ff-el-form-control\" placeholder=\"Provincia\" data-key_name=\"state\"  aria-invalid=\"false\" aria-required=false><\/div><\/div><\/div><\/div><div class='ff-t-container'><div class='ff-t-cell'><div class='ff-el-group'><div class=\"ff-el-input--label asterisk-right\"><label for='ff_13_address_1_zip_' id='label_ff_13_address_1_zip_' aria-label=\"C\u00f3digo postal\">C\u00f3digo postal<\/label><\/div><div class='ff-el-input--content'><input type=\"text\" name=\"address_1[zip]\" id=\"ff_13_address_1_zip_\" class=\"ff-el-form-control\" placeholder=\"C\u00f3digo postal\" data-key_name=\"zip\"  aria-invalid=\"false\" aria-required=false><\/div><\/div><\/div><\/div><\/div><\/div><div class='ff-el-group ff-text-center ff_submit_btn_wrapper'><button type=\"submit\" class=\"ff-btn ff-btn-submit ff-btn-md ff_btn_style\"  aria-label=\"QUIERO IR AL BIRTHDAY BRUNCH EN MIAMI\">QUIERO IR AL BIRTHDAY BRUNCH EN MIAMI<\/button><\/div><\/fieldset><\/form><div id='fluentform_13_errors' class='ff-errors-in-stack ff_form_instance_13_1 ff-form-loading_errors ff_form_instance_13_1_errors'><\/div><\/div>            <script type=\"text\/javascript\">\n                window.fluent_form_ff_form_instance_13_1 = {\"id\":\"13\",\"ajaxUrl\":\"https:\\\/\\\/shop.noesdieta.com\\\/wp-admin\\\/admin-ajax.php\",\"settings\":{\"layout\":{\"labelPlacement\":\"top\",\"asteriskPlacement\":\"asterisk-right\",\"helpMessagePlacement\":\"with_label\",\"errorMessagePlacement\":\"inline\",\"cssClassName\":\"\"},\"restrictions\":{\"denyEmptySubmission\":{\"enabled\":false}}},\"form_instance\":\"ff_form_instance_13_1\",\"form_id_selector\":\"fluentform_13\",\"rules\":{\"names[first_name]\":{\"required\":{\"value\":false,\"message\":\"This field is required\",\"global_message\":\"Este campo es obligatorio\",\"global\":true}},\"names[middle_name]\":{\"required\":{\"value\":false,\"message\":\"This field is required\",\"global_message\":\"Este campo es obligatorio\",\"global\":true}},\"names[last_name]\":{\"required\":{\"value\":false,\"message\":\"This field is required\",\"global_message\":\"Este campo es obligatorio\",\"global\":true}},\"email\":{\"required\":{\"value\":false,\"message\":\"This field is required\",\"global_message\":\"Este campo es obligatorio\",\"global\":true},\"email\":{\"value\":true,\"message\":\"This field must contain a valid email\",\"global_message\":\"Este campo debe contener un correo electr\\u00f3nico v\\u00e1lido\",\"global\":true}},\"phone\":{\"required\":{\"value\":false,\"message\":\"This field is required\"},\"valid_phone_number\":{\"value\":false,\"message\":\"Phone number is not valid\"}},\"address_1[address_line_1]\":{\"required\":{\"value\":false,\"message\":\"This field is required\",\"global_message\":\"Este campo es obligatorio\",\"global\":true}},\"address_1[address_line_2]\":{\"required\":{\"value\":false,\"message\":\"This field is required\",\"global_message\":\"Este campo es obligatorio\",\"global\":true}},\"address_1[city]\":{\"required\":{\"value\":false,\"message\":\"This field is required\",\"global_message\":\"Este campo es obligatorio\",\"global\":true}},\"address_1[state]\":{\"required\":{\"value\":false,\"message\":\"This field is required\",\"global_message\":\"Este campo es obligatorio\",\"global\":true}},\"address_1[zip]\":{\"required\":{\"value\":false,\"message\":\"This field is required\",\"global_message\":\"Este campo es obligatorio\",\"global\":true}},\"address_1[country]\":{\"required\":{\"value\":false,\"message\":\"This field is required\",\"global_message\":\"Este campo es obligatorio\",\"global\":true}}},\"debounce_time\":300};\n                            <\/script>\n                        <\/div>\n\n            \t\t\t\t<\/div>\n\t\t\t\t<\/div>\n\t\t\t\t<\/div>\n\t\t\t\t\t<\/div>\n\t\t\t\t<\/div>\n\t\t<div class=\"elementor-element elementor-element-f7a2bbf e-flex e-con-boxed e-con e-parent\" data-id=\"f7a2bbf\" data-element_type=\"container\" data-e-type=\"container\" data-settings=\"{&quot;background_background&quot;:&quot;classic&quot;}\">\n\t\t\t\t\t<div class=\"e-con-inner\">\n\t\t\t\t<div class=\"elementor-element elementor-element-d8b09a8 elementor-widget elementor-widget-text-editor\" data-id=\"d8b09a8\" data-element_type=\"widget\" data-e-type=\"widget\" data-widget_type=\"text-editor.default\">\n\t\t\t\t<div class=\"elementor-widget-container\">\n\t\t\t\t\t\t\t\t\t<p>\u00a9 2025 No Es Dieta LLC | All Rights Reserved<\/p>\t\t\t\t\t\t\t\t<\/div>\n\t\t\t\t<\/div>\n\t\t\t\t<div class=\"elementor-element elementor-element-164865a elementor-widget elementor-widget-text-editor\" data-id=\"164865a\" data-element_type=\"widget\" data-e-type=\"widget\" data-widget_type=\"text-editor.default\">\n\t\t\t\t<div class=\"elementor-widget-container\">\n\t\t\t\t\t\t\t\t\t<p>Designed by <a href=\"https:\/\/celeryagency.com\/\">Celery Agency<\/a><\/p>\t\t\t\t\t\t\t\t<\/div>\n\t\t\t\t<\/div>\n\t\t\t\t\t<\/div>\n\t\t\t\t<\/div>\n\t\t\t\t<\/div>\n\t\t","protected":false},"excerpt":{"rendered":"<p>\u00a1S\u00f3lo para personas en Miami, Florida! Birthday Bruch NombreApellidosCorreo electr\u00f3nicoPhone\/MobileDirecci\u00f3nDirecci\u00f3n l\u00ednea 1Direcci\u00f3n l\u00ednea 2CiudadProvinciaC\u00f3digo postalQUIERO IR AL BIRTHDAY BRUNCH EN MIAMI \u00a9 2025 No Es Dieta LLC | All Rights Reserved Designed by Celery Agency<\/p>","protected":false},"author":793,"featured_media":0,"parent":0,"menu_order":0,"comment_status":"closed","ping_status":"closed","template":"elementor_canvas","meta":{"footnotes":""},"class_list":["post-17026","page","type-page","status-publish","hentry"],"_links":{"self":[{"href":"https:\/\/shop.noesdieta.com\/en\/wp-json\/wp\/v2\/pages\/17026","targetHints":{"allow":["GET"]}}],"collection":[{"href":"https:\/\/shop.noesdieta.com\/en\/wp-json\/wp\/v2\/pages"}],"about":[{"href":"https:\/\/shop.noesdieta.com\/en\/wp-json\/wp\/v2\/types\/page"}],"author":[{"embeddable":true,"href":"https:\/\/shop.noesdieta.com\/en\/wp-json\/wp\/v2\/users\/793"}],"replies":[{"embeddable":true,"href":"https:\/\/shop.noesdieta.com\/en\/wp-json\/wp\/v2\/comments?post=17026"}],"version-history":[{"count":5,"href":"https:\/\/shop.noesdieta.com\/en\/wp-json\/wp\/v2\/pages\/17026\/revisions"}],"predecessor-version":[{"id":17059,"href":"https:\/\/shop.noesdieta.com\/en\/wp-json\/wp\/v2\/pages\/17026\/revisions\/17059"}],"wp:attachment":[{"href":"https:\/\/shop.noesdieta.com\/en\/wp-json\/wp\/v2\/media?parent=17026"}],"curies":[{"name":"wp","href":"https:\/\/api.w.org\/{rel}","templated":true}]}}