{"id":2660,"date":"2020-10-15T22:15:47","date_gmt":"2020-10-15T22:15:47","guid":{"rendered":"http:\/\/lorenanoesdieta.co\/?page_id=2660"},"modified":"2020-10-16T01:15:00","modified_gmt":"2020-10-16T01:15:00","slug":"thank-you-paypal","status":"publish","type":"page","link":"https:\/\/shop.noesdieta.com\/en\/thank-you-paypal\/","title":{"rendered":"Thank You &#8211; PayPal"},"content":{"rendered":"<div data-elementor-type=\"wp-page\" data-elementor-id=\"2660\" class=\"elementor elementor-2660\" data-elementor-post-type=\"page\">\n\t\t\t\t\t\t<section class=\"elementor-section elementor-top-section elementor-element elementor-element-454128b2 elementor-section-content-middle elementor-section-boxed elementor-section-height-default elementor-section-height-default\" data-id=\"454128b2\" data-element_type=\"section\" data-e-type=\"section\">\n\t\t\t\t\t\t<div class=\"elementor-container elementor-column-gap-no\">\n\t\t\t\t\t<div class=\"elementor-column elementor-col-100 elementor-top-column elementor-element elementor-element-633dcab2\" data-id=\"633dcab2\" data-element_type=\"column\" data-e-type=\"column\">\n\t\t\t<div class=\"elementor-widget-wrap elementor-element-populated\">\n\t\t\t\t\t\t<div class=\"elementor-element elementor-element-c2bddab elementor-widget elementor-widget-image\" data-id=\"c2bddab\" data-element_type=\"widget\" data-e-type=\"widget\" data-widget_type=\"image.default\">\n\t\t\t\t<div class=\"elementor-widget-container\">\n\t\t\t\t\t\t\t\t\t\t\t\t\t\t\t<img fetchpriority=\"high\" decoding=\"async\" width=\"300\" height=\"300\" src=\"https:\/\/shop.noesdieta.com\/wp-content\/uploads\/2020\/01\/Noesdieta-Logo-Completo.png\" class=\"attachment-large size-large wp-image-135\" alt=\"Lorena No es dieta\" srcset=\"https:\/\/shop.noesdieta.com\/wp-content\/uploads\/2020\/01\/Noesdieta-Logo-Completo.png 300w, https:\/\/shop.noesdieta.com\/wp-content\/uploads\/2020\/01\/Noesdieta-Logo-Completo-150x150.png 150w, https:\/\/shop.noesdieta.com\/wp-content\/uploads\/2020\/01\/Noesdieta-Logo-Completo-100x100.png 100w\" sizes=\"(max-width: 300px) 100vw, 300px\" \/>\t\t\t\t\t\t\t\t\t\t\t\t\t\t\t<\/div>\n\t\t\t\t<\/div>\n\t\t\t\t<div class=\"elementor-element elementor-element-f40e57a elementor-widget elementor-widget-heading\" data-id=\"f40e57a\" data-element_type=\"widget\" data-e-type=\"widget\" data-widget_type=\"heading.default\">\n\t\t\t\t<div class=\"elementor-widget-container\">\n\t\t\t\t\t<h4 class=\"elementor-heading-title elementor-size-default\">\u00a1Gracias por tu compra!<\/h4>\t\t\t\t<\/div>\n\t\t\t\t<\/div>\n\t\t\t\t<div class=\"elementor-element elementor-element-6e9d6d22 elementor-widget elementor-widget-text-editor\" data-id=\"6e9d6d22\" data-element_type=\"widget\" data-e-type=\"widget\" data-widget_type=\"text-editor.default\">\n\t\t\t\t<div class=\"elementor-widget-container\">\n\t\t\t\t\t\t\t\t\t<p>Recibir\u00e1s un correo con el enlace de descarga de tu producto. Sino lo recibes, por favor comun\u00edcate a <a href=\"mailto:soporte@lorenanoesdieta.com\">soporte@lorenanoesdieta.com<\/a>&nbsp;y env\u00edanos el detalle de tu pago.<\/p>\t\t\t\t\t\t\t\t<\/div>\n\t\t\t\t<\/div>\n\t\t\t\t<div class=\"elementor-element elementor-element-605c70d1 elementor-align-center elementor-widget elementor-widget-button\" data-id=\"605c70d1\" data-element_type=\"widget\" data-e-type=\"widget\" data-widget_type=\"button.default\">\n\t\t\t\t<div class=\"elementor-widget-container\">\n\t\t\t\t\t\t\t\t\t<div class=\"elementor-button-wrapper\">\n\t\t\t\t\t<a class=\"elementor-button elementor-button-link elementor-size-sm elementor-animation-grow\" href=\"\/en\/tienda\/\">\n\t\t\t\t\t\t<span class=\"elementor-button-content-wrapper\">\n\t\t\t\t\t\t\t\t\t<span class=\"elementor-button-text\">Visitar la Tienda<\/span>\n\t\t\t\t\t<\/span>\n\t\t\t\t\t<\/a>\n\t\t\t\t<\/div>\n\t\t\t\t\t\t\t\t<\/div>\n\t\t\t\t<\/div>\n\t\t\t\t\t<\/div>\n\t\t<\/div>\n\t\t\t\t\t<\/div>\n\t\t<\/section>\n\t\t\t\t<\/div>","protected":false},"excerpt":{"rendered":"<p>\u00a1Gracias por tu compra! Recibir\u00e1s un correo con el enlace de descarga de tu producto. Sino lo recibes, por favor comun\u00edcate a soporte@lorenanoesdieta.com&nbsp;y env\u00edanos el detalle de tu pago. Visitar la Tienda<\/p>","protected":false},"author":793,"featured_media":0,"parent":0,"menu_order":0,"comment_status":"closed","ping_status":"closed","template":"","meta":{"footnotes":""},"class_list":["post-2660","page","type-page","status-publish","hentry"],"_links":{"self":[{"href":"https:\/\/shop.noesdieta.com\/en\/wp-json\/wp\/v2\/pages\/2660","targetHints":{"allow":["GET"]}}],"collection":[{"href":"https:\/\/shop.noesdieta.com\/en\/wp-json\/wp\/v2\/pages"}],"about":[{"href":"https:\/\/shop.noesdieta.com\/en\/wp-json\/wp\/v2\/types\/page"}],"author":[{"embeddable":true,"href":"https:\/\/shop.noesdieta.com\/en\/wp-json\/wp\/v2\/users\/793"}],"replies":[{"embeddable":true,"href":"https:\/\/shop.noesdieta.com\/en\/wp-json\/wp\/v2\/comments?post=2660"}],"version-history":[{"count":6,"href":"https:\/\/shop.noesdieta.com\/en\/wp-json\/wp\/v2\/pages\/2660\/revisions"}],"predecessor-version":[{"id":2685,"href":"https:\/\/shop.noesdieta.com\/en\/wp-json\/wp\/v2\/pages\/2660\/revisions\/2685"}],"wp:attachment":[{"href":"https:\/\/shop.noesdieta.com\/en\/wp-json\/wp\/v2\/media?parent=2660"}],"curies":[{"name":"wp","href":"https:\/\/api.w.org\/{rel}","templated":true}]}}