{"id":3534,"date":"2020-11-24T16:16:08","date_gmt":"2020-11-24T16:16:08","guid":{"rendered":"http:\/\/rafaela38.sg-host.com\/?page_id=3534"},"modified":"2020-11-24T16:21:42","modified_gmt":"2020-11-24T16:21:42","slug":"politica-devolucion","status":"publish","type":"page","link":"https:\/\/shop.noesdieta.com\/en\/politica-devolucion\/","title":{"rendered":"Politica de devolucion"},"content":{"rendered":"<div data-elementor-type=\"wp-page\" data-elementor-id=\"3534\" class=\"elementor elementor-3534\" data-elementor-post-type=\"page\">\n\t\t\t\t\t\t<section class=\"elementor-section elementor-top-section elementor-element elementor-element-b3de179 elementor-section-boxed elementor-section-height-default elementor-section-height-default\" data-id=\"b3de179\" data-element_type=\"section\" data-e-type=\"section\">\n\t\t\t\t\t\t<div class=\"elementor-container elementor-column-gap-default\">\n\t\t\t\t\t<div class=\"elementor-column elementor-col-100 elementor-top-column elementor-element elementor-element-c1f2377\" data-id=\"c1f2377\" data-element_type=\"column\" data-e-type=\"column\">\n\t\t\t<div class=\"elementor-widget-wrap elementor-element-populated\">\n\t\t\t\t\t\t<div class=\"elementor-element elementor-element-1474a4c elementor-widget elementor-widget-heading\" data-id=\"1474a4c\" data-element_type=\"widget\" data-e-type=\"widget\" data-widget_type=\"heading.default\">\n\t\t\t\t<div class=\"elementor-widget-container\">\n\t\t\t\t\t<h2 class=\"elementor-heading-title elementor-size-default\">POL\u00cdTICA DE DEVOLUCI\u00d3N<\/h2>\t\t\t\t<\/div>\n\t\t\t\t<\/div>\n\t\t\t\t\t<\/div>\n\t\t<\/div>\n\t\t\t\t\t<\/div>\n\t\t<\/section>\n\t\t\t\t<section class=\"elementor-section elementor-top-section elementor-element elementor-element-6a0aee57 elementor-section-boxed elementor-section-height-default elementor-section-height-default\" data-id=\"6a0aee57\" data-element_type=\"section\" data-e-type=\"section\">\n\t\t\t\t\t\t<div class=\"elementor-container elementor-column-gap-default\">\n\t\t\t\t\t<div class=\"elementor-column elementor-col-100 elementor-top-column elementor-element elementor-element-e889e39\" data-id=\"e889e39\" data-element_type=\"column\" data-e-type=\"column\">\n\t\t\t<div class=\"elementor-widget-wrap elementor-element-populated\">\n\t\t\t\t\t\t<div class=\"elementor-element elementor-element-27a52789 elementor-widget elementor-widget-text-editor\" data-id=\"27a52789\" data-element_type=\"widget\" data-e-type=\"widget\" data-widget_type=\"text-editor.default\">\n\t\t\t\t<div class=\"elementor-widget-container\">\n\t\t\t\t\t\t\t\t\t<p class=\"p1\" style=\"margin: 0in;\"><span class=\"s1\"><span style=\"font-size: 13.0pt;\">Nuestra pol\u00edtica no considera reembolso, por desgracia no podemos ofrecer un reembolso o cambio.<\/span><\/span><\/p>\n<p class=\"p2\" style=\"margin: 0in; font-stretch: normal; min-height: 20.3px;\"><span style=\"font-size: 13.0pt;\">\u00a0<\/span><\/p>\n<p class=\"p1\" style=\"margin: 0in; font-stretch: normal;\"><span class=\"s1\"><span style=\"font-size: 13.0pt;\">Hay algunas situaciones donde solo se pueden garantizar reembolsos parciales:<\/span><\/span><\/p>\n<p class=\"p1\" style=\"margin: 0in; font-stretch: normal;\"><span class=\"s1\"><span style=\"font-size: 13.0pt;\">-No poder realizar el plan por alguna patolog\u00eda que no permita continuar.<\/span><\/span><\/p>\n<p class=\"p2\" style=\"margin: 0in; font-stretch: normal; min-height: 20.3px;\"><span style=\"font-size: 13.0pt;\">\u00a0<\/span><\/p>\n<p class=\"p1\" style=\"margin: 0in; font-stretch: normal;\"><span style=\"font-size: 18pt;\"><strong><span class=\"s1\">Reembolsos (donde aplique)<\/span><\/strong><\/span><\/p>\n<p class=\"p1\" style=\"margin: 0in; font-stretch: normal;\"><span class=\"s1\"><span style=\"font-size: 13.0pt;\">Una vez que tu devoluci\u00f3n es recibida e inspeccionada, env\u00edaremos un correo electr\u00f3nico para notificarte que hemos recibido tu devoluci\u00f3n. Tambi\u00e9n te notificaremos la aprobaci\u00f3n o rechazo de tu reembolso al ser previamente evaluado si tu condici\u00f3n patol\u00f3gica lo requiera.<\/span><\/span><\/p>\n<p class=\"p1\" style=\"margin: 0in; font-stretch: normal;\"><span class=\"s1\"><span style=\"font-size: 13.0pt;\">Si eres aprobado, entonces tu reembolso ser\u00e1 procesado y un cr\u00e9dito ser\u00e1 autom\u00e1ticamente aplicado a tu tarjeta de cr\u00e9dito o m\u00e9todo original de pago, en una cierta cantidad de d\u00edas, todo va a depender del banco de destino.<\/span><\/span><\/p>\n<p class=\"p2\" style=\"margin: 0in; font-stretch: normal; min-height: 20.3px;\"><span style=\"font-size: 13.0pt;\">\u00a0<\/span><\/p>\n<p class=\"p1\" style=\"margin: 0in; font-stretch: normal;\"><span style=\"font-size: 18pt;\"><strong><span class=\"s1\">Reembolsos tard\u00edos o perdidos (donde aplique)<\/span><\/strong><\/span><\/p>\n<p class=\"p1\" style=\"margin: 0in; font-stretch: normal;\"><span class=\"s1\"><span style=\"font-size: 13.0pt;\">Si a\u00fan no has recibido tu reembolso, por favor chequea tu cuenta bancaria otra vez.<\/span><\/span><\/p>\n<p class=\"p1\" style=\"margin: 0in; font-stretch: normal;\"><span class=\"s1\"><span style=\"font-size: 13.0pt;\">Luego contacta a tu compa\u00f1\u00eda de tarjeta de cr\u00e9dito, puede tomar alg\u00fan tiempo antes de que tu reembolso se postee oficialmente.<\/span><\/span><\/p>\n<p class=\"p1\" style=\"margin: 0in; font-stretch: normal;\"><span class=\"s1\"><span style=\"font-size: 13.0pt;\">Pr\u00f3ximo paso, contacta a tu banco. A menudo pasa cierto tiempo antes de que tu reembolso se postee.<\/span><\/span><\/p>\n<p class=\"p1\" style=\"margin: 0in; font-stretch: normal;\"><span class=\"s1\"><span style=\"font-size: 13.0pt;\">Si has seguido todos estos pasos y a\u00fan no haz recibido el reembolso, por favor cont\u00e1ctanos a <a href=\"mailto:Lorena@noesdieta.com\">lorena@noesdieta.com<\/a>.<\/span><\/span><\/p>\n<p class=\"p2\" style=\"margin: 0in; font-stretch: normal; min-height: 20.3px;\"><span style=\"font-size: 13.0pt;\">\u00a0<\/span><\/p>\n<p class=\"p1\" style=\"margin: 0in; font-stretch: normal;\"><span class=\"s1\" style=\"font-size: 18pt;\"><b>Art\u00edculos en oferta (donde aplique)<\/b><\/span><\/p>\n<p class=\"p1\" style=\"margin: 0in; font-stretch: normal;\"><span class=\"s1\"><span style=\"font-size: 13.0pt;\">Solo los art\u00edculos a precio regular ser\u00e1n reembolsados, desafortunadamente los productos en oferta no pueden ser refundados.<\/span><\/span><\/p>\n<p class=\"p2\" style=\"margin: 0in; font-stretch: normal; min-height: 20.3px;\"><span style=\"font-size: 13.0pt;\">\u00a0<\/span><\/p>\n<p class=\"p1\" style=\"margin: 0in; font-stretch: normal;\"><span style=\"font-size: 18pt;\"><strong><span class=\"s1\">Intercambios (donde aplique)<\/span><\/strong><\/span><\/p>\n<p class=\"p1\" style=\"margin: 0in; font-stretch: normal;\"><span class=\"s1\"><span style=\"font-size: 13.0pt;\">Solo reemplazamos art\u00edculos que est\u00e9n defectuosos o da\u00f1ados. Si necesitas cambiarlo por el mismo art\u00edculo, env\u00edanos un correo electr\u00f3nico a <a href=\"mailto:Lorena@noesdieta.com\">Lorena@noesdieta.com<\/a> y env\u00eda el art\u00edculo a:<\/span><\/span><\/p>\n<p class=\"p2\" style=\"margin: 0in; font-stretch: normal; min-height: 20.3px;\"><span style=\"font-size: 13.0pt;\">\u00a0<\/span><\/p>\n<p class=\"p1\" style=\"margin: 0in; font-stretch: normal;\"><span style=\"font-size: 18pt;\"><strong><span class=\"s1\">Regalos<\/span><\/strong><\/span><\/p>\n<p class=\"p1\" style=\"margin: 0in; font-stretch: normal;\"><span class=\"s1\"><span style=\"font-size: 13.0pt;\">Si el art\u00edculo fue marcado como regalo cuando fue comprado y env\u00edado directamente a ti, solo la persona que compr\u00f3 el art\u00edculo puede enviar un correo a <a href=\"mailto:Lorena@noesdieta.com\">Lorena@noesdieta.com<\/a> para notificar su descontento, sin embargo, se evaluar\u00e1 el caso adheridos a la politicas de reembolso.<\/span><\/span><\/p>\n<p class=\"p2\" style=\"margin: 0in; font-stretch: normal; min-height: 20.3px;\"><span style=\"font-size: 13.0pt;\">\u00a0<\/span><\/p>\n<p class=\"p1\" style=\"margin: 0in; font-stretch: normal;\"><span style=\"font-size: 18pt;\"><strong><span class=\"s1\">Env\u00edo<\/span><\/strong><\/span><\/p>\n<p class=\"p1\" style=\"margin: 0in; font-stretch: normal;\"><span class=\"s1\"><span style=\"font-size: 13.0pt;\">Para devolver tu producto, debes enviarlos a:<\/span><\/span><\/p>\n<p class=\"p2\" style=\"margin: 0in; font-stretch: normal; min-height: 20.3px;\"><span style=\"font-size: 13.0pt;\">\u00a0<\/span><\/p>\n<p class=\"p1\" style=\"margin: 0in; font-stretch: normal;\"><span class=\"s1\"><span style=\"font-size: 13.0pt;\">Ser\u00e1s reponsable por el pagos de los costos de env\u00edo para el retorno del art\u00edculo. Los costos de env\u00edo no son reembolsables. Si recibes un reembolso, el costo del env\u00edo de la devoluci\u00f3n ser\u00e1 deducido de tu reembolso.<\/span><\/span><\/p>\n<p class=\"p2\" style=\"margin: 0in; font-stretch: normal; min-height: 20.3px;\"><span style=\"font-size: 13.0pt;\">\u00a0<\/span><\/p>\n<p class=\"p1\" style=\"margin: 0in; font-stretch: normal;\"><span class=\"s1\"><span style=\"font-size: 13.0pt;\">Dependiendo de d\u00f3nde vivas, el tiempo que tome recibir el producto intercambiado, puede variar.<\/span><\/span><\/p>\n<p class=\"p2\" style=\"margin: 0in; font-stretch: normal; min-height: 20.3px;\"><span style=\"font-size: 13.0pt;\">\u00a0<\/span><\/p>\n<p class=\"p1\" style=\"margin: 0in; font-stretch: normal;\"><span class=\"s1\"><span style=\"font-size: 13.0pt;\">Las gu\u00edas o planes nutricionales f\u00edsicas y digitales no son reembolsables, si se requiere seg\u00fan es el caso al evaluarlo, se aplicara un reembolso del 30% ya que son productos digitales y los mismos contienen un trabajo previo el cual no aplica para ser reembolsable en su totalidad.<\/span><\/span><\/p>\n<p class=\"p2\" style=\"margin: 0in; font-stretch: normal; min-height: 20.3px;\"><span style=\"font-size: 13.0pt;\">\u00a0<\/span><\/p>\n<p class=\"p1\" style=\"margin: 0in; font-stretch: normal;\"><span class=\"s1\"><span style=\"font-size: 13.0pt;\">Si tiene alguna duda o problema, puede escribir a <a href=\"mailto:Lorena@noesdieta.com\">Lorena@noesdieta.com<\/a><\/span><\/span><\/p>\t\t\t\t\t\t\t\t<\/div>\n\t\t\t\t<\/div>\n\t\t\t\t\t<\/div>\n\t\t<\/div>\n\t\t\t\t\t<\/div>\n\t\t<\/section>\n\t\t\t\t<section class=\"elementor-section elementor-top-section elementor-element elementor-element-b5adfc0 elementor-section-boxed elementor-section-height-default elementor-section-height-default\" data-id=\"b5adfc0\" data-element_type=\"section\" data-e-type=\"section\">\n\t\t\t\t\t\t<div class=\"elementor-container elementor-column-gap-default\">\n\t\t\t\t\t<div class=\"elementor-column elementor-col-100 elementor-top-column elementor-element elementor-element-cd4e0cf\" data-id=\"cd4e0cf\" data-element_type=\"column\" data-e-type=\"column\">\n\t\t\t<div class=\"elementor-widget-wrap\">\n\t\t\t\t\t\t\t<\/div>\n\t\t<\/div>\n\t\t\t\t\t<\/div>\n\t\t<\/section>\n\t\t\t\t<\/div>","protected":false},"excerpt":{"rendered":"<p>POL\u00cdTICA DE DEVOLUCI\u00d3N Nuestra pol\u00edtica no considera reembolso, por desgracia no podemos ofrecer un reembolso o cambio. Hay algunas situaciones donde solo se pueden garantizar reembolsos parciales: -No poder realizar el plan por alguna patolog\u00eda que no permita continuar. Reembolsos (donde aplique) Una vez que tu devoluci\u00f3n es recibida e inspeccionada, env\u00edaremos un correo electr\u00f3nico [&hellip;]<\/p>\n","protected":false},"author":793,"featured_media":0,"parent":0,"menu_order":9,"comment_status":"closed","ping_status":"closed","template":"","meta":{"footnotes":""},"class_list":["post-3534","page","type-page","status-publish","hentry"],"_links":{"self":[{"href":"https:\/\/shop.noesdieta.com\/en\/wp-json\/wp\/v2\/pages\/3534","targetHints":{"allow":["GET"]}}],"collection":[{"href":"https:\/\/shop.noesdieta.com\/en\/wp-json\/wp\/v2\/pages"}],"about":[{"href":"https:\/\/shop.noesdieta.com\/en\/wp-json\/wp\/v2\/types\/page"}],"author":[{"embeddable":true,"href":"https:\/\/shop.noesdieta.com\/en\/wp-json\/wp\/v2\/users\/793"}],"replies":[{"embeddable":true,"href":"https:\/\/shop.noesdieta.com\/en\/wp-json\/wp\/v2\/comments?post=3534"}],"version-history":[{"count":7,"href":"https:\/\/shop.noesdieta.com\/en\/wp-json\/wp\/v2\/pages\/3534\/revisions"}],"predecessor-version":[{"id":3541,"href":"https:\/\/shop.noesdieta.com\/en\/wp-json\/wp\/v2\/pages\/3534\/revisions\/3541"}],"wp:attachment":[{"href":"https:\/\/shop.noesdieta.com\/en\/wp-json\/wp\/v2\/media?parent=3534"}],"curies":[{"name":"wp","href":"https:\/\/api.w.org\/{rel}","templated":true}]}}