{"id":4670,"date":"2021-02-16T22:07:31","date_gmt":"2021-02-16T22:07:31","guid":{"rendered":"http:\/\/lorenanoesdieta.co\/?page_id=4670"},"modified":"2023-01-11T23:05:58","modified_gmt":"2023-01-11T23:05:58","slug":"reto-detox-2021-noesdieta","status":"publish","type":"page","link":"https:\/\/shop.noesdieta.com\/en\/lp\/reto-detox-2021-noesdieta\/","title":{"rendered":"Reto Detox 2021 | No Es Dieta by Lorena Far\u00edas"},"content":{"rendered":"<div data-elementor-type=\"wp-page\" data-elementor-id=\"4670\" class=\"elementor elementor-4670\" data-elementor-post-type=\"page\">\n\t\t\t\t\t\t<section class=\"elementor-section elementor-top-section elementor-element elementor-element-05ae821 elementor-section-height-full elementor-section-boxed elementor-section-height-default elementor-section-items-middle\" data-id=\"05ae821\" data-element_type=\"section\" data-e-type=\"section\">\n\t\t\t\t\t\t<div class=\"elementor-container elementor-column-gap-default\">\n\t\t\t\t\t<div class=\"elementor-column elementor-col-100 elementor-top-column elementor-element elementor-element-f1eeb13\" data-id=\"f1eeb13\" data-element_type=\"column\" data-e-type=\"column\">\n\t\t\t<div class=\"elementor-widget-wrap elementor-element-populated\">\n\t\t\t\t\t\t<div class=\"elementor-element elementor-element-ad44cd5 elementor-widget elementor-widget-image\" data-id=\"ad44cd5\" data-element_type=\"widget\" data-e-type=\"widget\" data-widget_type=\"image.default\">\n\t\t\t\t<div class=\"elementor-widget-container\">\n\t\t\t\t\t\t\t\t\t\t\t\t\t\t\t<img fetchpriority=\"high\" decoding=\"async\" width=\"350\" height=\"245\" src=\"https:\/\/shop.noesdieta.com\/wp-content\/uploads\/2020\/11\/logo-noesdieta-2020-350.png\" class=\"attachment-large size-large wp-image-3658\" alt=\"\" srcset=\"https:\/\/shop.noesdieta.com\/wp-content\/uploads\/2020\/11\/logo-noesdieta-2020-350.png 350w, https:\/\/shop.noesdieta.com\/wp-content\/uploads\/2020\/11\/logo-noesdieta-2020-350-300x210.png 300w\" sizes=\"(max-width: 350px) 100vw, 350px\" \/>\t\t\t\t\t\t\t\t\t\t\t\t\t\t\t<\/div>\n\t\t\t\t<\/div>\n\t\t\t\t<div class=\"elementor-element elementor-element-131c20c elementor-widget elementor-widget-spacer\" data-id=\"131c20c\" data-element_type=\"widget\" data-e-type=\"widget\" data-widget_type=\"spacer.default\">\n\t\t\t\t<div class=\"elementor-widget-container\">\n\t\t\t\t\t\t\t<div class=\"elementor-spacer\">\n\t\t\t<div class=\"elementor-spacer-inner\"><\/div>\n\t\t<\/div>\n\t\t\t\t\t\t<\/div>\n\t\t\t\t<\/div>\n\t\t\t\t<div class=\"elementor-element elementor-element-b5cd8f1 elementor-widget elementor-widget-heading\" data-id=\"b5cd8f1\" data-element_type=\"widget\" data-e-type=\"widget\" data-widget_type=\"heading.default\">\n\t\t\t\t<div class=\"elementor-widget-container\">\n\t\t\t\t\t<h2 class=\"elementor-heading-title elementor-size-default\">Reto Detox 2021 + Mi nueva gu\u00eda:<br> \nEl poder de los antioxidantes <\/h2>\t\t\t\t<\/div>\n\t\t\t\t<\/div>\n\t\t\t\t<div class=\"elementor-element elementor-element-0e5a93b elementor-widget elementor-widget-heading\" data-id=\"0e5a93b\" data-element_type=\"widget\" data-e-type=\"widget\" data-widget_type=\"heading.default\">\n\t\t\t\t<div class=\"elementor-widget-container\">\n\t\t\t\t\t<h4 class=\"elementor-heading-title elementor-size-default\">Antes de continuar por favor selecciona una opci\u00f3n<\/h4>\t\t\t\t<\/div>\n\t\t\t\t<\/div>\n\t\t\t\t<div class=\"elementor-element elementor-element-4e346d1 elementor-widget elementor-widget-heading\" data-id=\"4e346d1\" data-element_type=\"widget\" data-e-type=\"widget\" data-widget_type=\"heading.default\">\n\t\t\t\t<div class=\"elementor-widget-container\">\n\t\t\t\t\t<h4 class=\"elementor-heading-title elementor-size-default\">* Es importante seleccionar tu ubicaci\u00f3n correcta<\/h4>\t\t\t\t<\/div>\n\t\t\t\t<\/div>\n\t\t\t\t<div class=\"elementor-element elementor-element-da3cb54 elementor-mobile-align-justify elementor-widget__width-auto elementor-widget-mobile__width-inherit elementor-widget elementor-widget-button\" data-id=\"da3cb54\" data-element_type=\"widget\" data-e-type=\"widget\" data-widget_type=\"button.default\">\n\t\t\t\t<div class=\"elementor-widget-container\">\n\t\t\t\t\t\t\t\t\t<div class=\"elementor-button-wrapper\">\n\t\t\t\t\t<a class=\"elementor-button elementor-button-link elementor-size-sm elementor-animation-grow\" href=\"\/en\/reto-detox-2021-usa-noesdieta\/\">\n\t\t\t\t\t\t<span class=\"elementor-button-content-wrapper\">\n\t\t\t\t\t\t<span class=\"elementor-button-icon\">\n\t\t\t\t<svg xmlns=\"http:\/\/www.w3.org\/2000\/svg\" xmlns:xlink=\"http:\/\/www.w3.org\/1999\/xlink\" id=\"Capa_1\" x=\"0px\" y=\"0px\" viewbox=\"0 0 512 512\" style=\"enable-background:new 0 0 512 512;\" xml:space=\"preserve\"><rect y=\"85.331\" style=\"fill:#F0F0F0;\" width=\"512\" height=\"341.337\"><\/rect><g>\t<rect y=\"127.994\" style=\"fill:#D80027;\" width=\"512\" height=\"42.663\"><\/rect>\t<rect y=\"213.331\" style=\"fill:#D80027;\" width=\"512\" height=\"42.663\"><\/rect>\t<rect y=\"298.657\" style=\"fill:#D80027;\" width=\"512\" height=\"42.663\"><\/rect>\t<rect y=\"383.994\" style=\"fill:#D80027;\" width=\"512\" height=\"42.663\"><\/rect><\/g><rect y=\"85.331\" style=\"fill:#2E52B2;\" width=\"256\" height=\"183.797\"><\/rect><g>\t<polygon style=\"fill:#F0F0F0;\" points=\"99.822,160.624 95.699,173.308 82.363,173.308 93.154,181.143 89.031,193.826    99.822,185.991 110.606,193.826 106.484,181.143 117.275,173.308 103.938,173.308  \"><\/polygon>\t<polygon style=\"fill:#F0F0F0;\" points=\"103.938,219.08 99.822,206.397 95.699,219.08 82.363,219.08 93.154,226.916 89.031,239.599    99.822,231.763 110.606,239.599 106.484,226.916 117.275,219.08  \"><\/polygon>\t<polygon style=\"fill:#F0F0F0;\" points=\"47.577,219.08 43.46,206.397 39.337,219.08 26.001,219.08 36.792,226.916 32.669,239.599    43.46,231.763 54.245,239.599 50.123,226.916 60.912,219.08  \"><\/polygon>\t<polygon style=\"fill:#F0F0F0;\" points=\"43.46,160.624 39.337,173.308 26.001,173.308 36.792,181.143 32.669,193.826 43.46,185.991    54.245,193.826 50.123,181.143 60.912,173.308 47.577,173.308  \"><\/polygon>\t<polygon style=\"fill:#F0F0F0;\" points=\"99.822,114.85 95.699,127.535 82.363,127.535 93.154,135.371 89.031,148.054    99.822,140.218 110.606,148.054 106.484,135.371 117.275,127.535 103.938,127.535  \"><\/polygon>\t<polygon style=\"fill:#F0F0F0;\" points=\"43.46,114.85 39.337,127.535 26.001,127.535 36.792,135.371 32.669,148.054 43.46,140.218    54.245,148.054 50.123,135.371 60.912,127.535 47.577,127.535  \"><\/polygon>\t<polygon style=\"fill:#F0F0F0;\" points=\"156.183,160.624 152.061,173.308 138.725,173.308 149.515,181.143 145.394,193.826    156.183,185.991 166.969,193.826 162.846,181.143 173.637,173.308 160.301,173.308  \"><\/polygon>\t<polygon style=\"fill:#F0F0F0;\" points=\"160.301,219.08 156.183,206.397 152.061,219.08 138.725,219.08 149.515,226.916    145.394,239.599 156.183,231.763 166.969,239.599 162.846,226.916 173.637,219.08  \"><\/polygon>\t<polygon style=\"fill:#F0F0F0;\" points=\"216.663,219.08 212.546,206.397 208.423,219.08 195.088,219.08 205.877,226.916    201.755,239.599 212.546,231.763 223.331,239.599 219.208,226.916 229.999,219.08  \"><\/polygon>\t<polygon style=\"fill:#F0F0F0;\" points=\"212.546,160.624 208.423,173.308 195.088,173.308 205.877,181.143 201.755,193.826    212.546,185.991 223.331,193.826 219.208,181.143 229.999,173.308 216.663,173.308  \"><\/polygon>\t<polygon style=\"fill:#F0F0F0;\" points=\"156.183,114.85 152.061,127.535 138.725,127.535 149.515,135.371 145.394,148.054    156.183,140.218 166.969,148.054 162.846,135.371 173.637,127.535 160.301,127.535  \"><\/polygon>\t<polygon style=\"fill:#F0F0F0;\" points=\"212.546,114.85 208.423,127.535 195.088,127.535 205.877,135.371 201.755,148.054    212.546,140.218 223.331,148.054 219.208,135.371 229.999,127.535 216.663,127.535  \"><\/polygon><\/g><g><\/g><g><\/g><g><\/g><g><\/g><g><\/g><g><\/g><g><\/g><g><\/g><g><\/g><g><\/g><g><\/g><g><\/g><g><\/g><g><\/g><g><\/g><\/svg>\t\t\t<\/span>\n\t\t\t\t\t\t\t\t\t<span class=\"elementor-button-text\">Vivo en Estados Unidos<\/span>\n\t\t\t\t\t<\/span>\n\t\t\t\t\t<\/a>\n\t\t\t\t<\/div>\n\t\t\t\t\t\t\t\t<\/div>\n\t\t\t\t<\/div>\n\t\t\t\t<div class=\"elementor-element elementor-element-e30b189 elementor-mobile-align-justify elementor-widget__width-auto elementor-widget-mobile__width-inherit elementor-widget elementor-widget-button\" data-id=\"e30b189\" data-element_type=\"widget\" data-e-type=\"widget\" data-widget_type=\"button.default\">\n\t\t\t\t<div class=\"elementor-widget-container\">\n\t\t\t\t\t\t\t\t\t<div class=\"elementor-button-wrapper\">\n\t\t\t\t\t<a class=\"elementor-button elementor-button-link elementor-size-sm elementor-animation-grow\" href=\"\/en\/reto-detox-2021-latam-noesdieta\/\">\n\t\t\t\t\t\t<span class=\"elementor-button-content-wrapper\">\n\t\t\t\t\t\t\t\t\t<span class=\"elementor-button-text\">Vivo fuera de Estados Unidos<\/span>\n\t\t\t\t\t<\/span>\n\t\t\t\t\t<\/a>\n\t\t\t\t<\/div>\n\t\t\t\t\t\t\t\t<\/div>\n\t\t\t\t<\/div>\n\t\t\t\t\t<\/div>\n\t\t<\/div>\n\t\t\t\t\t<\/div>\n\t\t<\/section>\n\t\t\t\t<\/div>","protected":false},"excerpt":{"rendered":"<p>Reto Detox 2021 + Mi nueva gu\u00eda: El poder de los antioxidantes Antes de continuar por favor selecciona una opci\u00f3n * Es importante seleccionar tu ubicaci\u00f3n correcta Vivo en Estados Unidos Vivo fuera de Estados Unidos<\/p>","protected":false},"author":793,"featured_media":0,"parent":7398,"menu_order":0,"comment_status":"closed","ping_status":"closed","template":"elementor_canvas","meta":{"footnotes":""},"class_list":["post-4670","page","type-page","status-publish","hentry"],"_links":{"self":[{"href":"https:\/\/shop.noesdieta.com\/en\/wp-json\/wp\/v2\/pages\/4670","targetHints":{"allow":["GET"]}}],"collection":[{"href":"https:\/\/shop.noesdieta.com\/en\/wp-json\/wp\/v2\/pages"}],"about":[{"href":"https:\/\/shop.noesdieta.com\/en\/wp-json\/wp\/v2\/types\/page"}],"author":[{"embeddable":true,"href":"https:\/\/shop.noesdieta.com\/en\/wp-json\/wp\/v2\/users\/793"}],"replies":[{"embeddable":true,"href":"https:\/\/shop.noesdieta.com\/en\/wp-json\/wp\/v2\/comments?post=4670"}],"version-history":[{"count":11,"href":"https:\/\/shop.noesdieta.com\/en\/wp-json\/wp\/v2\/pages\/4670\/revisions"}],"predecessor-version":[{"id":4713,"href":"https:\/\/shop.noesdieta.com\/en\/wp-json\/wp\/v2\/pages\/4670\/revisions\/4713"}],"up":[{"embeddable":true,"href":"https:\/\/shop.noesdieta.com\/en\/wp-json\/wp\/v2\/pages\/7398"}],"wp:attachment":[{"href":"https:\/\/shop.noesdieta.com\/en\/wp-json\/wp\/v2\/media?parent=4670"}],"curies":[{"name":"wp","href":"https:\/\/api.w.org\/{rel}","templated":true}]}}