{"id":61,"date":"2020-01-29T00:08:25","date_gmt":"2020-01-29T00:08:25","guid":{"rendered":"http:\/\/lorenanoesdieta.co\/?page_id=61"},"modified":"2020-09-04T12:25:17","modified_gmt":"2020-09-04T12:25:17","slug":"quien-soy-backup","status":"publish","type":"page","link":"https:\/\/shop.noesdieta.com\/en\/quien-soy-backup\/","title":{"rendered":"\u00bfQui\u00e9n Soy?-backup"},"content":{"rendered":"<div data-elementor-type=\"wp-page\" data-elementor-id=\"61\" class=\"elementor elementor-61\" data-elementor-post-type=\"page\">\n\t\t\t\t\t\t<section class=\"elementor-section elementor-top-section elementor-element elementor-element-255bf52 elementor-section-full_width elementor-section-height-default elementor-section-height-default\" data-id=\"255bf52\" data-element_type=\"section\" data-e-type=\"section\">\n\t\t\t\t\t\t<div class=\"elementor-container elementor-column-gap-default\">\n\t\t\t\t\t<div class=\"elementor-column elementor-col-50 elementor-top-column elementor-element elementor-element-8cad03b\" data-id=\"8cad03b\" data-element_type=\"column\" data-e-type=\"column\" data-settings=\"{&quot;background_background&quot;:&quot;classic&quot;}\">\n\t\t\t<div class=\"elementor-widget-wrap elementor-element-populated\">\n\t\t\t\t\t\t<div class=\"elementor-element elementor-element-9d63606 elementor-widget elementor-widget-spacer\" data-id=\"9d63606\" data-element_type=\"widget\" data-e-type=\"widget\" data-widget_type=\"spacer.default\">\n\t\t\t\t<div class=\"elementor-widget-container\">\n\t\t\t\t\t\t\t<div class=\"elementor-spacer\">\n\t\t\t<div class=\"elementor-spacer-inner\"><\/div>\n\t\t<\/div>\n\t\t\t\t\t\t<\/div>\n\t\t\t\t<\/div>\n\t\t\t\t\t<\/div>\n\t\t<\/div>\n\t\t\t\t<div class=\"elementor-column elementor-col-50 elementor-top-column elementor-element elementor-element-8dd3853\" data-id=\"8dd3853\" data-element_type=\"column\" data-e-type=\"column\" data-settings=\"{&quot;background_background&quot;:&quot;classic&quot;}\">\n\t\t\t<div class=\"elementor-widget-wrap elementor-element-populated\">\n\t\t\t\t\t\t<div class=\"elementor-element elementor-element-07a398e elementor-widget elementor-widget-heading\" data-id=\"07a398e\" data-element_type=\"widget\" data-e-type=\"widget\" data-widget_type=\"heading.default\">\n\t\t\t\t<div class=\"elementor-widget-container\">\n\t\t\t\t\t<h2 class=\"elementor-heading-title elementor-size-default\">Who I am?<\/h2>\t\t\t\t<\/div>\n\t\t\t\t<\/div>\n\t\t\t\t<div class=\"elementor-element elementor-element-e5c1edf elementor-widget elementor-widget-text-editor\" data-id=\"e5c1edf\" data-element_type=\"widget\" data-e-type=\"widget\" data-widget_type=\"text-editor.default\">\n\t\t\t\t<div class=\"elementor-widget-container\">\n\t\t\t\t\t\t\t\t\tHello! My name is <span class=\"text-green\"><b> Lorena Farias<\/b><\/span>, in 2006 I started my career in the <strong>School of Medicine at the School of Nutrition and Dietetics at the Universidad Central de Venezuela<\/strong>, which I left until the 7th semester when I applied to <strong>Florida International University (FIU)<\/strong> para una beca que luego me fu otorgada. Continu\u00e9 mis estudios en el 2009 en la FIU y consigo graduarme 2 a\u00f1os despu\u00e9s.\n\n\nComenc\u00e9 a trabajar en el \u00e1rea de nutrici\u00f3n para distintas compa\u00f1\u00edas de servicios y hospitales, pero mi motivaci\u00f3n y pasi\u00f3n no se encontraban en esos lugares. As\u00ed que en el 2013 decido registrar mi marca en USA llamada <span class=\"text-green\"><b>No Es Dieta<\/b><\/span>, which, today, is what gives all the meaning and reason to my work.\t\t\t\t\t\t\t\t<\/div>\n\t\t\t\t<\/div>\n\t\t\t\t\t<\/div>\n\t\t<\/div>\n\t\t\t\t\t<\/div>\n\t\t<\/section>\n\t\t\t\t<section class=\"elementor-section elementor-top-section elementor-element elementor-element-2bf59f7 elementor-section-full_width elementor-reverse-mobile elementor-section-height-default elementor-section-height-default\" data-id=\"2bf59f7\" data-element_type=\"section\" data-e-type=\"section\">\n\t\t\t\t\t\t<div class=\"elementor-container elementor-column-gap-default\">\n\t\t\t\t\t<div class=\"elementor-column elementor-col-50 elementor-top-column elementor-element elementor-element-d0803fc\" data-id=\"d0803fc\" data-element_type=\"column\" data-e-type=\"column\" data-settings=\"{&quot;background_background&quot;:&quot;classic&quot;}\">\n\t\t\t<div class=\"elementor-widget-wrap elementor-element-populated\">\n\t\t\t\t\t\t<div class=\"elementor-element elementor-element-9d41e8a elementor-widget elementor-widget-text-editor\" data-id=\"9d41e8a\" data-element_type=\"widget\" data-e-type=\"widget\" data-widget_type=\"text-editor.default\">\n\t\t\t\t<div class=\"elementor-widget-container\">\n\t\t\t\t\t\t\t\t\t<p>Currently, <strong>I am a mother of three, two boys (Mateo and Milan) and my third son, my company NoEsDieta<\/strong> that was born from my day to day experience with my patients, since they continuously informed me: \"Lorena, I am doing the perfect diet\" and I simply corrected them: <span class=\"text-green\"><b>\"It is not diet, it is your new way of eating\".<\/b><\/span><\/p><p>Besides being the writer of \"<strong><a href=\"https:\/\/shop.noesdieta.com\/en\/product\/cuenta-nutrientes-no-cuentes-calorias-version-digital\/\">Count nutrients, don't count calories<\/a><\/strong>\", I also have a book on breastfeeding and motherhood, from before conception to the growth of the baby, where I give you all the advice you need; called \"<strong><a href=\"https:\/\/shop.noesdieta.com\/en\/product\/voy-a-tener-un-aguacate-y-ahora-que-by-lorena-farias\/\">I'm going to have an avocado! What now?<\/a><\/strong>\u201d.<\/p><p>My main purpose is to help as many people as possible to have a healthier and happier life that is why I have given more than 15 lectures and talks worldwide.<\/p>\t\t\t\t\t\t\t\t<\/div>\n\t\t\t\t<\/div>\n\t\t\t\t\t<\/div>\n\t\t<\/div>\n\t\t\t\t<div class=\"elementor-column elementor-col-50 elementor-top-column elementor-element elementor-element-1b3e729\" data-id=\"1b3e729\" data-element_type=\"column\" data-e-type=\"column\" data-settings=\"{&quot;background_background&quot;:&quot;classic&quot;}\">\n\t\t\t<div class=\"elementor-widget-wrap elementor-element-populated\">\n\t\t\t\t\t\t<div class=\"elementor-element elementor-element-2f02543 elementor-widget elementor-widget-spacer\" data-id=\"2f02543\" data-element_type=\"widget\" data-e-type=\"widget\" data-widget_type=\"spacer.default\">\n\t\t\t\t<div class=\"elementor-widget-container\">\n\t\t\t\t\t\t\t<div class=\"elementor-spacer\">\n\t\t\t<div class=\"elementor-spacer-inner\"><\/div>\n\t\t<\/div>\n\t\t\t\t\t\t<\/div>\n\t\t\t\t<\/div>\n\t\t\t\t\t<\/div>\n\t\t<\/div>\n\t\t\t\t\t<\/div>\n\t\t<\/section>\n\t\t\t\t<\/div>","protected":false},"excerpt":{"rendered":"<p>\u00bfQui\u00e9n soy? \u00a1Hola! Mi nombre es Lorena Farias, en el 2006 empec\u00e9 mi carrera en la Facultad de Medicina en la Escuela de Nutrici\u00f3n y Diet\u00e9tica de la Universidad Central de Venezuela, la cual dej\u00e9 hasta el 7mo semestre cuando apliqu\u00e9 a la Universidad Internacional de Florida (FIU) para una beca que luego me fu [&hellip;]<\/p>\n","protected":false},"author":793,"featured_media":0,"parent":0,"menu_order":2,"comment_status":"closed","ping_status":"closed","template":"","meta":{"footnotes":""},"class_list":["post-61","page","type-page","status-publish","hentry"],"_links":{"self":[{"href":"https:\/\/shop.noesdieta.com\/en\/wp-json\/wp\/v2\/pages\/61","targetHints":{"allow":["GET"]}}],"collection":[{"href":"https:\/\/shop.noesdieta.com\/en\/wp-json\/wp\/v2\/pages"}],"about":[{"href":"https:\/\/shop.noesdieta.com\/en\/wp-json\/wp\/v2\/types\/page"}],"author":[{"embeddable":true,"href":"https:\/\/shop.noesdieta.com\/en\/wp-json\/wp\/v2\/users\/793"}],"replies":[{"embeddable":true,"href":"https:\/\/shop.noesdieta.com\/en\/wp-json\/wp\/v2\/comments?post=61"}],"version-history":[{"count":16,"href":"https:\/\/shop.noesdieta.com\/en\/wp-json\/wp\/v2\/pages\/61\/revisions"}],"predecessor-version":[{"id":1864,"href":"https:\/\/shop.noesdieta.com\/en\/wp-json\/wp\/v2\/pages\/61\/revisions\/1864"}],"wp:attachment":[{"href":"https:\/\/shop.noesdieta.com\/en\/wp-json\/wp\/v2\/media?parent=61"}],"curies":[{"name":"wp","href":"https:\/\/api.w.org\/{rel}","templated":true}]}}