{"id":7291,"date":"2022-02-07T17:01:22","date_gmt":"2022-02-07T17:01:22","guid":{"rendered":"https:\/\/lorenanoesdieta.co\/?page_id=7291"},"modified":"2022-02-07T17:41:54","modified_gmt":"2022-02-07T17:41:54","slug":"mama-de-dos","status":"publish","type":"page","link":"https:\/\/shop.noesdieta.com\/en\/mama-de-dos\/","title":{"rendered":"Mama de Dos"},"content":{"rendered":"<div data-elementor-type=\"wp-page\" data-elementor-id=\"7291\" class=\"elementor elementor-7291\" data-elementor-post-type=\"page\">\n\t\t\t\t\t\t<section class=\"elementor-section elementor-top-section elementor-element elementor-element-4d5a9aa elementor-section-boxed elementor-section-height-default elementor-section-height-default\" data-id=\"4d5a9aa\" data-element_type=\"section\" data-e-type=\"section\" data-settings=\"{&quot;background_background&quot;:&quot;classic&quot;}\">\n\t\t\t\t\t\t<div class=\"elementor-container elementor-column-gap-default\">\n\t\t\t\t\t<div class=\"elementor-column elementor-col-100 elementor-top-column elementor-element elementor-element-d67d7e2\" data-id=\"d67d7e2\" data-element_type=\"column\" data-e-type=\"column\">\n\t\t\t<div class=\"elementor-widget-wrap elementor-element-populated\">\n\t\t\t\t\t\t<div class=\"elementor-element elementor-element-ffde094 elementor-widget elementor-widget-theme-site-logo elementor-widget-image\" data-id=\"ffde094\" data-element_type=\"widget\" data-e-type=\"widget\" data-widget_type=\"theme-site-logo.default\">\n\t\t\t\t<div class=\"elementor-widget-container\">\n\t\t\t\t\t\t\t\t\t\t\t<a href=\"https:\/\/shop.noesdieta.com\/en\">\n\t\t\t<img fetchpriority=\"high\" decoding=\"async\" width=\"500\" height=\"219\" src=\"https:\/\/shop.noesdieta.com\/wp-content\/uploads\/2020\/03\/NoEsDieta-Logonew1.png\" class=\"attachment-medium_large size-medium_large wp-image-12955\" alt=\"\" srcset=\"https:\/\/shop.noesdieta.com\/wp-content\/uploads\/2020\/03\/NoEsDieta-Logonew1.png 500w, https:\/\/shop.noesdieta.com\/wp-content\/uploads\/2020\/03\/NoEsDieta-Logonew1-300x131.png 300w\" sizes=\"(max-width: 500px) 100vw, 500px\" \/>\t\t\t\t<\/a>\n\t\t\t\t\t\t\t\t\t\t\t<\/div>\n\t\t\t\t<\/div>\n\t\t\t\t\t<\/div>\n\t\t<\/div>\n\t\t\t\t\t<\/div>\n\t\t<\/section>\n\t\t\t\t<section class=\"elementor-section elementor-top-section elementor-element elementor-element-f4e5d27 elementor-section-boxed elementor-section-height-default elementor-section-height-default\" data-id=\"f4e5d27\" data-element_type=\"section\" data-e-type=\"section\">\n\t\t\t\t\t\t<div class=\"elementor-container elementor-column-gap-default\">\n\t\t\t\t\t<div class=\"elementor-column elementor-col-100 elementor-top-column elementor-element elementor-element-e9722f7\" data-id=\"e9722f7\" data-element_type=\"column\" data-e-type=\"column\">\n\t\t\t<div class=\"elementor-widget-wrap elementor-element-populated\">\n\t\t\t\t\t\t<div class=\"elementor-element elementor-element-e4273da elementor-hidden-mobile elementor-widget elementor-widget-image\" data-id=\"e4273da\" data-element_type=\"widget\" data-e-type=\"widget\" data-widget_type=\"image.default\">\n\t\t\t\t<div class=\"elementor-widget-container\">\n\t\t\t\t\t\t\t\t\t\t\t\t\t\t\t<img decoding=\"async\" src=\"https:\/\/shop.noesdieta.com\/wp-content\/uploads\/2022\/02\/MAMA-DE-DOS-LANDING3.jpg\" title=\"\" alt=\"\" loading=\"lazy\" \/>\t\t\t\t\t\t\t\t\t\t\t\t\t\t\t<\/div>\n\t\t\t\t<\/div>\n\t\t\t\t<div class=\"elementor-element elementor-element-15ef48b elementor-hidden-desktop elementor-hidden-tablet elementor-widget elementor-widget-image\" data-id=\"15ef48b\" data-element_type=\"widget\" data-e-type=\"widget\" data-widget_type=\"image.default\">\n\t\t\t\t<div class=\"elementor-widget-container\">\n\t\t\t\t\t\t\t\t\t\t\t\t\t\t\t<img decoding=\"async\" width=\"1080\" height=\"1000\" src=\"https:\/\/shop.noesdieta.com\/wp-content\/uploads\/2022\/02\/MAMA-DE-DOS-LANDING1.jpg\" class=\"attachment-full size-full wp-image-7294\" alt=\"\" srcset=\"https:\/\/shop.noesdieta.com\/wp-content\/uploads\/2022\/02\/MAMA-DE-DOS-LANDING1.jpg 1080w, https:\/\/shop.noesdieta.com\/wp-content\/uploads\/2022\/02\/MAMA-DE-DOS-LANDING1-300x278.jpg 300w, https:\/\/shop.noesdieta.com\/wp-content\/uploads\/2022\/02\/MAMA-DE-DOS-LANDING1-1024x948.jpg 1024w, https:\/\/shop.noesdieta.com\/wp-content\/uploads\/2022\/02\/MAMA-DE-DOS-LANDING1-768x711.jpg 768w, https:\/\/shop.noesdieta.com\/wp-content\/uploads\/2022\/02\/MAMA-DE-DOS-LANDING1-600x556.jpg 600w\" sizes=\"(max-width: 1080px) 100vw, 1080px\" \/>\t\t\t\t\t\t\t\t\t\t\t\t\t\t\t<\/div>\n\t\t\t\t<\/div>\n\t\t\t\t\t<\/div>\n\t\t<\/div>\n\t\t\t\t\t<\/div>\n\t\t<\/section>\n\t\t\t\t<section class=\"elementor-section elementor-top-section elementor-element elementor-element-eccb571 elementor-section-boxed elementor-section-height-default elementor-section-height-default\" data-id=\"eccb571\" data-element_type=\"section\" data-e-type=\"section\">\n\t\t\t\t\t\t<div class=\"elementor-container elementor-column-gap-default\">\n\t\t\t\t\t<div class=\"elementor-column elementor-col-100 elementor-top-column elementor-element elementor-element-7c456ee\" data-id=\"7c456ee\" data-element_type=\"column\" data-e-type=\"column\">\n\t\t\t<div class=\"elementor-widget-wrap elementor-element-populated\">\n\t\t\t\t\t\t<div class=\"elementor-element elementor-element-63fb83d elementor-widget elementor-widget-heading\" data-id=\"63fb83d\" data-element_type=\"widget\" data-e-type=\"widget\" data-widget_type=\"heading.default\">\n\t\t\t\t<div class=\"elementor-widget-container\">\n\t\t\t\t\t<h2 class=\"elementor-heading-title elementor-size-default\">\u00a1Lleg\u00f3 tu momento mam\u00e1!<\/h2>\t\t\t\t<\/div>\n\t\t\t\t<\/div>\n\t\t\t\t<div class=\"elementor-element elementor-element-369d1af elementor-widget elementor-widget-text-editor\" data-id=\"369d1af\" data-element_type=\"widget\" data-e-type=\"widget\" data-widget_type=\"text-editor.default\">\n\t\t\t\t<div class=\"elementor-widget-container\">\n\t\t\t\t\t\t\t\t\t<p>\u00a0No saben la <b>EMOCI\u00d3N <\/b>que me genera saber que tengo una <b>GRAN<\/b> comunidad de mamis que disfrutan tanto como yo, darle a nuestros ni\u00f1os una <b>alimentaci\u00f3n REAL<\/b>.<\/p><p><span style=\"font-weight: 400;\">Te invito a vivir esta <\/span><b>MARAVILLOSA experiencia conmigo<\/b><span style=\"font-weight: 400;\">, Conoceremos las cantidades recomendadas, las horas e incluso los alimentos que poco a poco puedes ir implementando en la rutina de tu beb\u00e9. Te brindo muchos consejos para que no desmayes en esta nueva etapa, que me han funcionado con mis 2 ni\u00f1os y que te ayudar\u00e1n a convencer a tu peque\u00f1o de probar nuevos sabores y texturas, con una presentaci\u00f3n muy divertida.<\/span><\/p>\t\t\t\t\t\t\t\t<\/div>\n\t\t\t\t<\/div>\n\t\t\t\t\t<\/div>\n\t\t<\/div>\n\t\t\t\t\t<\/div>\n\t\t<\/section>\n\t\t\t\t<section class=\"elementor-section elementor-top-section elementor-element elementor-element-0eb0764 elementor-section-boxed elementor-section-height-default elementor-section-height-default\" data-id=\"0eb0764\" data-element_type=\"section\" data-e-type=\"section\">\n\t\t\t\t\t\t<div class=\"elementor-container elementor-column-gap-default\">\n\t\t\t\t\t<div class=\"elementor-column elementor-col-100 elementor-top-column elementor-element elementor-element-e7e0293\" data-id=\"e7e0293\" data-element_type=\"column\" data-e-type=\"column\" data-settings=\"{&quot;background_background&quot;:&quot;classic&quot;}\">\n\t\t\t<div class=\"elementor-widget-wrap elementor-element-populated\">\n\t\t\t\t\t\t<div class=\"elementor-element elementor-element-db113d5 elementor-widget elementor-widget-text-editor\" data-id=\"db113d5\" data-element_type=\"widget\" data-e-type=\"widget\" data-widget_type=\"text-editor.default\">\n\t\t\t\t<div class=\"elementor-widget-container\">\n\t\t\t\t\t\t\t\t\t<p><b>RECETARIO INFANTIL<br \/>+<br \/>Ebook de Mam\u00e1 de Dos.\u00a0<\/b><\/p><p><span style=\"color: #d22647;\"><b><del>Valor real $30.99<\/del><\/b><\/span><\/p>\t\t\t\t\t\t\t\t<\/div>\n\t\t\t\t<\/div>\n\t\t\t\t<div class=\"elementor-element elementor-element-5297e5f elementor-widget elementor-widget-text-editor\" data-id=\"5297e5f\" data-element_type=\"widget\" data-e-type=\"widget\" data-widget_type=\"text-editor.default\">\n\t\t\t\t<div class=\"elementor-widget-container\">\n\t\t\t\t\t\t\t\t\t<h2><strong>Por s\u00f3lo: $20.99<\/strong><\/h2>\t\t\t\t\t\t\t\t<\/div>\n\t\t\t\t<\/div>\n\t\t\t\t<div class=\"elementor-element elementor-element-62202d3 elementor-align-center elementor-mobile-align-center elementor-widget elementor-widget-button\" data-id=\"62202d3\" data-element_type=\"widget\" data-e-type=\"widget\" data-widget_type=\"button.default\">\n\t\t\t\t<div class=\"elementor-widget-container\">\n\t\t\t\t\t\t\t\t\t<div class=\"elementor-button-wrapper\">\n\t\t\t\t\t<a class=\"elementor-button elementor-button-link elementor-size-sm elementor-animation-grow\" href=\"https:\/\/shop.noesdieta.com\/en\/product\/recetario-infantil-regalo-ebook-mama-de-dos\/\">\n\t\t\t\t\t\t<span class=\"elementor-button-content-wrapper\">\n\t\t\t\t\t\t\t\t\t<span class=\"elementor-button-text\">\u00a1QUIERO MI RECETARIO!<\/span>\n\t\t\t\t\t<\/span>\n\t\t\t\t\t<\/a>\n\t\t\t\t<\/div>\n\t\t\t\t\t\t\t\t<\/div>\n\t\t\t\t<\/div>\n\t\t\t\t<div class=\"elementor-element elementor-element-ccae163 elementor-widget__width-auto elementor-alert-info elementor-widget elementor-widget-alert\" data-id=\"ccae163\" data-element_type=\"widget\" data-e-type=\"widget\" data-widget_type=\"alert.default\">\n\t\t\t\t<div class=\"elementor-widget-container\">\n\t\t\t\t\t\t\t<div class=\"elementor-alert\" role=\"alert\">\n\n\t\t\t\t\t\t<span class=\"elementor-alert-title\">Informaci\u00f3n importante<\/span>\n\t\t\t\n\t\t\t\t\t\t<span class=\"elementor-alert-description\">No se hacen devoluciones<\/span>\n\t\t\t\n\t\t\t\t\t\t<button type=\"button\" class=\"elementor-alert-dismiss\" aria-label=\"Descartar esta alerta.\">\n\t\t\t\t\t\t\t\t\t<span aria-hidden=\"true\">&times;<\/span>\n\t\t\t\t\t\t\t<\/button>\n\t\t\t\n\t\t<\/div>\n\t\t\t\t\t\t<\/div>\n\t\t\t\t<\/div>\n\t\t\t\t\t<\/div>\n\t\t<\/div>\n\t\t\t\t\t<\/div>\n\t\t<\/section>\n\t\t\t\t<section class=\"elementor-section elementor-top-section elementor-element elementor-element-e79cd39 elementor-section-boxed elementor-section-height-default elementor-section-height-default\" data-id=\"e79cd39\" data-element_type=\"section\" data-e-type=\"section\" data-settings=\"{&quot;background_background&quot;:&quot;classic&quot;}\">\n\t\t\t\t\t\t<div class=\"elementor-container elementor-column-gap-default\">\n\t\t\t\t\t<div class=\"elementor-column elementor-col-100 elementor-top-column elementor-element elementor-element-50507ba\" data-id=\"50507ba\" data-element_type=\"column\" data-e-type=\"column\">\n\t\t\t<div class=\"elementor-widget-wrap elementor-element-populated\">\n\t\t\t\t\t\t<div class=\"elementor-element elementor-element-bfd5181 elementor-widget elementor-widget-heading\" data-id=\"bfd5181\" data-element_type=\"widget\" data-e-type=\"widget\" data-widget_type=\"heading.default\">\n\t\t\t\t<div class=\"elementor-widget-container\">\n\t\t\t\t\t<h2 class=\"elementor-heading-title elementor-size-default\">\u00a9 2021 Noesdieta LLC <\/h2>\t\t\t\t<\/div>\n\t\t\t\t<\/div>\n\t\t\t\t\t<\/div>\n\t\t<\/div>\n\t\t\t\t\t<\/div>\n\t\t<\/section>\n\t\t\t\t<\/div>","protected":false},"excerpt":{"rendered":"<p>\u00a1Lleg\u00f3 tu momento mam\u00e1! \u00a0No saben la EMOCI\u00d3N que me genera saber que tengo una GRAN comunidad de mamis que disfrutan tanto como yo, darle a nuestros ni\u00f1os una alimentaci\u00f3n REAL. Te invito a vivir esta MARAVILLOSA experiencia conmigo, Conoceremos las cantidades recomendadas, las horas e incluso los alimentos que poco a poco puedes ir [&hellip;]<\/p>\n","protected":false},"author":793,"featured_media":0,"parent":0,"menu_order":0,"comment_status":"closed","ping_status":"closed","template":"elementor_canvas","meta":{"footnotes":""},"class_list":["post-7291","page","type-page","status-publish","hentry"],"_links":{"self":[{"href":"https:\/\/shop.noesdieta.com\/en\/wp-json\/wp\/v2\/pages\/7291","targetHints":{"allow":["GET"]}}],"collection":[{"href":"https:\/\/shop.noesdieta.com\/en\/wp-json\/wp\/v2\/pages"}],"about":[{"href":"https:\/\/shop.noesdieta.com\/en\/wp-json\/wp\/v2\/types\/page"}],"author":[{"embeddable":true,"href":"https:\/\/shop.noesdieta.com\/en\/wp-json\/wp\/v2\/users\/793"}],"replies":[{"embeddable":true,"href":"https:\/\/shop.noesdieta.com\/en\/wp-json\/wp\/v2\/comments?post=7291"}],"version-history":[{"count":28,"href":"https:\/\/shop.noesdieta.com\/en\/wp-json\/wp\/v2\/pages\/7291\/revisions"}],"predecessor-version":[{"id":7325,"href":"https:\/\/shop.noesdieta.com\/en\/wp-json\/wp\/v2\/pages\/7291\/revisions\/7325"}],"wp:attachment":[{"href":"https:\/\/shop.noesdieta.com\/en\/wp-json\/wp\/v2\/media?parent=7291"}],"curies":[{"name":"wp","href":"https:\/\/api.w.org\/{rel}","templated":true}]}}