{"id":127,"date":"2020-01-29T01:58:54","date_gmt":"2020-01-29T01:58:54","guid":{"rendered":"http:\/\/lorenanoesdieta.co\/?post_type=product&#038;p=127"},"modified":"2025-12-05T19:36:09","modified_gmt":"2025-12-05T19:36:09","slug":"cuenta-nutrientes-no-cuentes-calorias-edicion-impresa","status":"publish","type":"product","link":"https:\/\/shop.noesdieta.com\/en\/product\/cuenta-nutrientes-no-cuentes-calorias-edicion-impresa\/","title":{"rendered":"Account Nutrients, do Not Count Calories (PRINTED VERSION)"},"content":{"rendered":"<p><strong>Cuenta nutrientes NO cuentes calor\u00edas<\/strong><\/p>\n<p>Comer mejor es uno de los prop\u00f3sitos m\u00e1s extendidos entre la poblaci\u00f3n, no solo a la hora de bajar de peso, sino tambi\u00e9n para mantener un buen estado de salud. En un momento en el que la informaci\u00f3n de todo tipo vuela libre por las redes, es importante que sepamos cual informaci\u00f3n podemos acudir cuando queremos ampliar nuestros conocimientos sobre nutrici\u00f3n y en especial alcanzar nuestras metas nutricionales como tambi\u00e9n alcanzar mejor calidad de vida.<\/p>\n<h5>Con mucho cari\u00f1o acabo de terminar mi libro que incluye:<\/h5>\n<ul>\n<li>Alimentaci\u00f3n alcalina para prevenir y tratar enfermedades cr\u00f3nicas.<\/li>\n<li>C\u00f3mo evitar la formaci\u00f3n de radicales libres.<\/li>\n<li>Requerimientos de macro nutrientes.<\/li>\n<li>C\u00f3mo deben ser nuestras porciones.<\/li>\n<li>Meriendas para disminuir la ansiedad.<\/li>\n<li>Alimentaci\u00f3n antes y despu\u00e9s del ejercicio.<\/li>\n<li>Recetas de jugos verdes.<\/li>\n<li>Recetas sencillas y ricas.<\/li>\n<li>C\u00f3mo entender las tablas nutricionales y comprar inteligentemente en el supermercado.<\/li>\n<\/ul>\n<p>&nbsp;<\/p>\n<p>Incluye un Plan de Alimentaci\u00f3n para disminuir hasta 1 kg por semana.<\/p>","protected":false},"excerpt":{"rendered":"<p>Soy Lorena Farias, Licenciada en Nutrici\u00f3n y Diet\u00e9tica, creadora de <a href=\"https:\/\/www.instagram.com\/noesdieta\/\">@noesdieta<\/a> y escritora del libro: !Cuenta Nutrientes, No Cuentes Calor\u00edas! Dedicado a los consejos nutricionales: claros, concisos y concretos, listos para que los integremos en nuestra rutina diaria.<\/p>","protected":false},"featured_media":202,"template":"","meta":[],"product_brand":[],"product_cat":[23,16],"product_tag":[],"class_list":{"0":"post-127","1":"product","2":"type-product","3":"status-publish","4":"has-post-thumbnail","6":"product_cat-nutricion-perdida-de-peso","7":"product_cat-todos","8":"product_shipping_class-shipping-libro","10":"first","11":"instock","12":"taxable","13":"shipping-taxable","14":"purchasable","15":"product-type-simple"},"_links":{"self":[{"href":"https:\/\/shop.noesdieta.com\/en\/wp-json\/wp\/v2\/product\/127","targetHints":{"allow":["GET"]}}],"collection":[{"href":"https:\/\/shop.noesdieta.com\/en\/wp-json\/wp\/v2\/product"}],"about":[{"href":"https:\/\/shop.noesdieta.com\/en\/wp-json\/wp\/v2\/types\/product"}],"wp:featuredmedia":[{"embeddable":true,"href":"https:\/\/shop.noesdieta.com\/en\/wp-json\/wp\/v2\/media\/202"}],"wp:attachment":[{"href":"https:\/\/shop.noesdieta.com\/en\/wp-json\/wp\/v2\/media?parent=127"}],"wp:term":[{"taxonomy":"product_brand","embeddable":true,"href":"https:\/\/shop.noesdieta.com\/en\/wp-json\/wp\/v2\/product_brand?post=127"},{"taxonomy":"product_cat","embeddable":true,"href":"https:\/\/shop.noesdieta.com\/en\/wp-json\/wp\/v2\/product_cat?post=127"},{"taxonomy":"product_tag","embeddable":true,"href":"https:\/\/shop.noesdieta.com\/en\/wp-json\/wp\/v2\/product_tag?post=127"}],"curies":[{"name":"wp","href":"https:\/\/api.w.org\/{rel}","templated":true}]}}