{"id":13169,"date":"2023-07-24T23:41:01","date_gmt":"2023-07-24T23:41:01","guid":{"rendered":"https:\/\/shop.noesdieta.com\/?post_type=product&#038;p=13169"},"modified":"2024-12-04T20:00:42","modified_gmt":"2024-12-04T20:00:42","slug":"reto-adios-a-la-inflamacion","status":"publish","type":"product","link":"https:\/\/shop.noesdieta.com\/en\/product\/reto-adios-a-la-inflamacion\/","title":{"rendered":"RETO ADI\u00d3S A LA INFLAMACI\u00d3N"},"content":{"rendered":"<p>\u00a1Hola!<\/p>\n<p>\u00a1S\u00e9 que esto nos pasa a TODOS! Por eso en esta oportunidad\u00a0durante<strong> 14 d\u00edas te ense\u00f1ar\u00e9 c\u00f3mo prevenir la inflamaci\u00f3n y c\u00f3mo deshacerte de ella<\/strong>. \u00a1SI, le diremos adi\u00f3s a la inflamaci\u00f3n que no nos deja lucir como queremos y que resulta tan inc\u00f3moda!<\/p>\n<p>Mi intenci\u00f3n es que disfrutes de la comida saludable con <strong>RECETAS NUEVAS<\/strong>, aprendas todo lo que necesitas saber con una <strong>GU\u00cdA ESPECIALIZADA<\/strong> sobre la alimentaci\u00f3n para evitar sentirte inflamado, que comamos rico y saludable.\u00a0Estaremos JUNTOS\u00a0en este proceso\u00a0grupal durante 14 d\u00edas para eliminar todas esas toxinas que tiene nuestro cuerpo acumulados de forma natural. Te ense\u00f1ar\u00e9 a comer de una forma consciente y c\u00f3mo llevar un estilo de vida sano\u00a0para decirle ADI\u00d3S\u00a0a la inflamaci\u00f3n de una vez por todas.<\/p>\n<p><strong>\u00bfQu\u00e9 voy a recibir al registrarme?<\/strong><\/p>\n<ol>\n<li><strong>Asesor\u00eda nutricional: <\/strong>Evaluar\u00e9tu peso y tu talla, para obtener el requerimiento energ\u00e9tico diario que necesitas, de tal forma que encontrar\u00e9\u00a0un plan de alimentaci\u00f3n semi personalizado acorde a ti, tomando en cuenta tus gustos alimenticios, es decir, si eres carn\u00edvora, vegana o est\u00e1s en proceso de lactancia.\u00a0Si requieres uno m\u00e1s personalizado, te recomiendo mis asesor\u00edas.<\/li>\n<li><strong>Plan de alimentaci\u00f3n y Lista de compras:<\/strong>D\u00edas antes de iniciar se har\u00e1 entrega del plan de alimentaci\u00f3n basado en tu peso y talla, donde podr\u00e1s encontrar recetas de Noesdieta y algunos tips para cada semana del reto.<\/li>\n<li><strong>Gu\u00eda \u00abLos secretos para una vida libre de inflamaci\u00f3n\u00bb <\/strong>Para complementar el plan nutricional y poder ver resultados, te enviar\u00e9una gu\u00eda que contiene toda la informaci\u00f3n que necesitas para conocer tu cuerpo y evitar la inflamaci\u00f3n. En esta oportunidad, se postear\u00e1 un tema de la gu\u00eda\u00a0en el grupo de Facebook para que conversemos y aclaremos tus dudas.<\/li>\n<li><strong>\u00a130 minutos con Noesdieta! <\/strong>Realizaremos tres sesiones grupales v\u00eda Facebook, una debienvenida, otra para la revisi\u00f3n de tu progreso y otra donde se evaluar\u00e1 el desempe\u00f1o de la semana final y podr\u00e1n aclarar cualquier duda que tengan.<\/li>\n<li><strong>\u00a1Acompa\u00f1amiento por 1<\/strong><strong>4 <\/strong><strong>d\u00edas!<\/strong>Es un coaching grupal donde tendremos contacto a trav\u00e9s de un grupo de Telegram donde te acompa\u00f1ar\u00e9 los 14 d\u00edas del reto, enviando\u00a0videos explicativos y notas de voz, para que sientas que estoy contigo durante todo el proceso.<\/li>\n<li><strong>Aprendiendo de Nutrici\u00f3n con Noesdieta: <\/strong>Realizaremos tres clases explicativas, donde hablaremos de temas importantes y aclararemos dudas<\/li>\n<\/ol>\n<ol start=\"7\">\n<li><strong>\u00a1Por si fuera POCO!Como<\/strong>parte del RETO recibir\u00e1s LEVEL UP si est\u00e1s dentro de los Estados Unidos y una gu\u00eda si est\u00e1s fuera del pa\u00eds.<\/li>\n<li><strong>Grupo privado de Facebook:<\/strong>Tendremos un grupo privado de Facebook con la finalidad de poder responder todas las inquietudes que tengas a diario.<\/li>\n<\/ol>","protected":false},"excerpt":{"rendered":"<p>*No se realizan devoluciones*<\/p>","protected":false},"featured_media":13377,"template":"","meta":[],"product_brand":[],"product_cat":[61],"product_tag":[],"class_list":{"0":"post-13169","1":"product","2":"type-product","3":"status-publish","4":"has-post-thumbnail","6":"product_cat-retos","8":"first","9":"outofstock","10":"taxable","11":"shipping-taxable","12":"purchasable","13":"product-type-variable"},"_links":{"self":[{"href":"https:\/\/shop.noesdieta.com\/en\/wp-json\/wp\/v2\/product\/13169","targetHints":{"allow":["GET"]}}],"collection":[{"href":"https:\/\/shop.noesdieta.com\/en\/wp-json\/wp\/v2\/product"}],"about":[{"href":"https:\/\/shop.noesdieta.com\/en\/wp-json\/wp\/v2\/types\/product"}],"wp:featuredmedia":[{"embeddable":true,"href":"https:\/\/shop.noesdieta.com\/en\/wp-json\/wp\/v2\/media\/13377"}],"wp:attachment":[{"href":"https:\/\/shop.noesdieta.com\/en\/wp-json\/wp\/v2\/media?parent=13169"}],"wp:term":[{"taxonomy":"product_brand","embeddable":true,"href":"https:\/\/shop.noesdieta.com\/en\/wp-json\/wp\/v2\/product_brand?post=13169"},{"taxonomy":"product_cat","embeddable":true,"href":"https:\/\/shop.noesdieta.com\/en\/wp-json\/wp\/v2\/product_cat?post=13169"},{"taxonomy":"product_tag","embeddable":true,"href":"https:\/\/shop.noesdieta.com\/en\/wp-json\/wp\/v2\/product_tag?post=13169"}],"curies":[{"name":"wp","href":"https:\/\/api.w.org\/{rel}","templated":true}]}}