{"id":15302,"date":"2024-04-03T15:46:04","date_gmt":"2024-04-03T15:46:04","guid":{"rendered":"https:\/\/shop.noesdieta.com\/?post_type=product&#038;p=15302"},"modified":"2024-12-04T20:00:42","modified_gmt":"2024-12-04T20:00:42","slug":"reto-sugar-cleanse","status":"publish","type":"product","link":"https:\/\/shop.noesdieta.com\/en\/product\/reto-sugar-cleanse\/","title":{"rendered":"Sugar Cleanse"},"content":{"rendered":"<p class=\"p1\"><b>\u00bfQu\u00e9 voy a recibir al registrarme?<\/b><\/p>\n<ol class=\"ol1\">\n<li class=\"li1\"><b>Asesor\u00eda nutricional: <\/b>Evaluar\u00e9 tu peso y tu talla, para obtener el requerimiento energ\u00e9tico diario que necesitas, de tal forma que encontrar\u00e9 un plan de alimentaci\u00f3n semi personalizado acorde a ti, tomando en cuenta tus gustos alimenticios, es decir, si eres carn\u00edvora, vegana o est\u00e1s en proceso de lactancia.\u00a0Si requieres uno m\u00e1s personalizado, te recomiendo mis asesor\u00edas.<\/li>\n<li class=\"li1\"><b>Sesiones de seguimiento en vivo: <\/b>Nos conectaremos por Zoom para poder verte y aclarar todas tus dudas, compartir face to face y agradecer por haber iniciado este camino.<\/li>\n<li class=\"li1\"><b>Tendr\u00e1s sesiones de ejercicios diarios:<\/b><span class=\"Apple-converted-space\">\u00a0 <\/span>Te dar\u00e9 en exclusiva una herramienta muy valiosa que a mi me ha funcionado para potenciar mi energ\u00eda y lograr mis metas. De la mano de la entrenadora Janettsy Chiszar, quien te guiar\u00e1 en este proceso de activar tu cuerpo y tambi\u00e9n realizaremos din\u00e1micas a trav\u00e9s del grupo.<\/li>\n<li class=\"li1\"><b>Plan de alimentaci\u00f3n y Lista de compras:<\/b> D\u00edas antes de iniciar se har\u00e1 entrega del plan de alimentaci\u00f3n basado en tu peso y talla, donde podr\u00e1s encontrar recetas de Noesdieta f\u00e1ciles y r\u00e1pidas de hacer + algunos tips para cada semana del reto.<\/li>\n<li class=\"li1\"><b>Gu\u00eda \u00abDETOX\u00bb <\/b>Para complementar el plan nutricional y poder ver resultados, te enviar\u00e9 una gu\u00eda actualizada que contiene toda la informaci\u00f3n que necesitas para conocer tu cuerpo y evitar la inflamaci\u00f3n. En esta oportunidad, se postear\u00e1 un tema de la gu\u00eda en el grupo de Telegram para que conversemos y aclaremos tus dudas.<\/li>\n<li class=\"li1\"><span class=\"s1\"><b>\u00a130 minutos con Noesdieta! <\/b>Realizaremos tres sesiones grupales v\u00eda Facebook, una de bienvenida, otra para la revisi\u00f3n de tu progreso y otra donde se evaluar\u00e1 el desempe\u00f1o de la semana final y podr\u00e1n aclarar cualquier duda que tengan.\u00a0<\/span><\/li>\n<li class=\"li1\"><b><\/b><span class=\"s1\"><b>Invitados especiales: <\/b>Tendremos tres invitados especiales que te ayudar\u00e1n en tu proceso. S\u00f3lo puedo decirte que se viene una clase de yoga, \u00a1el resto es sorpresa!<\/span><\/li>\n<li class=\"li1\"><b>\u00a1Acompa\u00f1amiento por 21 d\u00edas!<\/b> Es un coaching grupal donde tendremos contacto a trav\u00e9s de un grupo de Telegram donde te acompa\u00f1ar\u00e9 los 21 d\u00edas del reto, enviando videos explicativos y notas de voz, para que sientas que estoy <span class=\"s1\">contigo durante todo el proceso.\u00a0\u00a0<\/span><\/li>\n<li class=\"li1\"><span class=\"s1\"><b>Aprendiendo de Nutrici\u00f3n con Noesdieta: <\/b>Realizaremos tres clases explicativas, donde hablaremos de temas importantes y aclararemos dudas<\/span><\/li>\n<li class=\"li1\"><span class=\"s2\"><b>\u00a1Por si fuera POCO! <\/b>Como parte del RETO recibir\u00e1s LEVEL UP si est\u00e1s dentro de los Estados Unidos y una gu\u00eda si est\u00e1s fuera del pa\u00eds de tu elecci\u00f3n si est\u00e1s en otro pa\u00eds.<\/span><\/li>\n<li class=\"li1\"><span class=\"s1\"><b>Grupo privado de Facebook:<\/b> Tendremos un grupo privado de Facebook con la finalidad de poder responder todas las inquietudes que tengas a diario<\/span>.<\/li>\n<\/ol>","protected":false},"excerpt":{"rendered":"<p class=\"p1\">SUGAR FREE + BUENA ALIMENTACI\u00d3N = M\u00c1S ENERG\u00cdA Y MENOS INFLAMACI\u00d3N<\/p>\n<p>*No se realizan devoluciones*<\/p>","protected":false},"featured_media":15454,"template":"","meta":[],"product_brand":[],"product_cat":[61],"product_tag":[],"class_list":{"0":"post-15302","1":"product","2":"type-product","3":"status-publish","4":"has-post-thumbnail","6":"product_cat-retos","8":"first","9":"outofstock","10":"taxable","11":"shipping-taxable","12":"purchasable","13":"product-type-variable"},"_links":{"self":[{"href":"https:\/\/shop.noesdieta.com\/en\/wp-json\/wp\/v2\/product\/15302","targetHints":{"allow":["GET"]}}],"collection":[{"href":"https:\/\/shop.noesdieta.com\/en\/wp-json\/wp\/v2\/product"}],"about":[{"href":"https:\/\/shop.noesdieta.com\/en\/wp-json\/wp\/v2\/types\/product"}],"wp:featuredmedia":[{"embeddable":true,"href":"https:\/\/shop.noesdieta.com\/en\/wp-json\/wp\/v2\/media\/15454"}],"wp:attachment":[{"href":"https:\/\/shop.noesdieta.com\/en\/wp-json\/wp\/v2\/media?parent=15302"}],"wp:term":[{"taxonomy":"product_brand","embeddable":true,"href":"https:\/\/shop.noesdieta.com\/en\/wp-json\/wp\/v2\/product_brand?post=15302"},{"taxonomy":"product_cat","embeddable":true,"href":"https:\/\/shop.noesdieta.com\/en\/wp-json\/wp\/v2\/product_cat?post=15302"},{"taxonomy":"product_tag","embeddable":true,"href":"https:\/\/shop.noesdieta.com\/en\/wp-json\/wp\/v2\/product_tag?post=15302"}],"curies":[{"name":"wp","href":"https:\/\/api.w.org\/{rel}","templated":true}]}}