{"id":15679,"date":"2024-06-07T19:26:03","date_gmt":"2024-06-07T19:26:03","guid":{"rendered":"https:\/\/shop.noesdieta.com\/?post_type=product&#038;p=15679"},"modified":"2025-12-05T19:34:19","modified_gmt":"2025-12-05T19:34:19","slug":"plan-team-noesdieta-online","status":"publish","type":"product","link":"https:\/\/shop.noesdieta.com\/en\/product\/plan-team-noesdieta-online\/","title":{"rendered":"Plan Team NOESDIETA &#8211; Online"},"content":{"rendered":"<h4>\u00bfQu\u00e9 incluye este plan?<\/h4>\n<p>Tendr\u00e1s <strong>una (1) evaluaci\u00f3n nutricional mediante videollamada<\/strong> a trav\u00e9s de Google Meet, con una duraci\u00f3n de 45 min. En la cual hablaremos sobre ti, nos conoceremos, discutiremos tu plan de alimentaci\u00f3n, y te aclarar\u00e9 todas tus dudas.<\/p>\n<p>Obtendr\u00e1s <strong>un (1) Plan de Alimentaci\u00f3n de 2 semanas<\/strong>, totalmente personalizado y ajustado a tus gustos, requerimientos y necesidades. El cual incluye <strong>men\u00fa de comidas detallado, raciones y mis recetas favoritas, meriendas pre y post workout.<\/strong><\/p>\n<p><strong>Acompa\u00f1amiento v\u00eda email<\/strong>, luego de recibir tu plan de alimentaci\u00f3n para aclarar dudas de cualquier tipo.<\/p>\n<h5>Material de Apoyo:<\/h5>\n<ul>\n<li>Recetario<\/li>\n<li>Gu\u00eda de Porciones<\/li>\n<li>Gu\u00eda de Sustitutos<\/li>\n<li>Gu\u00eda Mis Marcas Favoritas<\/li>\n<\/ul>\n<p>&nbsp;<\/p>","protected":false},"excerpt":{"rendered":"<p>Este es un plan ideal para personas que no requieren de cambios importantes en su peso, pero que si quieren adquirir nuevos h\u00e1bitos y comer de manera balanceada y nutritiva.<\/p>\n<p><a href=\"https:\/\/shop.noesdieta.com\/wp-content\/uploads\/2023\/11\/Plan-Team-NOESDIETA.pdf\">Ver informaci\u00f3n del plan<\/a><\/p>","protected":false},"featured_media":14051,"template":"","meta":[],"product_brand":[],"product_cat":[44,16],"product_tag":[],"class_list":{"0":"post-15679","1":"product","2":"type-product","3":"status-publish","4":"has-post-thumbnail","6":"product_cat-asesoria","7":"product_cat-todos","9":"first","10":"instock","11":"downloadable","12":"virtual","13":"taxable","14":"purchasable","15":"product-type-simple"},"_links":{"self":[{"href":"https:\/\/shop.noesdieta.com\/en\/wp-json\/wp\/v2\/product\/15679","targetHints":{"allow":["GET"]}}],"collection":[{"href":"https:\/\/shop.noesdieta.com\/en\/wp-json\/wp\/v2\/product"}],"about":[{"href":"https:\/\/shop.noesdieta.com\/en\/wp-json\/wp\/v2\/types\/product"}],"wp:featuredmedia":[{"embeddable":true,"href":"https:\/\/shop.noesdieta.com\/en\/wp-json\/wp\/v2\/media\/14051"}],"wp:attachment":[{"href":"https:\/\/shop.noesdieta.com\/en\/wp-json\/wp\/v2\/media?parent=15679"}],"wp:term":[{"taxonomy":"product_brand","embeddable":true,"href":"https:\/\/shop.noesdieta.com\/en\/wp-json\/wp\/v2\/product_brand?post=15679"},{"taxonomy":"product_cat","embeddable":true,"href":"https:\/\/shop.noesdieta.com\/en\/wp-json\/wp\/v2\/product_cat?post=15679"},{"taxonomy":"product_tag","embeddable":true,"href":"https:\/\/shop.noesdieta.com\/en\/wp-json\/wp\/v2\/product_tag?post=15679"}],"curies":[{"name":"wp","href":"https:\/\/api.w.org\/{rel}","templated":true}]}}