{"id":15690,"date":"2024-06-07T19:33:19","date_gmt":"2024-06-07T19:33:19","guid":{"rendered":"https:\/\/shop.noesdieta.com\/?post_type=product&#038;p=15690"},"modified":"2025-12-05T19:34:08","modified_gmt":"2025-12-05T19:34:08","slug":"plan-mi-mejor-version-online","status":"publish","type":"product","link":"https:\/\/shop.noesdieta.com\/en\/product\/plan-mi-mejor-version-online\/","title":{"rendered":"Plan Mi Mejor Versi\u00f3n &#8211; Online"},"content":{"rendered":"<h4>\u00bfA qui\u00e9n va dirigido este plan?<\/h4>\n<p>Es el plan ideal para todos aquellos que requieren crear nuevos y saludables h\u00e1bitos, y que necesitan de apoyo para lograr cambios en su estilo de vida, para conseguir cambios significativos. Tiene una duraci\u00f3n de 1 mes, el tiempo suficiente para logres tus metas nutricionales, y darte la confianza necesaria para aprender a elegir de forma natural los alimentos adecuados para ti, de tal forma que logres tener una buena relaci\u00f3n con la comida.<\/p>\n<h4>\u00bfQu\u00e9 incluye este plan?<\/h4>\n<p>Tendr\u00e1s <strong>una (1) evaluaci\u00f3n nutricional mediante video llamada<\/strong> a trav\u00e9s de Google Meet, con una duraci\u00f3n de 45 minutos. En la cual hablaremos sobre ti, nos conoceremos, discutiremos tu plan de alimentaci\u00f3n, y te aclarar\u00e9 todas tus dudas.<\/p>\n<p>Adicional <strong>un (1) Control,<\/strong> el cual se llevar\u00e1 a cabo a los 15 d\u00edas de iniciar la asesor\u00eda, igualmente se realizar\u00e1 mediante video llamada a trav\u00e9s de Google Meet, con una duraci\u00f3n de 30 minutos. <strong>En ella hablaremos de tu progreso<\/strong> (Peso, im\u00e1genes fotogr\u00e1ficas, y porcentaje de grasa, cambios de humor y otros) y de c\u00f3mo te has sentido, dudas acerca del nuevo plan de alimentaci\u00f3n, y cualquier otra inquietud que puedas tener.<\/p>\n<p>Obtendr\u00e1s dos <strong>(2) Planes de Alimentaci\u00f3n de 4 semanas<\/strong>, cada plan tiene una duraci\u00f3n de 2 semanas, totalmente\u00a0personalizadas y ajustadas a tus gustos, requerimientos y necesidades. El cual incluye <strong>men\u00fa de comidas detallado, raciones y mis recetas favoritas, meriendas pre y post workout<\/strong>. Los planes de alimentaci\u00f3n son de 15 d\u00edas en total cada uno, por lo que el segundo plan ser\u00e1 modificado a los 15 d\u00edas, es decir, despu\u00e9s del primer plan de alimentaci\u00f3n, ya que el mismo var\u00eda seg\u00fan tu progreso y evaluaci\u00f3n. (Cada plan ser\u00e1 enviado en cada consulta).<\/p>\n<p><strong>Acompa\u00f1amiento v\u00eda email<\/strong>, luego de recibir tu plan de alimentaci\u00f3n para aclarar dudas de cualquier tipo, es importante enviar las fotograf\u00edas de tus men\u00fas para evaluar y guiarte acerca de tus porciones. Tendr\u00e1s acompa\u00f1amiento semanales y podr\u00e1s escribir y enviar todos los correos que consideres necesarios para tu acompa\u00f1amiento.<\/p>\n<p><strong>Acompa\u00f1amiento de mensajer\u00eda de texto<\/strong>, luego de recibir tu plan de alimentaci\u00f3n para aclarar dudas de cualquier tipo.<\/p>\n<h4>Material de Apoyo<\/h4>\n<ul>\n<li>Recipes<\/li>\n<li>Gu\u00eda de Porciones<\/li>\n<li>Gu\u00eda de Sustitutos<\/li>\n<li>Gu\u00eda Mis Marcas favoritas<\/li>\n<li>Plantilla menu semanal<\/li>\n<\/ul>\n<p><strong>DURACI\u00d3N:<\/strong> 1 MES<\/p>","protected":false},"excerpt":{"rendered":"<p><strong>\u00bfA qui\u00e9n va dirigido este plan?<\/strong><\/p>\n<p>Es el plan ideal para todos aquellos que requieren crear nuevos y saludables h\u00e1bitos, y que necesitan de apoyo para lograr cambios en su estilo de vida, para conseguir cambios significativos. Tiene una duraci\u00f3n de 1 mes, el tiempo suficiente para logres tus metas nutricionales, y darte la confianza necesaria para aprender a elegir de forma natural los alimentos adecuados para ti, de tal forma que logres tener una buena relaci\u00f3n con la comida.<\/p>\n<p><a href=\"https:\/\/shop.noesdieta.com\/wp-content\/uploads\/2023\/11\/Plan-Mi-mejor-version.pdf\">Ver informaci\u00f3n del plan<\/a><\/p>","protected":false},"featured_media":14051,"template":"","meta":[],"product_brand":[],"product_cat":[44,16],"product_tag":[],"class_list":{"0":"post-15690","1":"product","2":"type-product","3":"status-publish","4":"has-post-thumbnail","6":"product_cat-asesoria","7":"product_cat-todos","9":"first","10":"instock","11":"downloadable","12":"virtual","13":"taxable","14":"purchasable","15":"product-type-simple"},"_links":{"self":[{"href":"https:\/\/shop.noesdieta.com\/en\/wp-json\/wp\/v2\/product\/15690","targetHints":{"allow":["GET"]}}],"collection":[{"href":"https:\/\/shop.noesdieta.com\/en\/wp-json\/wp\/v2\/product"}],"about":[{"href":"https:\/\/shop.noesdieta.com\/en\/wp-json\/wp\/v2\/types\/product"}],"wp:featuredmedia":[{"embeddable":true,"href":"https:\/\/shop.noesdieta.com\/en\/wp-json\/wp\/v2\/media\/14051"}],"wp:attachment":[{"href":"https:\/\/shop.noesdieta.com\/en\/wp-json\/wp\/v2\/media?parent=15690"}],"wp:term":[{"taxonomy":"product_brand","embeddable":true,"href":"https:\/\/shop.noesdieta.com\/en\/wp-json\/wp\/v2\/product_brand?post=15690"},{"taxonomy":"product_cat","embeddable":true,"href":"https:\/\/shop.noesdieta.com\/en\/wp-json\/wp\/v2\/product_cat?post=15690"},{"taxonomy":"product_tag","embeddable":true,"href":"https:\/\/shop.noesdieta.com\/en\/wp-json\/wp\/v2\/product_tag?post=15690"}],"curies":[{"name":"wp","href":"https:\/\/api.w.org\/{rel}","templated":true}]}}