{"id":15701,"date":"2024-06-07T19:36:16","date_gmt":"2024-06-07T19:36:16","guid":{"rendered":"https:\/\/shop.noesdieta.com\/?post_type=product&#038;p=15701"},"modified":"2025-12-05T19:34:02","modified_gmt":"2025-12-05T19:34:02","slug":"plan-premium-noesdieta-online","status":"publish","type":"product","link":"https:\/\/shop.noesdieta.com\/en\/product\/plan-premium-noesdieta-online\/","title":{"rendered":"Plan Premium NOESDIETA &#8211; Online"},"content":{"rendered":"<h4>\u00bfQu\u00e9 incluye este plan?<\/h4>\n<p>Tendr\u00e1s una<strong> (1) evaluaci\u00f3n nutricional mediante videollamada a trav\u00e9s de Google Meet, con una duraci\u00f3n de 45 minutos<\/strong>. En la cual hablaremos sobre ti, nos conoceremos, discutiremos tu plan de alimentaci\u00f3n, y te aclarar\u00e9 todas tus dudas.<\/p>\n<p>Adicional, <strong>cinco (5) Controles<\/strong>, el cual se llevar\u00e1n a cabo a los 15 d\u00edas de iniciar la asesor\u00eda, igualmente se realizar\u00e1 mediante videollamada a trav\u00e9s de Google Meet, con una duraci\u00f3n de 30 minutos. <strong>En ella hablaremos de tu progreso (peso, im\u00e1genes fotogr\u00e1ficas, y porcentaje de grasa, cambios de humor y otros)<\/strong> y de c\u00f3mo te has sentido, dudas acerca del nuevo plan de alimentaci\u00f3n, y cualquier otra Inquietud que puedas tener.<\/p>\n<p>Obtendr\u00e1s <strong>seis (6) Planes de Alimentaci\u00f3n de 12 semanas,<\/strong> cada plan de alimentaci\u00f3n tienen una duraci\u00f3n de 2 semanas, totalmente personalizadas y ajustadas a tus gustos, requerimientos y necesidades. Los planes de alimentaci\u00f3n son de 15 d\u00edas en total cada uno, por lo que cada plan ser\u00e1 modificado a los 15 d\u00edas, es decir, el plan var\u00eda seg\u00fan tu progreso y evaluaci\u00f3n. <strong>(Cada plan ser\u00e1 enviado en cada consulta) El cual incluye men\u00fa de comidas detallado, raciones y mis recetas favoritas, meriendas pre y post workout.<\/strong><\/p>\n<p><strong>Acompa\u00f1amiento v\u00eda email,<\/strong> luego de recibir tu plan de alimentaci\u00f3n para aclarar dudas de cualquier tipo, es importante enviar las fotograf\u00edas de tus men\u00fas para evaluar y guiarte acerca de tus porciones. Tendr\u00e1s acompa\u00f1amiento semanales y podr\u00e1s escribir y enviar todos los correos que consideres necesarios para tu acompa\u00f1amiento.<\/p>\n<p><strong>Acompa\u00f1amiento de mensajer\u00eda de texto<\/strong>, luego de recibir tu plan de alimentaci\u00f3n para aclarar dudas de cualquier tipo.<\/p>\n<h5>Material de Apoyo<\/h5>\n<ul>\n<li>Recetario Jugos Verdes<\/li>\n<li>Gu\u00eda de Porciones<\/li>\n<li>Gu\u00eda de Sustitutos<\/li>\n<li>Gu\u00eda Mis Marcas Favoritas<\/li>\n<li>Plantilla Men\u00fa Semanal, en el cual te ense\u00f1o como puedes armar tu propio men\u00fa saludable.<\/li>\n<li>Libro Cuenta Nutrientes No Calor\u00edas<\/li>\n<\/ul>\n<p>DURACI\u00d3N: 3 MESES<\/p>","protected":false},"excerpt":{"rendered":"<p><strong>\u00bfA qui\u00e9n va dirigido este plan?<\/strong><\/p>\n<p>Esta es un plan es ideal para todos aquellos que buscan mejorar su calidad de vida a largo plazo, es un plan nutricional el cual tiene una duraci\u00f3n de 3 meses, trabajaremos en ti como objetivo principal, es el plan en donde no solo vemos cambios significativos de peso, sino que es donde podr\u00e1s apreciar cambios en tu piel, estado de \u00e1nimo y mucho m\u00e1s, este plan est\u00e1 dise\u00f1ado para que cambies tu vida de manera progresiva pero con resultados de por vida, \u00bfSab\u00edas que una vez que realizas cuando realizas una actividad por 90 d\u00edas tu cerebro lo convierte en un h\u00e1bito?<\/p>\n<p><a href=\"https:\/\/shop.noesdieta.com\/wp-content\/uploads\/2023\/11\/Plan-Premium-NOESDIETA.pdf\">Ver informaci\u00f3n del plan<\/a><\/p>","protected":false},"featured_media":14051,"template":"","meta":[],"product_brand":[],"product_cat":[44,16],"product_tag":[],"class_list":{"0":"post-15701","1":"product","2":"type-product","3":"status-publish","4":"has-post-thumbnail","6":"product_cat-asesoria","7":"product_cat-todos","9":"first","10":"instock","11":"downloadable","12":"virtual","13":"taxable","14":"purchasable","15":"product-type-simple"},"_links":{"self":[{"href":"https:\/\/shop.noesdieta.com\/en\/wp-json\/wp\/v2\/product\/15701","targetHints":{"allow":["GET"]}}],"collection":[{"href":"https:\/\/shop.noesdieta.com\/en\/wp-json\/wp\/v2\/product"}],"about":[{"href":"https:\/\/shop.noesdieta.com\/en\/wp-json\/wp\/v2\/types\/product"}],"wp:featuredmedia":[{"embeddable":true,"href":"https:\/\/shop.noesdieta.com\/en\/wp-json\/wp\/v2\/media\/14051"}],"wp:attachment":[{"href":"https:\/\/shop.noesdieta.com\/en\/wp-json\/wp\/v2\/media?parent=15701"}],"wp:term":[{"taxonomy":"product_brand","embeddable":true,"href":"https:\/\/shop.noesdieta.com\/en\/wp-json\/wp\/v2\/product_brand?post=15701"},{"taxonomy":"product_cat","embeddable":true,"href":"https:\/\/shop.noesdieta.com\/en\/wp-json\/wp\/v2\/product_cat?post=15701"},{"taxonomy":"product_tag","embeddable":true,"href":"https:\/\/shop.noesdieta.com\/en\/wp-json\/wp\/v2\/product_tag?post=15701"}],"curies":[{"name":"wp","href":"https:\/\/api.w.org\/{rel}","templated":true}]}}