{"id":15711,"date":"2024-06-07T19:38:56","date_gmt":"2024-06-07T19:38:56","guid":{"rendered":"https:\/\/shop.noesdieta.com\/?post_type=product&#038;p=15711"},"modified":"2025-12-05T19:33:55","modified_gmt":"2025-12-05T19:33:55","slug":"plan-nuticion-101-noesdieta-presencial","status":"publish","type":"product","link":"https:\/\/shop.noesdieta.com\/en\/product\/plan-nuticion-101-noesdieta-presencial\/","title":{"rendered":"Plan Nutici\u00f3n 101 NOESDIETA &#8211; Presencial"},"content":{"rendered":"<h4>\u00bfQu\u00e9 incluye este plan?<\/h4>\n<p>Tendr\u00e1s <strong>una (1) visita nutricional presencial<\/strong>, con una duraci\u00f3n de 1 hora. La misma puede realizarse en mi oficina. En la cual hablaremos sobre ti, nos conoceremos, discutiremos tu plan de alimentaci\u00f3n, tomar\u00e9 medidas, peso y te aclarar\u00e9 todas tus dudas.<\/p>\n<p>Obtendr\u00e1s <strong>un (1) Plan de Alimentaci\u00f3n de 2 semanas<\/strong>, totalmente personalizado y ajustado a tus gustos, requerimientos y necesidades. <strong>El cual incluye men\u00fa de comidas detallado, raciones y mis recetas favoritas, meriendas pre y post workout.<\/strong><\/p>\n<p>Adicional <strong>un (1) Control, el cual se llevar\u00e1 a cabo a los 15 d\u00edas<\/strong> al finalizar la asesor\u00eda, igualmente se realizar\u00e1 mediante video llamada a trav\u00e9s de Google Meet, con una duraci\u00f3n de 30 minutos. <strong>En ella hablaremos de tu progreso<\/strong> (peso, im\u00e1genes fotogr\u00e1ficas, y porcentaje de grasa, cambios de humor y otros) y de c\u00f3mo te has sentido y cualquier otra inquietud que puedas tener.<\/p>\n<p>Charla Educacional Nutricional, <strong>te ense\u00f1ar\u00e9 como debe lucir una despensa y nevera balanceada<\/strong>, te ense\u00f1ar\u00e9 algunas de mis recetas favoritas, como debes de realizar tus compras (que debes de evitar y deber\u00edas de comprar) y por supuesto a leer las etiquetas nutricionales.<\/p>\n<p><strong>Acompa\u00f1amiento v\u00eda email<\/strong>, luego de recibir tu plan de alimentaci\u00f3n para aclarar dudas de cualquier tipo, es importante enviar las fotograf\u00edas de tus men\u00fas para evaluar y guiarte acerca de tus porciones. Tendr\u00e1s acompa\u00f1amiento semanales y podr\u00e1s escribir y enviar todos los correos que consideres necesarios para tu acompa\u00f1amiento.<\/p>\n<p><strong>Acompa\u00f1amiento de mensajer\u00eda de texto<\/strong>, luego de recibir tu plan de alimentaci\u00f3n para aclarar dudas de cualquier tipo.<\/p>\n<h5>Material de Apoyo<\/h5>\n<ul>\n<li>Recetario<\/li>\n<li>Gu\u00eda de Porciones<\/li>\n<li>Gu\u00eda de Sustitutos<\/li>\n<li>Gu\u00eda Mis Marcas Favoritas<\/li>\n<\/ul>","protected":false},"excerpt":{"rendered":"<p><strong>\u00bfA qui\u00e9n va dirigido este plan?<\/strong><\/p>\n<p>Est\u00e1 dirigido para aquellas personas que viven en la ciudad de <strong>Miami<\/strong>, un plan dise\u00f1ado para quienes quieren reeducarse en h\u00e1bitos nutricionales, y buscan un cambio moderado en su peso.<\/p>\n<p><a href=\"https:\/\/shop.noesdieta.com\/wp-content\/uploads\/2023\/11\/Plan-nutricion-101-presencial.pdf\">Ver informaci\u00f3n del plan<\/a><\/p>","protected":false},"featured_media":14051,"template":"","meta":[],"product_brand":[],"product_cat":[44,16],"product_tag":[],"class_list":{"0":"post-15711","1":"product","2":"type-product","3":"status-publish","4":"has-post-thumbnail","6":"product_cat-asesoria","7":"product_cat-todos","9":"first","10":"instock","11":"downloadable","12":"virtual","13":"taxable","14":"purchasable","15":"product-type-simple"},"_links":{"self":[{"href":"https:\/\/shop.noesdieta.com\/en\/wp-json\/wp\/v2\/product\/15711","targetHints":{"allow":["GET"]}}],"collection":[{"href":"https:\/\/shop.noesdieta.com\/en\/wp-json\/wp\/v2\/product"}],"about":[{"href":"https:\/\/shop.noesdieta.com\/en\/wp-json\/wp\/v2\/types\/product"}],"wp:featuredmedia":[{"embeddable":true,"href":"https:\/\/shop.noesdieta.com\/en\/wp-json\/wp\/v2\/media\/14051"}],"wp:attachment":[{"href":"https:\/\/shop.noesdieta.com\/en\/wp-json\/wp\/v2\/media?parent=15711"}],"wp:term":[{"taxonomy":"product_brand","embeddable":true,"href":"https:\/\/shop.noesdieta.com\/en\/wp-json\/wp\/v2\/product_brand?post=15711"},{"taxonomy":"product_cat","embeddable":true,"href":"https:\/\/shop.noesdieta.com\/en\/wp-json\/wp\/v2\/product_cat?post=15711"},{"taxonomy":"product_tag","embeddable":true,"href":"https:\/\/shop.noesdieta.com\/en\/wp-json\/wp\/v2\/product_tag?post=15711"}],"curies":[{"name":"wp","href":"https:\/\/api.w.org\/{rel}","templated":true}]}}