{"id":15722,"date":"2024-06-07T19:41:31","date_gmt":"2024-06-07T19:41:31","guid":{"rendered":"https:\/\/shop.noesdieta.com\/?post_type=product&#038;p=15722"},"modified":"2025-12-05T19:33:12","modified_gmt":"2025-12-05T19:33:12","slug":"plan-nuticion-101-plus-presencial","status":"publish","type":"product","link":"https:\/\/shop.noesdieta.com\/en\/product\/plan-nuticion-101-plus-presencial\/","title":{"rendered":"Plan Nutici\u00f3n 101 Plus &#8211; Presencial"},"content":{"rendered":"<h4>\u00bfQu\u00e9 incluye este plan?<\/h4>\n<p>Tendr\u00e1s <strong>una (1) visita de evaluaci\u00f3n nutricional presencial<\/strong> con una duraci\u00f3n de 1 hora. La misma puede realizarse en mi oficina. En la cual hablaremos sobre ti, nos conoceremos, discutiremos tu plan de alimentaci\u00f3n, tomar\u00e9 medidas, peso y te aclarar\u00e9 todas tus dudas.<\/p>\n<p>Obtendr\u00e1s <strong>dos (2) Planes de Alimentaci\u00f3n de 4 semanas,<\/strong> totalmente personalizadas y ajustadas a tus gustos, requerimientos y necesidades. Cada plan de alimentaci\u00f3n tiene unaduraci\u00f3nn de 2 semanas, totalmente personalizadas y ajustadas a tus gustos, requerimientos y necesidades. Los planes de alimentaci\u00f3n son de 15 d\u00edas en total cada uno, por lo que cada plan ser\u00e1 modificado a los 15 d\u00edas, es decir, el plan var\u00eda seg\u00fan tu progreso y evaluaci\u00f3n. (Cada plan ser\u00e1 enviado en cada consulta). El cual incluye <strong>men\u00fa de comidas detallado, raciones y mis recetas favoritas, meriendas pre y post workout<\/strong>.<\/p>\n<p>Adicional <strong>una visita de Follow Up presencial<\/strong>, la cual se llevar\u00e1 a cabo a los 15 d\u00edas de iniciar la asesor\u00eda, igualmente podr\u00e1 realizarse ya sea en mi oficina, con una duraci\u00f3n de 45 minutos. En ella <strong>hablaremos de tu progreso (peso, im\u00e1genes fotogr\u00e1ficas, y porcentaje de grasa, cambios de humor y otros)<\/strong> y de c\u00f3mo te has sentido, dudas acerca del nuevo plan de alimentaci\u00f3n y cualquier otra inquietud que puedas tener.<\/p>\n<p><strong>Extra, un (1) Control,<\/strong> el cual se llevar\u00e1 a cabo a los 30 d\u00edas, es decir, al finalizar la asesor\u00eda, se realizar\u00e1 mediante videollamada a trav\u00e9s de Google Meet, con una duraci\u00f3n de 30 minutos. En ella hablaremos de tu progreso (peso, im\u00e1genes fotogr\u00e1ficas, y porcentaje de grasa, cambios de humor y otros) y de c\u00f3mo te has sentido y cualquier otra inquietud que puedas tener.<\/p>\n<p><strong>Charla Educacional Nutricional, te ense\u00f1are como debe lucir una despensa y nevera balanceada,<\/strong> te ense\u00f1are algunas de mis recetas favoritas, como debes de realizar tus compras (que debes de evitar y deber\u00edas de comprar) y por supuesto a leer las etiquetas nutricionales.<\/p>\n<p><strong>Acompa\u00f1amiento v\u00eda email,<\/strong> luego de recibir tu plan de alimentaci\u00f3n para aclarar dudas de cualquier tipo, es Importante enviar las fotograf\u00edas de tus men\u00fas pare evaluar y guiarte acerca de tus porciones. Tendr\u00e1s a<span class=\"null\" data-card-id=\"null\" data-group=\"null\">compa\u00f1amiento<\/span> semanales y podr\u00e1s escribiry enviar todos los correos que consideres necesarios para a<span class=\"null\" data-card-id=\"null\" data-group=\"null\">compa\u00f1amiento<\/span>.<\/p>\n<p><strong><span class=\"null\" data-card-id=\"null\" data-group=\"null\">Acompa\u00f1amiento<\/span> de mensajer\u00eda de texto,<\/strong> luego de recibir tu plan de alimentaci\u00f3n para aclarar dudas de cualquier tipo,<\/p>\n<h5>Material de Apoyo<\/h5>\n<ul>\n<li>Recetario Jugos Verdes<\/li>\n<li>Gu\u00eda de Porciones<\/li>\n<li>Gu\u00eda de Sustitutos<\/li>\n<li><span class=\"null\" data-card-id=\"null\" data-group=\"null\">Gu\u00eda<\/span> Mis Marcas Favorita<\/li>\n<li>Plantilla Men\u00fa Semanal, en el cual te ense\u00f1o como puedes armar tu prume munu saludable.<\/li>\n<\/ul>\n<p>\nDURACI\u00d3N: 1 MES<\/p>","protected":false},"excerpt":{"rendered":"<p><strong>\u00bfA qui\u00e9n va dirigido este plan?<\/strong><\/p>\n<p>Est\u00e1 dirigido para aquellas personas que viven en la ciudad de <strong>Miami<\/strong>, un plan dise\u00f1ado para quienes quieren reeducarse en h\u00e1bitos nutricionales, obtener resultados incre\u00edbles con un acompa\u00f1amiento a\u00fan m\u00e1s personal.<\/p>\n<p><a href=\"https:\/\/shop.noesdieta.com\/wp-content\/uploads\/2023\/11\/Plan-nutricion-101-plus.pdf\">Ver informaci\u00f3n del plan<\/a><\/p>","protected":false},"featured_media":14051,"template":"","meta":[],"product_brand":[],"product_cat":[44,16],"product_tag":[],"class_list":{"0":"post-15722","1":"product","2":"type-product","3":"status-publish","4":"has-post-thumbnail","6":"product_cat-asesoria","7":"product_cat-todos","9":"first","10":"instock","11":"downloadable","12":"virtual","13":"taxable","14":"purchasable","15":"product-type-simple"},"_links":{"self":[{"href":"https:\/\/shop.noesdieta.com\/en\/wp-json\/wp\/v2\/product\/15722","targetHints":{"allow":["GET"]}}],"collection":[{"href":"https:\/\/shop.noesdieta.com\/en\/wp-json\/wp\/v2\/product"}],"about":[{"href":"https:\/\/shop.noesdieta.com\/en\/wp-json\/wp\/v2\/types\/product"}],"wp:featuredmedia":[{"embeddable":true,"href":"https:\/\/shop.noesdieta.com\/en\/wp-json\/wp\/v2\/media\/14051"}],"wp:attachment":[{"href":"https:\/\/shop.noesdieta.com\/en\/wp-json\/wp\/v2\/media?parent=15722"}],"wp:term":[{"taxonomy":"product_brand","embeddable":true,"href":"https:\/\/shop.noesdieta.com\/en\/wp-json\/wp\/v2\/product_brand?post=15722"},{"taxonomy":"product_cat","embeddable":true,"href":"https:\/\/shop.noesdieta.com\/en\/wp-json\/wp\/v2\/product_cat?post=15722"},{"taxonomy":"product_tag","embeddable":true,"href":"https:\/\/shop.noesdieta.com\/en\/wp-json\/wp\/v2\/product_tag?post=15722"}],"curies":[{"name":"wp","href":"https:\/\/api.w.org\/{rel}","templated":true}]}}