{"id":16782,"date":"2025-01-06T14:57:36","date_gmt":"2025-01-06T14:57:36","guid":{"rendered":"https:\/\/shop.noesdieta.com\/?post_type=product&#038;p=16782"},"modified":"2025-01-27T03:23:50","modified_gmt":"2025-01-27T03:23:50","slug":"por-mi-y-para-mi","status":"publish","type":"product","link":"https:\/\/shop.noesdieta.com\/en\/product\/por-mi-y-para-mi\/","title":{"rendered":"For Me and For Me"},"content":{"rendered":"<p><strong>Con un enfoque integral y herramientas pr\u00e1cticas, trabajaremos juntas durante el reto en 3 \u00e1reas clave:<\/strong><\/p>\n<ul>\n<li>Desinflamaci\u00f3n: Para sentirte m\u00e1s ligera y llena de energ\u00eda.<\/li>\n<li>Desintoxicaci\u00f3n: Renovar tu cuerpo desde adentro.<\/li>\n<li>Disminuir tu porcentaje de grasa: De forma saludable y sostenible.<\/li>\n<\/ul>\n<p><strong>Todo esto te ayudar\u00e1 a:<\/strong><\/p>\n<ul>\n<li>Aumentar tu energ\u00eda.<\/li>\n<li>Reducir la celulitis.<\/li>\n<li>Disminuir la inflamaci\u00f3n.<\/li>\n<\/ul>\n<p>*Este reto est\u00e1 abierto para todos, excepto embarazadas y diab\u00e9ticos tipo 1.*<\/p>\n<p><strong>Incluye:<\/strong><\/p>\n<ol>\n<li>Plan nutricional antiinflamatorio semi-personalizado, rico en antioxidantes y rico en fibra (21 d\u00edas).<\/li>\n<li>Clases de nutrici\u00f3n en donde hablar\u00e9 de temas c\u00f3mo cortisol, inflamaci\u00f3n cr\u00f3nica, ansiedad, porciones de alimentos de acuerdo a los requerimientos, suplementos y hierbas para disminuir la inflamaci\u00f3n.<\/li>\n<li>Level Up \u00f3 Ebook *Level Up se envia solo dentro de Estados Unidos.<\/li>\n<li>Una gu\u00eda con todos los detalles del proceso<\/li>\n<li>Recetario: Platos f\u00e1ciles y deliciosos con alimentos reales.<\/li>\n<li>Porciones: Aprende a controlar tus comidas de forma intuitiva.<\/li>\n<li>Acompa\u00f1amiento diario<\/li>\n<li>Canal de Telegram exclusivo.<\/li>\n<li>1 sesi\u00f3n semanal en Zoom.<\/li>\n<li>Grupo privado en Facebook.<\/li>\n<li>2-3 transmisiones en vivo con expertos.<\/li>\n<li>Sesiones con Invitados Especiales<\/li>\n<\/ol>\n<p>Este reto puede ayudar a personas que sufran de estre\u00f1imiento, hipotiroidismo, inflamaci\u00f3n cr\u00f3nica, sobrepeso, resistencia a la insulina, para los que deseen disminuir la adicci\u00f3n al az\u00facar y la grasa corporal<\/p>\n<p>Puedes participar desde cualquier parte del mundo, hombres, mujeres y adolescentes.<\/p>\n<p>\u00a1Todas las clases quedar\u00e1n grabadas para que puedan verlas en sus horarios de conveniencia!<\/p>","protected":false},"excerpt":{"rendered":"<p>Reg\u00e1late la oportunidad de <strong>crear tu mejor versi\u00f3n este 2025 en 21 d\u00edas<\/strong><\/p>\n<p>Quiero invitarte a formar parte de un programa \u00fanico dise\u00f1ado especialmente para transformar tu cuerpo y mente en 21 d\u00edas.<\/p>\n<p>\u00a1Comenzamos el Lunes 27 de Enero!<\/p>","protected":false},"featured_media":16786,"template":"","meta":[],"product_brand":[],"product_cat":[61],"product_tag":[],"class_list":{"0":"post-16782","1":"product","2":"type-product","3":"status-publish","4":"has-post-thumbnail","6":"product_cat-retos","8":"first","9":"outofstock","10":"taxable","11":"shipping-taxable","12":"purchasable","13":"product-type-variable"},"_links":{"self":[{"href":"https:\/\/shop.noesdieta.com\/en\/wp-json\/wp\/v2\/product\/16782","targetHints":{"allow":["GET"]}}],"collection":[{"href":"https:\/\/shop.noesdieta.com\/en\/wp-json\/wp\/v2\/product"}],"about":[{"href":"https:\/\/shop.noesdieta.com\/en\/wp-json\/wp\/v2\/types\/product"}],"wp:featuredmedia":[{"embeddable":true,"href":"https:\/\/shop.noesdieta.com\/en\/wp-json\/wp\/v2\/media\/16786"}],"wp:attachment":[{"href":"https:\/\/shop.noesdieta.com\/en\/wp-json\/wp\/v2\/media?parent=16782"}],"wp:term":[{"taxonomy":"product_brand","embeddable":true,"href":"https:\/\/shop.noesdieta.com\/en\/wp-json\/wp\/v2\/product_brand?post=16782"},{"taxonomy":"product_cat","embeddable":true,"href":"https:\/\/shop.noesdieta.com\/en\/wp-json\/wp\/v2\/product_cat?post=16782"},{"taxonomy":"product_tag","embeddable":true,"href":"https:\/\/shop.noesdieta.com\/en\/wp-json\/wp\/v2\/product_tag?post=16782"}],"curies":[{"name":"wp","href":"https:\/\/api.w.org\/{rel}","templated":true}]}}