{"id":17150,"date":"2025-05-08T20:59:47","date_gmt":"2025-05-08T20:59:47","guid":{"rendered":"https:\/\/shop.noesdieta.com\/?post_type=product&#038;p=17150"},"modified":"2025-05-24T12:56:23","modified_gmt":"2025-05-24T12:56:23","slug":"ayuna-con-proposito","status":"publish","type":"product","link":"https:\/\/shop.noesdieta.com\/en\/product\/ayuna-con-proposito\/","title":{"rendered":"AYUNA CON PROP\u00d3SITO"},"content":{"rendered":"<p>Un programa de 21 d\u00edas donde aprender\u00e1s, a desintoxicar tu cuerpo a trav\u00e9s de un plan de alimentaci\u00f3n guiado de forma pr\u00e1ctica y deliciosa, sanar desde adentro para que tus niveles de estr\u00e9s \/ cortisol bajen y puedas lograr la meta seg\u00fan TUS OBJETIVOS.<\/p>\n<h3><strong>Incluye:<\/strong><\/h3>\n<ul>\n<li>21 d\u00edas de men\u00fas desintoxicantes<\/li>\n<li>30 recetas exclusivas<\/li>\n<li>Lista de compras semanal<\/li>\n<li>Acceso privado a la comunidad (Telegram)<\/li>\n<li>Bonos especiales: mini gu\u00eda de snacks saludables<\/li>\n<li>Ebook (personas fuera de EEUU)<\/li>\n<li>LEVEL UP (persona dentro de EEUU)<\/li>\n<li>Clases de Zoom con profesionales en diferentes \u00e1reas<\/li>\n<\/ul>","protected":false},"excerpt":{"rendered":"<p>Desintoxica tu cuerpo, disminuye cortisol y GANA claridad mental.<\/p>\n<p><strong>PREVENTA POR TIEMPO LIMITADO<\/strong><\/p>\n<p>\u26a0\ufe0f Importante: Este reto no es apto para personas con des\u00f3rdenes de alimentaci\u00f3n, diabetes tipo 1, embarazadas, ni para quienes buscan hipertrofia muscular o entrenan para triatl\u00f3n. <a href=\"https:\/\/noesdieta.com\/asesorias\/\">Si eres una de estas personas puedes obtener un plan personalizado haciendo clic aqu\u00ed. <\/a>Todas las ventas son finales. No se realizan reembolsos.<\/p>","protected":false},"featured_media":17153,"template":"","meta":[],"product_brand":[],"product_cat":[61],"product_tag":[],"class_list":{"0":"post-17150","1":"product","2":"type-product","3":"status-publish","4":"has-post-thumbnail","6":"product_cat-retos","8":"first","9":"outofstock","10":"taxable","11":"shipping-taxable","12":"purchasable","13":"product-type-variable"},"_links":{"self":[{"href":"https:\/\/shop.noesdieta.com\/en\/wp-json\/wp\/v2\/product\/17150","targetHints":{"allow":["GET"]}}],"collection":[{"href":"https:\/\/shop.noesdieta.com\/en\/wp-json\/wp\/v2\/product"}],"about":[{"href":"https:\/\/shop.noesdieta.com\/en\/wp-json\/wp\/v2\/types\/product"}],"wp:featuredmedia":[{"embeddable":true,"href":"https:\/\/shop.noesdieta.com\/en\/wp-json\/wp\/v2\/media\/17153"}],"wp:attachment":[{"href":"https:\/\/shop.noesdieta.com\/en\/wp-json\/wp\/v2\/media?parent=17150"}],"wp:term":[{"taxonomy":"product_brand","embeddable":true,"href":"https:\/\/shop.noesdieta.com\/en\/wp-json\/wp\/v2\/product_brand?post=17150"},{"taxonomy":"product_cat","embeddable":true,"href":"https:\/\/shop.noesdieta.com\/en\/wp-json\/wp\/v2\/product_cat?post=17150"},{"taxonomy":"product_tag","embeddable":true,"href":"https:\/\/shop.noesdieta.com\/en\/wp-json\/wp\/v2\/product_tag?post=17150"}],"curies":[{"name":"wp","href":"https:\/\/api.w.org\/{rel}","templated":true}]}}