{"id":17355,"date":"2025-07-10T21:43:48","date_gmt":"2025-07-10T21:43:48","guid":{"rendered":"https:\/\/shop.noesdieta.com\/?post_type=product&#038;p=17355"},"modified":"2025-12-05T19:33:36","modified_gmt":"2025-12-05T19:33:36","slug":"recetario-el-power-de-los-10-minutos","status":"publish","type":"product","link":"https:\/\/shop.noesdieta.com\/en\/product\/recetario-el-power-de-los-10-minutos\/","title":{"rendered":"recetario: \u00abEL POWER DE LOS 10 MINUTOS\u00bb"},"content":{"rendered":"<p><span style=\"font-weight: 400;\">Mi enfoque es en una alimentaci\u00f3n antiinflamatoria y sin az\u00facar, con un alto aporte nutricional. Estas recetas est\u00e1n pensadas para que puedas disfrutar de una cocina r\u00e1pida, pr\u00e1ctica y saludable, sin sentir que es una carga. Mi objetivo es que te enamores de la cocina tanto como yo, y que puedas compartir estas delicias con tus seres queridos.<\/span><\/p>\n<p><span style=\"font-weight: 400;\">Con mis recetas, podr\u00e1s disfrutar de platos principales deliciosos, panes saludables, postres sin az\u00facar y desayunos nutritivos. Todo esto acompa\u00f1ado de aderezos saludables que le dar\u00e1n sabor a tus comidas. \u00a1Espero que disfrutes de estas recetas y que te ayuden a alcanzar tus objetivos de salud!<\/span><\/p>","protected":false},"excerpt":{"rendered":"<p><span style=\"font-weight: 400;\">\u00a1Hola a todos! Soy Lorena Farias, Licenciada en Nutrici\u00f3n y Diet\u00e9tica, y estoy emocionada de presentarles mi nuevo recetario: \u00abEL POWER DE LOS 10 MINUTOS\u00bb. Como dietista y mam\u00e1, he creado este recetario pensando en la practicidad y la salud. Aqu\u00ed les presento mis recetas top, que son muy f\u00e1ciles de hacer y est\u00e1n dise\u00f1adas para que disfrutes del proceso y de los beneficios para tu salud.<\/span><\/p>\n<p><span style=\"font-weight: 400;\">Este recetario es ideal para:<\/span><\/p>\n<p><span style=\"font-weight: 400;\">&#8211; Personas que buscan una alimentaci\u00f3n saludable y pr\u00e1ctica<\/span><\/p>\n<p><span style=\"font-weight: 400;\">&#8211; Familias que quieren disfrutar de comidas deliciosas y nutritivas<\/span><\/p>\n<p><span style=\"font-weight: 400;\">&#8211; Aquellos que buscan reducir la inflamaci\u00f3n y mejorar su salud<\/span><\/p>\n<p>&nbsp;<\/p>\n<p>&nbsp;<\/p>","protected":false},"featured_media":17356,"template":"","meta":[],"product_brand":[],"product_cat":[16],"product_tag":[],"class_list":{"0":"post-17355","1":"product","2":"type-product","3":"status-publish","4":"has-post-thumbnail","6":"product_cat-todos","8":"first","9":"instock","10":"downloadable","11":"virtual","12":"taxable","13":"purchasable","14":"product-type-simple"},"_links":{"self":[{"href":"https:\/\/shop.noesdieta.com\/en\/wp-json\/wp\/v2\/product\/17355","targetHints":{"allow":["GET"]}}],"collection":[{"href":"https:\/\/shop.noesdieta.com\/en\/wp-json\/wp\/v2\/product"}],"about":[{"href":"https:\/\/shop.noesdieta.com\/en\/wp-json\/wp\/v2\/types\/product"}],"wp:featuredmedia":[{"embeddable":true,"href":"https:\/\/shop.noesdieta.com\/en\/wp-json\/wp\/v2\/media\/17356"}],"wp:attachment":[{"href":"https:\/\/shop.noesdieta.com\/en\/wp-json\/wp\/v2\/media?parent=17355"}],"wp:term":[{"taxonomy":"product_brand","embeddable":true,"href":"https:\/\/shop.noesdieta.com\/en\/wp-json\/wp\/v2\/product_brand?post=17355"},{"taxonomy":"product_cat","embeddable":true,"href":"https:\/\/shop.noesdieta.com\/en\/wp-json\/wp\/v2\/product_cat?post=17355"},{"taxonomy":"product_tag","embeddable":true,"href":"https:\/\/shop.noesdieta.com\/en\/wp-json\/wp\/v2\/product_tag?post=17355"}],"curies":[{"name":"wp","href":"https:\/\/api.w.org\/{rel}","templated":true}]}}