{"id":17594,"date":"2025-08-26T17:36:22","date_gmt":"2025-08-26T17:36:22","guid":{"rendered":"https:\/\/shop.noesdieta.com\/?post_type=product&#038;p=17594"},"modified":"2025-09-13T14:10:53","modified_gmt":"2025-09-13T14:10:53","slug":"sentirte-bien-es-verte-bien","status":"publish","type":"product","link":"https:\/\/shop.noesdieta.com\/en\/product\/sentirte-bien-es-verte-bien\/","title":{"rendered":"Sentirte bien es VERTE bien"},"content":{"rendered":"<p>Un programa de 21 d\u00edas donde aprender\u00e1s, a desintoxicar tu cuerpo a trav\u00e9s de un plan de alimentaci\u00f3n guiado antiinflamatorio. Una gu\u00eda pr\u00e1ctica y deliciosa, que te ayudar\u00e1 a sanar desde adentro para lograr una digesti\u00f3n efectiva que llevar\u00e1 a una perdida de peso, una piel m\u00e1s saludable, mayor energ\u00eda y sue\u00f1o reparador.<\/p>\n<p><strong>Qu\u00e9 incluye:<\/strong><\/p>\n<ul>\n<li>21 d\u00edas de men\u00fas desintoxicantes<\/li>\n<li>30 recetas exclusivas<\/li>\n<li>Lista de compras semanal<\/li>\n<li>Acceso privado a la comunidad (Telegram)<\/li>\n<li>Ebook (personas fuera de EEUU)<\/li>\n<li>BALANCE (persona dentro de EEUU)<\/li>\n<\/ul>\n<p><strong>\u00bfQu\u00e9 lograr\u00e1s al completar el reto?<\/strong><\/p>\n<ul>\n<li>Energ\u00eda renovada<\/li>\n<li>Reducci\u00f3n de estr\u00e9s<\/li>\n<li>Mejor digesti\u00f3n y piel m\u00e1s limpia<\/li>\n<li>Mejor estado de \u00e1nimo<\/li>\n<li>Mejores episodios de sue\u00f1o \/ mayor descansa<\/li>\n<li>P\u00e9rdida de peso<\/li>\n<\/ul>","protected":false},"excerpt":{"rendered":"<p><strong>RETO 21 dias de una alimentaci\u00f3n antiinflamatoria <\/strong><\/p>\n<p>Enfocado en disminuir <strong>ANSIEDAD y CORTISOL<\/strong><\/p>","protected":false},"featured_media":17597,"template":"","meta":[],"product_brand":[],"product_cat":[61],"product_tag":[],"class_list":{"0":"post-17594","1":"product","2":"type-product","3":"status-publish","4":"has-post-thumbnail","6":"product_cat-retos","8":"first","9":"outofstock","10":"sale","11":"taxable","12":"shipping-taxable","13":"purchasable","14":"product-type-variable"},"_links":{"self":[{"href":"https:\/\/shop.noesdieta.com\/en\/wp-json\/wp\/v2\/product\/17594","targetHints":{"allow":["GET"]}}],"collection":[{"href":"https:\/\/shop.noesdieta.com\/en\/wp-json\/wp\/v2\/product"}],"about":[{"href":"https:\/\/shop.noesdieta.com\/en\/wp-json\/wp\/v2\/types\/product"}],"wp:featuredmedia":[{"embeddable":true,"href":"https:\/\/shop.noesdieta.com\/en\/wp-json\/wp\/v2\/media\/17597"}],"wp:attachment":[{"href":"https:\/\/shop.noesdieta.com\/en\/wp-json\/wp\/v2\/media?parent=17594"}],"wp:term":[{"taxonomy":"product_brand","embeddable":true,"href":"https:\/\/shop.noesdieta.com\/en\/wp-json\/wp\/v2\/product_brand?post=17594"},{"taxonomy":"product_cat","embeddable":true,"href":"https:\/\/shop.noesdieta.com\/en\/wp-json\/wp\/v2\/product_cat?post=17594"},{"taxonomy":"product_tag","embeddable":true,"href":"https:\/\/shop.noesdieta.com\/en\/wp-json\/wp\/v2\/product_tag?post=17594"}],"curies":[{"name":"wp","href":"https:\/\/api.w.org\/{rel}","templated":true}]}}