{"id":17771,"date":"2025-10-04T16:21:18","date_gmt":"2025-10-04T16:21:18","guid":{"rendered":"https:\/\/shop.noesdieta.com\/?post_type=product&#038;p=17771"},"modified":"2025-11-01T13:13:20","modified_gmt":"2025-11-01T13:13:20","slug":"switch-metabolico","status":"publish","type":"product","link":"https:\/\/shop.noesdieta.com\/en\/product\/switch-metabolico\/","title":{"rendered":"SWITCH METAB\u00d3LICO"},"content":{"rendered":"<p>Un programa de 14 d\u00edas donde reseteamos nuestro metabolismo a trav\u00e9s de una alimentaci\u00f3n antiinflamatoria planificada y pensada seg\u00fan el objetivo, el plan ayudar\u00e1 a\u00a0 desintoxicar tu cuerpo. Una gu\u00eda pr\u00e1ctica y r\u00e1pida, que te ayudar\u00e1 a entender tu cuerpo, acelerar tu metabolismo y lograr no solo una digesti\u00f3n efectiva que llevar\u00e1 a una p\u00e9rdida de peso, mayor energ\u00eda,\u00a0 mayor concentraci\u00f3n y mayor quema de grasa.<\/p>\n<p><strong>Qu\u00e9 incluye:<\/strong><\/p>\n<ul>\n<li>Plan de alimentaci\u00f3n diario<\/li>\n<li>Recetas ant-iinflamaci\u00f3n f\u00e1ciles y sabrosas<\/li>\n<li>Clases de nutrici\u00f3n por Zoom<\/li>\n<li>Gu\u00edas de compras<\/li>\n<li>Tips anti-inflamatorios diarios<\/li>\n<li>Grupo de acompa\u00f1amiento \/ comunidad por Telegram<\/li>\n<\/ul>\n<p><strong>\u00bfQu\u00e9 lograr\u00e1s al completar el reto?<\/strong><\/p>\n<ul>\n<li>Energ\u00eda renovada<\/li>\n<li>Metabolismo m\u00e1s acelerado<\/li>\n<li>P\u00e9rdida de peso<\/li>\n<li>Mejor digesti\u00f3n y piel m\u00e1s limpia<\/li>\n<li>Mejor estado de \u00e1nimo<\/li>\n<li>Mejores episodios de sue\u00f1o \/ mayor descansa<\/li>\n<\/ul>","protected":false},"excerpt":{"rendered":"<p>14 d\u00edas de alimentaci\u00f3n anti-inflamatoria<br \/>\n<strong>PLUS: Rutina de entrenamiento<\/strong><\/p>\n<p>ENFOCADO <strong>en disminuir inflamaci\u00f3n, activar el metab\u00f3lico a trav\u00e9s de alimentaci\u00f3n y rutinas de ejercicios diarias.<\/strong><\/p>","protected":false},"featured_media":17788,"template":"","meta":[],"product_brand":[],"product_cat":[61],"product_tag":[],"class_list":{"0":"post-17771","1":"product","2":"type-product","3":"status-publish","4":"has-post-thumbnail","6":"product_cat-retos","8":"first","9":"outofstock","10":"sale","11":"virtual","12":"taxable","13":"purchasable","14":"product-type-simple"},"_links":{"self":[{"href":"https:\/\/shop.noesdieta.com\/en\/wp-json\/wp\/v2\/product\/17771","targetHints":{"allow":["GET"]}}],"collection":[{"href":"https:\/\/shop.noesdieta.com\/en\/wp-json\/wp\/v2\/product"}],"about":[{"href":"https:\/\/shop.noesdieta.com\/en\/wp-json\/wp\/v2\/types\/product"}],"wp:featuredmedia":[{"embeddable":true,"href":"https:\/\/shop.noesdieta.com\/en\/wp-json\/wp\/v2\/media\/17788"}],"wp:attachment":[{"href":"https:\/\/shop.noesdieta.com\/en\/wp-json\/wp\/v2\/media?parent=17771"}],"wp:term":[{"taxonomy":"product_brand","embeddable":true,"href":"https:\/\/shop.noesdieta.com\/en\/wp-json\/wp\/v2\/product_brand?post=17771"},{"taxonomy":"product_cat","embeddable":true,"href":"https:\/\/shop.noesdieta.com\/en\/wp-json\/wp\/v2\/product_cat?post=17771"},{"taxonomy":"product_tag","embeddable":true,"href":"https:\/\/shop.noesdieta.com\/en\/wp-json\/wp\/v2\/product_tag?post=17771"}],"curies":[{"name":"wp","href":"https:\/\/api.w.org\/{rel}","templated":true}]}}