{"id":17949,"date":"2025-11-25T15:58:11","date_gmt":"2025-11-25T15:58:11","guid":{"rendered":"https:\/\/shop.noesdieta.com\/?post_type=product&#038;p=17949"},"modified":"2025-12-16T15:02:57","modified_gmt":"2025-12-16T15:02:57","slug":"masterclass","status":"publish","type":"product","link":"https:\/\/shop.noesdieta.com\/en\/product\/masterclass\/","title":{"rendered":"MasterClass"},"content":{"rendered":"<h5>MasterClass Hablemos de AYUNO -INFLAMACI\u00d6N-CORTISOL-ANSIEDAD<\/h5>\n<ul>\n<li><span style=\"font-weight: 400;\">Enfocado en conocer los m\u00e9todos del ayuno y sus beneficios<\/span><\/li>\n<li><span style=\"font-weight: 400;\">C\u00f3mo disminuir inflamaci\u00f3n, activar el metab\u00f3lico a trav\u00e9s de alimentaci\u00f3n\u00a0<\/span><\/li>\n<li style=\"font-weight: 400;\" aria-level=\"1\"><span style=\"font-weight: 400;\">Bajar el cortisol para mejorar la vida diaria<\/span><\/li>\n<li style=\"font-weight: 400;\" aria-level=\"1\"><span style=\"font-weight: 400;\">Gestionar la ansiedad\u00a0<\/span><\/li>\n<\/ul>\n<p>&nbsp;<\/p>\n<h5>BENEFICIOS<\/h5>\n<p><strong>1. Comprensi\u00f3n Profunda de la Fisiolog\u00eda<\/strong><br \/>\nObtendr\u00e1s claridad sobre c\u00f3mo funcionan estos sistemas en tu cuerpo y c\u00f3mo se influencian mutuamente:<br \/>\nEntender el Ayuno: Aprender\u00e1s los mecanismos detr\u00e1s del ayuno (autofagia, cetosis, sensibilidad a la insulina) y c\u00f3mo aplicarlos de manera segura y efectiva a tu estilo de vida.<br \/>\nInflamaci\u00f3n y Enfermedad: Comprender\u00e1s que la inflamaci\u00f3n cr\u00f3nica y de bajo grado es a menudo la ra\u00edz de muchas enfermedades modernas, y c\u00f3mo los h\u00e1bitos de vida contribuyen a ella.<br \/>\nEl Eje Estr\u00e9s-Ansiedad: Desglosar\u00e1s el papel del cortisol (la principal hormona del estr\u00e9s) y su impacto en tu estado de \u00e1nimo, sue\u00f1o, almacenamiento de grasa y niveles de ansiedad. Sabr\u00e1s c\u00f3mo el estr\u00e9s cr\u00f3nico desregula todo tu sistema.<\/p>\n<p><strong>2. Herramientas Pr\u00e1cticas para Reducir la Inflamaci\u00f3n<\/strong><br \/>\nEl enfoque principal de la masterclass te proporcionar\u00e1 estrategias accionables para reducir la inflamaci\u00f3n sist\u00e9mica:<br \/>\nProtocolos de Ayuno Dirigido: Descubrir\u00e1s qu\u00e9 tipos de ayuno (intermitente, prolongado, etc.) son m\u00e1s efectivos para reducir los marcadores inflamatorios y cu\u00e1ndo deben o no aplicarse seg\u00fan tu estado de salud.<br \/>\nNutrici\u00f3n Antiinflamatoria: Aprender\u00e1s a identificar alimentos que disparan la inflamaci\u00f3n y cu\u00e1les la combaten, optimizando tu dieta para apoyar un cuerpo m\u00e1s sano.<br \/>\nSuplementaci\u00f3n Estrat\u00e9gica: Conocer\u00e1s suplementos clave (como omega-3 o magnesio) que pueden ayudar a mitigar la inflamaci\u00f3n y equilibrar las hormonas del estr\u00e9s.<\/p>\n<p><strong>3. Manejo Efectivo del Estr\u00e9s y la Ansiedad<\/strong><br \/>\nAl abordar la tr\u00edada de cortisol, inflamaci\u00f3n y ayuno, la masterclass te dar\u00e1 un camino directo para mejorar tu bienestar mental:<br \/>\nRegulaci\u00f3n del Cortisol: Aprender\u00e1s t\u00e9cnicas espec\u00edficas (respiraci\u00f3n, mindfulness, manejo del tiempo) y ajustes diet\u00e9ticos que ayudan a estabilizar los niveles de cortisol, especialmente en las ma\u00f1anas y antes de acostarse.<br \/>\nMejora de la Calidad del Sue\u00f1o: Entender\u00e1s la relaci\u00f3n bidireccional entre el sue\u00f1o deficiente y el cortisol\/ansiedad, y c\u00f3mo el ayuno estrat\u00e9gico puede impactar positivamente tu ritmo circadiano.<br \/>\nReducci\u00f3n de la Ansiedad Basal: Al reducir la inflamaci\u00f3n cerebral y equilibrar las hormonas del estr\u00e9s, experimentar\u00e1s una disminuci\u00f3n en los sentimientos persistentes de ansiedad, mejorando tu resiliencia mental.<\/p>\n<p><strong>4. Optimizaci\u00f3n General de la Salud<\/strong><br \/>\nLos conocimientos adquiridos tendr\u00e1n efectos positivos en otras \u00e1reas de tu vida:<br \/>\nControl de Peso Mejorado: La reducci\u00f3n del cortisol y la inflamaci\u00f3n est\u00e1 directamente relacionada con la disminuci\u00f3n de la grasa visceral y una mejor gesti\u00f3n del peso.<br \/>\nM\u00e1s Energ\u00eda y Claridad Mental: Al mejorar la salud metab\u00f3lica y reducir la inflamaci\u00f3n, muchas personas reportan una mayor energ\u00eda sostenida y una funci\u00f3n cognitiva m\u00e1s n\u00edtida.<br \/>\nPersonalizaci\u00f3n: Obtendr\u00e1s la informaci\u00f3n necesaria para dejar de seguir dietas gen\u00e9ricas y comenzar a dise\u00f1ar un estilo de vida que respete tu biolog\u00eda \u00fanica y tus objetivos espec\u00edficos de salud.<\/p>","protected":false},"excerpt":{"rendered":"<p>Hablemos de AYUNO -INFLAMACI\u00d3N-CORTISOL-ANSIEDAD.<\/p>\n<p><strong>Incluye: <\/strong><br \/>\n&#8211; Una clase en vivo (y grabada para quienes no puedan verla el d\u00eda).<br \/>\n&#8211; Oferta Especial: 1 asesor\u00eda personalizada de un mes + Balance o Slim por $550 USD.<\/p>","protected":false},"featured_media":17984,"template":"","meta":[],"product_brand":[],"product_cat":[16],"product_tag":[],"class_list":{"0":"post-17949","1":"product","2":"type-product","3":"status-publish","4":"has-post-thumbnail","6":"product_cat-todos","8":"first","9":"outofstock","10":"virtual","11":"taxable","12":"purchasable","13":"product-type-simple"},"_links":{"self":[{"href":"https:\/\/shop.noesdieta.com\/en\/wp-json\/wp\/v2\/product\/17949","targetHints":{"allow":["GET"]}}],"collection":[{"href":"https:\/\/shop.noesdieta.com\/en\/wp-json\/wp\/v2\/product"}],"about":[{"href":"https:\/\/shop.noesdieta.com\/en\/wp-json\/wp\/v2\/types\/product"}],"wp:featuredmedia":[{"embeddable":true,"href":"https:\/\/shop.noesdieta.com\/en\/wp-json\/wp\/v2\/media\/17984"}],"wp:attachment":[{"href":"https:\/\/shop.noesdieta.com\/en\/wp-json\/wp\/v2\/media?parent=17949"}],"wp:term":[{"taxonomy":"product_brand","embeddable":true,"href":"https:\/\/shop.noesdieta.com\/en\/wp-json\/wp\/v2\/product_brand?post=17949"},{"taxonomy":"product_cat","embeddable":true,"href":"https:\/\/shop.noesdieta.com\/en\/wp-json\/wp\/v2\/product_cat?post=17949"},{"taxonomy":"product_tag","embeddable":true,"href":"https:\/\/shop.noesdieta.com\/en\/wp-json\/wp\/v2\/product_tag?post=17949"}],"curies":[{"name":"wp","href":"https:\/\/api.w.org\/{rel}","templated":true}]}}