{"id":18205,"date":"2026-01-08T13:53:56","date_gmt":"2026-01-08T13:53:56","guid":{"rendered":"https:\/\/shop.noesdieta.com\/?post_type=product&#038;p=18205"},"modified":"2026-02-01T14:25:38","modified_gmt":"2026-02-01T14:25:38","slug":"reset-21-adios-a-la-inflamacion","status":"publish","type":"product","link":"https:\/\/shop.noesdieta.com\/en\/product\/reset-21-adios-a-la-inflamacion\/","title":{"rendered":"RESET 21 Adi\u00f3s a la INFLAMACI\u00d3N"},"content":{"rendered":"<h2><span style=\"font-weight: 400;\">Los beneficios que se asocian combinados con un reseteo metab\u00f3lico bien dirigido incluyen:<\/span><\/h2>\n<ol>\n<li style=\"font-weight: 400;\" aria-level=\"1\"><b>Aumento de Energ\u00eda y Vitalidad:<\/b><span style=\"font-weight: 400;\"> Al optimizar la forma en que el cuerpo utiliza la energ\u00eda de los alimentos, se busca lograr un nivel de energ\u00eda m\u00e1s estable y sostenido a lo largo del d\u00eda.<\/span><\/li>\n<li style=\"font-weight: 400;\" aria-level=\"1\"><b>Mejora de la Capacidad para Quemar Grasa:<\/b><span style=\"font-weight: 400;\"> Se busca que el cuerpo recupere o aumente la llamada \u00abflexibilidad metab\u00f3lica\u00bb, es decir, la habilidad de usar eficientemente tanto la glucosa (az\u00facar) como las reservas de grasa como combustible.<\/span><\/li>\n<li style=\"font-weight: 400;\" aria-level=\"1\"><b>Reducci\u00f3n de la Inflamaci\u00f3n Sist\u00e9mica:<\/b><span style=\"font-weight: 400;\"> Muchos protocolos incluyen la eliminaci\u00f3n de alimentos que se consideran proinflamatorios, lo que puede ayudar a desinflamar tejidos y mejorar el bienestar general.<\/span><\/li>\n<li style=\"font-weight: 400;\" aria-level=\"1\"><b>Mejor Control de Peso y Grasa Corporal:<\/b><span style=\"font-weight: 400;\"> Como consecuencia de la mejor gesti\u00f3n de la energ\u00eda y la quema de grasa, muchas personas experimentan una p\u00e9rdida de peso m\u00e1s efectiva y duradera.<\/span><\/li>\n<li style=\"font-weight: 400;\" aria-level=\"1\"><b>Equilibrio Hormonal:<\/b><span style=\"font-weight: 400;\"> Al estabilizar los niveles de glucosa e insulina, y reducir el estr\u00e9s, puede haber una mejora en el equilibrio de otras hormonas clave.<\/span><\/li>\n<li style=\"font-weight: 400;\" aria-level=\"1\"><b>Disminuci\u00f3n de la Ansiedad por Comer:<\/b><span style=\"font-weight: 400;\"> Al lograr niveles de energ\u00eda y glucosa m\u00e1s estables, se puede reducir la sensaci\u00f3n de hambre constante y la ansiedad por los alimentos dulces.<\/span><\/li>\n<li style=\"font-weight: 400;\" aria-level=\"1\"><b>Salud Digestiva \u00d3ptima:<\/b><span style=\"font-weight: 400;\"> Muchos enfoques de reseteo incluyen el cuidado de la microbiota intestinal (la flora intestinal), lo que puede resultar en digestiones m\u00e1s eficientes, menos gases e insuficientes, y regularidad.<\/span><\/li>\n<li style=\"font-weight: 400;\" aria-level=\"1\"><b>Claridad Mental y Concentraci\u00f3n:<\/b><span style=\"font-weight: 400;\"> Al reducir la inflamaci\u00f3n y proporcionar un suministro de combustible m\u00e1s estable al cerebro, se puede experimentar una mejora en la funci\u00f3n cognitiva.<\/span><\/li>\n<li style=\"font-weight: 400;\" aria-level=\"1\"><b>Mejora de Marcadores de Salud:<\/b><span style=\"font-weight: 400;\"> Puede contribuir a optimizar el perfil metab\u00f3lico (niveles de glucosa, l\u00edpidos y presi\u00f3n arterial).<\/span><\/li>\n<\/ol>","protected":false},"excerpt":{"rendered":"<p>01 de Febrero INICIO<\/p>\n<p><strong>Inlcuye:<\/strong><\/p>\n<ul>\n<li>21 d\u00edas de men\u00fas antiinflamatorios<\/li>\n<li>20 recetas exclusivas<\/li>\n<li>Lista de compras<\/li>\n<li>Acceso privado a la comunidad (Telegram)<\/li>\n<\/ul>","protected":false},"featured_media":18127,"template":"","meta":[],"product_brand":[],"product_cat":[61],"product_tag":[],"class_list":{"0":"post-18205","1":"product","2":"type-product","3":"status-publish","4":"has-post-thumbnail","6":"product_cat-retos","8":"first","9":"outofstock","10":"sale","11":"taxable","12":"shipping-taxable","13":"purchasable","14":"product-type-simple"},"_links":{"self":[{"href":"https:\/\/shop.noesdieta.com\/en\/wp-json\/wp\/v2\/product\/18205","targetHints":{"allow":["GET"]}}],"collection":[{"href":"https:\/\/shop.noesdieta.com\/en\/wp-json\/wp\/v2\/product"}],"about":[{"href":"https:\/\/shop.noesdieta.com\/en\/wp-json\/wp\/v2\/types\/product"}],"wp:featuredmedia":[{"embeddable":true,"href":"https:\/\/shop.noesdieta.com\/en\/wp-json\/wp\/v2\/media\/18127"}],"wp:attachment":[{"href":"https:\/\/shop.noesdieta.com\/en\/wp-json\/wp\/v2\/media?parent=18205"}],"wp:term":[{"taxonomy":"product_brand","embeddable":true,"href":"https:\/\/shop.noesdieta.com\/en\/wp-json\/wp\/v2\/product_brand?post=18205"},{"taxonomy":"product_cat","embeddable":true,"href":"https:\/\/shop.noesdieta.com\/en\/wp-json\/wp\/v2\/product_cat?post=18205"},{"taxonomy":"product_tag","embeddable":true,"href":"https:\/\/shop.noesdieta.com\/en\/wp-json\/wp\/v2\/product_tag?post=18205"}],"curies":[{"name":"wp","href":"https:\/\/api.w.org\/{rel}","templated":true}]}}