{"id":226,"date":"2020-01-30T01:41:19","date_gmt":"2020-01-30T01:41:19","guid":{"rendered":"http:\/\/lorenanoesdieta.co\/?post_type=product&#038;p=226"},"modified":"2025-12-05T19:35:54","modified_gmt":"2025-12-05T19:35:54","slug":"guia-hipotiroidismo-autoinmune","status":"publish","type":"product","link":"https:\/\/shop.noesdieta.com\/en\/product\/guia-hipotiroidismo-autoinmune\/","title":{"rendered":"Guide To Autoimmune Hypothyroidism"},"content":{"rendered":"<p><strong>Baja de peso, mejora tu calidad de vida y disminuir los s\u00edntomas del hipotiroidismo con mi E-Book \u00abHipotiroidismo Autoinmune -Gu\u00eda para mejorar tus problemas de tiroides\u00bb<\/strong><\/p>\n<p>Esta gu\u00eda para mejorar tus problemas de tiroides, es una forma r\u00e1pida de reajustar tu cuerpo, porque \u00bfSab\u00edas qu\u00e9 el hipotiroidismo, es una epidemia silenciosa siendo m\u00e1s com\u00fan de lo que nos podemos imaginar? Este padecimiento afecta a millones de personas cada d\u00eda (principalmente mujeres) y es uno de las causantes del aumento alarmante en obesidad de la poblaci\u00f3n americana principalmente.<\/p>\n<p>La buena noticia es que puedes controlar esta enfermedad cambiando tu estilo de vida y tus h\u00e1bitos alimenticios. Esto no s\u00f3lo te har\u00e1 sentir mejor, sino que lograr\u00e1s perder peso y llevar un estilo de vida m\u00e1s saludable. Yo como Nutricionista te digo que, si decides seguir esta gu\u00eda, lo que vas a perder de peso y reducci\u00f3n de signos y s\u00edntomas, lo ganar\u00e1s en salud y ense\u00f1ar\u00e1s a tu cuerpo a pedir lo que necesita. Crear\u00e1s un estilo de vida con h\u00e1bitos a largo plazo, sencillos de mantener y que no van a interferir en tu vida familiar o social, cuidando tu salud.<\/p>","protected":false},"excerpt":{"rendered":"<p>Mejora tus problemas de tiroides y baja de peso<\/p>\n<p>\u00bfQu\u00e9 vas a encontrar en <strong>\u00abHIPOTIROIDISMO AUTOINMUNE -Gu\u00eda para mejorar tus problemas de tiroides\u00bb<\/strong>?<\/p>\n<p>\u2022 Todo sobre la tiroides e hipotiroidismo.<br \/>\n\u2022 Hablamos sobre el gluten.<br \/>\n\u2022 C\u00f3mo deben ser nuestras porciones.<br \/>\n\u2022 Lista de supermercado.<br \/>\n\u2022 Plan nutricional.<br \/>\n\u2022 Consejos de alimentaci\u00f3n.<br \/>\n\u2022 Consejos previos al ejercicio.<br \/>\n\u2022 Recetas sencillas y ricas.<\/p>","protected":false},"featured_media":14321,"template":"","meta":[],"product_brand":[],"product_cat":[31,16],"product_tag":[],"class_list":{"0":"post-226","1":"product","2":"type-product","3":"status-publish","4":"has-post-thumbnail","6":"product_cat-calidad-de-vida","7":"product_cat-todos","9":"first","10":"instock","11":"downloadable","12":"virtual","13":"taxable","14":"purchasable","15":"product-type-simple"},"_links":{"self":[{"href":"https:\/\/shop.noesdieta.com\/en\/wp-json\/wp\/v2\/product\/226","targetHints":{"allow":["GET"]}}],"collection":[{"href":"https:\/\/shop.noesdieta.com\/en\/wp-json\/wp\/v2\/product"}],"about":[{"href":"https:\/\/shop.noesdieta.com\/en\/wp-json\/wp\/v2\/types\/product"}],"wp:featuredmedia":[{"embeddable":true,"href":"https:\/\/shop.noesdieta.com\/en\/wp-json\/wp\/v2\/media\/14321"}],"wp:attachment":[{"href":"https:\/\/shop.noesdieta.com\/en\/wp-json\/wp\/v2\/media?parent=226"}],"wp:term":[{"taxonomy":"product_brand","embeddable":true,"href":"https:\/\/shop.noesdieta.com\/en\/wp-json\/wp\/v2\/product_brand?post=226"},{"taxonomy":"product_cat","embeddable":true,"href":"https:\/\/shop.noesdieta.com\/en\/wp-json\/wp\/v2\/product_cat?post=226"},{"taxonomy":"product_tag","embeddable":true,"href":"https:\/\/shop.noesdieta.com\/en\/wp-json\/wp\/v2\/product_tag?post=226"}],"curies":[{"name":"wp","href":"https:\/\/api.w.org\/{rel}","templated":true}]}}