{"id":587,"date":"2020-04-03T16:40:33","date_gmt":"2020-04-03T16:40:33","guid":{"rendered":"http:\/\/lorenanoesdieta.co\/?post_type=product&#038;p=587"},"modified":"2025-12-05T19:35:34","modified_gmt":"2025-12-05T19:35:34","slug":"guia-colon-irritable","status":"publish","type":"product","link":"https:\/\/shop.noesdieta.com\/en\/product\/guia-colon-irritable\/","title":{"rendered":"Guide to improving your problems of IRRITABLE bowel syndrome"},"content":{"rendered":"<p><strong>Mejora los s\u00edntomas de colon irritable.<\/strong><\/p>\n<p>Estabilizar tu peso y cuerpo, mejorar tu calidad de vida y disminuir los s\u00edntomas del colon irritable con mi gu\u00eda \u00abS\u00edndrome de colon irritable\u00bb<\/p>\n<p>Realic\u00e9 esta gu\u00eda con la finalidad de poder mejorar tu calidad de vida, disminuir los signos y s\u00edntomas del Colon irritable o S\u00edndrome del Intestino Irritable tales como los gases, inflamaci\u00f3n y dolores estomacales. El colon irritable tambi\u00e9n se conoce como colitis mucosa, s\u00edndrome del intestino irritable. Es una enfermedad intestinal que provoca dolores abdominales y cambios en el tr\u00e1nsito intestinal, alternando per\u00edodos de estre\u00f1imiento con descomposici\u00f3n o diarrea.<\/p>","protected":false},"excerpt":{"rendered":"<p>\u00bfQu\u00e9 vas a encontrar en la <strong>\u201cGu\u00eda para mejorar tus problemas de colon irritable\u201d<\/strong>?<\/p>\n<p>\u2022 Todo sobre la condici\u00f3n de colon irritable y su diagn\u00f3stico.<br \/>\n\u2022 Hablemos del FODMAP<br \/>\n\u2022 Alimentos a evitar y cu\u00e1les favorecen mejoras al consumirlos.<br \/>\n\u2022 C\u00f3mo deben ser nuestras porciones.<br \/>\n\u2022 Lista de supermercado.<br \/>\n\u2022 Plan nutricional.<br \/>\n\u2022 Consejos de alimentaci\u00f3n.<br \/>\n\u2022 Recetas sencillas y ricas.<\/p>","protected":false},"featured_media":9821,"template":"","meta":[],"product_brand":[],"product_cat":[31,16],"product_tag":[],"class_list":{"0":"post-587","1":"product","2":"type-product","3":"status-publish","4":"has-post-thumbnail","6":"product_cat-calidad-de-vida","7":"product_cat-todos","9":"first","10":"instock","11":"downloadable","12":"virtual","13":"taxable","14":"purchasable","15":"product-type-simple"},"_links":{"self":[{"href":"https:\/\/shop.noesdieta.com\/en\/wp-json\/wp\/v2\/product\/587","targetHints":{"allow":["GET"]}}],"collection":[{"href":"https:\/\/shop.noesdieta.com\/en\/wp-json\/wp\/v2\/product"}],"about":[{"href":"https:\/\/shop.noesdieta.com\/en\/wp-json\/wp\/v2\/types\/product"}],"wp:featuredmedia":[{"embeddable":true,"href":"https:\/\/shop.noesdieta.com\/en\/wp-json\/wp\/v2\/media\/9821"}],"wp:attachment":[{"href":"https:\/\/shop.noesdieta.com\/en\/wp-json\/wp\/v2\/media?parent=587"}],"wp:term":[{"taxonomy":"product_brand","embeddable":true,"href":"https:\/\/shop.noesdieta.com\/en\/wp-json\/wp\/v2\/product_brand?post=587"},{"taxonomy":"product_cat","embeddable":true,"href":"https:\/\/shop.noesdieta.com\/en\/wp-json\/wp\/v2\/product_cat?post=587"},{"taxonomy":"product_tag","embeddable":true,"href":"https:\/\/shop.noesdieta.com\/en\/wp-json\/wp\/v2\/product_tag?post=587"}],"curies":[{"name":"wp","href":"https:\/\/api.w.org\/{rel}","templated":true}]}}