{"id":6637,"date":"2021-11-16T14:30:34","date_gmt":"2021-11-16T14:30:34","guid":{"rendered":"https:\/\/lorenanoesdieta.co\/?post_type=product&#038;p=6637"},"modified":"2026-03-14T01:06:10","modified_gmt":"2026-03-14T01:06:10","slug":"level-up","status":"publish","type":"product","link":"https:\/\/shop.noesdieta.com\/en\/product\/level-up\/","title":{"rendered":"Level Up by this Is Not Diet"},"content":{"rendered":"<p>Level Up es una f\u00f3rmula natural de potentes antioxidantes con moringa para evitar el estr\u00e9s oxidativo, la formaci\u00f3n de radicales libres y el envejecimiento prematuro. Adem\u00e1s, te ayuda a acelerar el metabolismo y controlar tu apetito.<\/p>\n<p><strong>Atributos:<\/strong><\/p>\n<ul>\n<li>Vegan Friendly<\/li>\n<li>Control de apetito y ansiedad<\/li>\n<li>Sugar Free<\/li>\n<li>Gluten Free<\/li>\n<li>Potencia el Sistema Inmunol\u00f3gico<\/li>\n<li>Disminuye la formaci\u00f3n de radicales libres<\/li>\n<li>Ayuda a prevenir el envejecimiento prematuro<\/li>\n<li>Contenido neto: 60 c\u00e1psulas<\/li>\n<\/ul>\n<p><strong>Propiedades:<\/strong><\/p>\n<p>Por ac\u00e1 te dejo algunas de las propiedades de Level Up, que lo caracterizan y lo hacen diferente al resto de suplementos nutricionales. Espero que lo disfrutes mucho:<\/p>\n<p><u>N-Acetilciste\u00edna (NAC).<\/u> Es necesaria para producir <strong><u>glutati\u00f3n<\/u><\/strong>, un antioxidante esencial para mantener la actividad del sistema inmunol\u00f3gico, para prevenir el da\u00f1o celular y prevenir el envejecimiento prematuro. La NAC tambi\u00e9n contribuye a estabilizar la glicemia y a disminuir la resistencia a la insulina.<\/p>\n<p><u>Selenio<\/u>. Es un cofactor esencial para la s\u00edntesis de glutati\u00f3n. El selenio forma parte importante de prote\u00ednas que fortalecen el sistema inmunitario y previene el da\u00f1o celular.<\/p>\n<p><u>Vitamina C.<\/u> Es un antioxidante de primera l\u00ednea para neutralizar los radicales libres, ayudando as\u00ed a mantener los niveles de glutati\u00f3n. Adem\u00e1s, la vitamina C ayuda a convertir el glutati\u00f3n oxidado en glutati\u00f3n reducido, su forma activa.<\/p>\n<p><u>Moringa<\/u>. Es un superalimento con alta densidad nutricional. Contiene todos los amino\u00e1cidos esenciales; por lo tanto, es una prote\u00edna completa interesante para los vegetarianos.<\/p>\n<p><u>Astaxantina.<\/u> Es el antioxidante liposoluble m\u00e1s poderoso disponible en la naturaleza; tiene la capacidad de integrarse en cada c\u00e9lula, tejido y \u00f3rgano de nuestro cuerpo, donde puede neutralizar los radicales libres que causan inflamaci\u00f3n.<\/p>\n<p><u>Coenzima Q10 (CoQ10).<\/u> Promueve un coraz\u00f3n y una presi\u00f3n arterial saludables, mejora el sistema inmunol\u00f3gico y ayuda a generar energ\u00eda celular, incrementando la resistencia f\u00edsica durante el ejercicio.<\/p>\n<p><u>Gaba<\/u>. Produce un efecto calmante. Esto puede contribuir a controlar la ansiedad, el estr\u00e9s y el miedo. Gaba Ayuda a mejorar la productividad laboral, as\u00ed como a una mejor calidad de vida.<\/p>\n<p><strong>Indicaciones:<\/strong><\/p>\n<p>Se recomienda una capsula diaria para su consumo, \u00fanicamente para mujeres y hombres mayores de dieciocho (18) a\u00f1os de edad. Se recomienda asociar a una actividad f\u00edsica moderada, el consumo moderado de alcohol y una dieta equilibrada.<\/p>\n<p>Si desea fortalecer el sistema inmune puede tomar dos c\u00e1psulas diarias, pero no excederse.<\/p>\n<p>Para cualquier otra informaci\u00f3n consulte con su m\u00e9dico de cabecera.<\/p>\n<p><strong>Precauci\u00f3n:<\/strong><\/p>\n<p>Si desea tomar el suplemento y posee alguna condici\u00f3n especial, favor consultar con su m\u00e9dico de cabecera antes de iniciar el tratamiento.<\/p>\n<p><strong><u>Glutati\u00f3n: <\/u><\/strong><\/p>\n<p>Es una mol\u00e9cula pept\u00eddica compuesta por la uni\u00f3n de tres amino\u00e1cidos: ciste\u00edna, glutamato y glicina. Est\u00e1 presente en todas las c\u00e9lulas de nuestro cuerpo.<\/p>\n<p>Su dise\u00f1o le permite neutralizar los radicales libres, que son los principales responsables del da\u00f1o oxidativo. Su producci\u00f3n va disminuyendo con la edad y se estimula con la pr\u00e1ctica habitual de actividad f\u00edsica.<\/p>\n<p><strong>Preguntas frecuentes<\/strong><\/p>\n<ul>\n<li><strong>\u00bfSe pueden tomar estando lactando?<\/strong><\/li>\n<\/ul>\n<p>S\u00ed, puede tomarse durante la lactancia materna.<\/p>\n<ul>\n<li><strong>\u00bfTienes env\u00edos a Colombia y otros pa\u00edses?<\/strong><\/li>\n<\/ul>\n<p>S\u00f3lo se env\u00eda dentro de USA. Tambi\u00e9n a un casillero o familar en USA.<\/p>\n<ul>\n<li><strong>\u00bfDiferencia entre SLIM y Level Up?<\/strong><\/li>\n<\/ul>\n<p>SIM: son micronutrientes esenciales y hierbas naturales para disminuir el ESTR\u00c9S, ANSIEDAD y aumentar la LIPOLISIS para acelerar la p\u00e9rdida de peso y disminuir porcentaje de grasa.<\/p>\n<p>LEVEL UP: son ANTIOXIDANTES para evitar el envejecimiento prematuro, formaci\u00f3n de radicales libres y fortalecer el sistema inmune.<\/p>\n<p>Ambos son libres de cafe\u00edna, az\u00facar, gluten y hechos con c\u00e1psulas veganas.<\/p>","protected":false},"excerpt":{"rendered":"<p><strong>Promoci\u00f3n:<\/strong> ENV\u00cdO GRATIS a partir de 3 botellas.<\/p>","protected":false},"featured_media":13925,"template":"","meta":[],"product_brand":[],"product_cat":[48,39,16],"product_tag":[],"class_list":{"0":"post-6637","1":"product","2":"type-product","3":"status-publish","4":"has-post-thumbnail","6":"product_cat-levelup-shipp","7":"product_cat-suplementos","8":"product_cat-todos","9":"product_shipping_class-shipping-levelup","11":"first","12":"outofstock","13":"taxable","14":"shipping-taxable","15":"purchasable","16":"product-type-simple"},"_links":{"self":[{"href":"https:\/\/shop.noesdieta.com\/en\/wp-json\/wp\/v2\/product\/6637","targetHints":{"allow":["GET"]}}],"collection":[{"href":"https:\/\/shop.noesdieta.com\/en\/wp-json\/wp\/v2\/product"}],"about":[{"href":"https:\/\/shop.noesdieta.com\/en\/wp-json\/wp\/v2\/types\/product"}],"wp:featuredmedia":[{"embeddable":true,"href":"https:\/\/shop.noesdieta.com\/en\/wp-json\/wp\/v2\/media\/13925"}],"wp:attachment":[{"href":"https:\/\/shop.noesdieta.com\/en\/wp-json\/wp\/v2\/media?parent=6637"}],"wp:term":[{"taxonomy":"product_brand","embeddable":true,"href":"https:\/\/shop.noesdieta.com\/en\/wp-json\/wp\/v2\/product_brand?post=6637"},{"taxonomy":"product_cat","embeddable":true,"href":"https:\/\/shop.noesdieta.com\/en\/wp-json\/wp\/v2\/product_cat?post=6637"},{"taxonomy":"product_tag","embeddable":true,"href":"https:\/\/shop.noesdieta.com\/en\/wp-json\/wp\/v2\/product_tag?post=6637"}],"curies":[{"name":"wp","href":"https:\/\/api.w.org\/{rel}","templated":true}]}}