{"id":7290,"date":"2022-02-07T17:09:51","date_gmt":"2022-02-07T17:09:51","guid":{"rendered":"https:\/\/lorenanoesdieta.co\/?post_type=product&#038;p=7290"},"modified":"2025-12-05T19:35:10","modified_gmt":"2025-12-05T19:35:10","slug":"recetario-infantil-ebook-mama-de-dos","status":"publish","type":"product","link":"https:\/\/shop.noesdieta.com\/en\/product\/recetario-infantil-ebook-mama-de-dos\/","title":{"rendered":"Recipes for children + Ebook mom of two"},"content":{"rendered":"<p><span style=\"font-weight: 400;\">\u00a1Lleg\u00f3 tu momento mam\u00e1!<\/span><\/p>\n<p><span style=\"font-weight: 400;\">No saben la EMOCI\u00d3N que me genera saber que tengo una GRAN comunidad de mamis que disfrutan tanto como yo, darle a nuestros ni\u00f1os una alimentaci\u00f3n REAL.\u00a0<\/span><\/p>\n<p><span style=\"font-weight: 400;\">Te invito a vivir esta MARAVILLOSA experiencia conmigo,Conoceremos las cantidades recomendadas, las horas e incluso los alimentos que poco a poco puedes ir implementando en la rutina de tu beb\u00e9. Te brindo muchos consejos para que no desmayes en esta nueva etapa, que me han funcionado con mis 2 ni\u00f1os y que te ayudar\u00e1n a convencer a tu peque\u00f1o de probar nuevos sabores y texturas, con una presentaci\u00f3n muy divertida.<\/span><\/p>","protected":false},"excerpt":{"rendered":"<p>\u00a1Lleg\u00f3 tu momento mam\u00e1! No saben la EMOCI\u00d3N que me genera saber que tengo una GRAN comunidad de mamis que disfrutan tanto como yo, darle a nuestros ni\u00f1os una alimentaci\u00f3n REAL.\u00a0 Te invito a vivir esta MARAVILLOSA experiencia conmigo,Conoceremos las cantidades recomendadas, las horas e incluso los alimentos que poco a poco puedes ir implementando [&hellip;]<\/p>\n","protected":false},"featured_media":7294,"template":"","meta":[],"product_brand":[],"product_cat":[30,16],"product_tag":[],"class_list":{"0":"post-7290","1":"product","2":"type-product","3":"status-publish","4":"has-post-thumbnail","6":"product_cat-embarazo-y-maternidad","7":"product_cat-todos","9":"first","10":"instock","11":"downloadable","12":"virtual","13":"taxable","14":"purchasable","15":"product-type-simple"},"_links":{"self":[{"href":"https:\/\/shop.noesdieta.com\/en\/wp-json\/wp\/v2\/product\/7290","targetHints":{"allow":["GET"]}}],"collection":[{"href":"https:\/\/shop.noesdieta.com\/en\/wp-json\/wp\/v2\/product"}],"about":[{"href":"https:\/\/shop.noesdieta.com\/en\/wp-json\/wp\/v2\/types\/product"}],"wp:featuredmedia":[{"embeddable":true,"href":"https:\/\/shop.noesdieta.com\/en\/wp-json\/wp\/v2\/media\/7294"}],"wp:attachment":[{"href":"https:\/\/shop.noesdieta.com\/en\/wp-json\/wp\/v2\/media?parent=7290"}],"wp:term":[{"taxonomy":"product_brand","embeddable":true,"href":"https:\/\/shop.noesdieta.com\/en\/wp-json\/wp\/v2\/product_brand?post=7290"},{"taxonomy":"product_cat","embeddable":true,"href":"https:\/\/shop.noesdieta.com\/en\/wp-json\/wp\/v2\/product_cat?post=7290"},{"taxonomy":"product_tag","embeddable":true,"href":"https:\/\/shop.noesdieta.com\/en\/wp-json\/wp\/v2\/product_tag?post=7290"}],"curies":[{"name":"wp","href":"https:\/\/api.w.org\/{rel}","templated":true}]}}