{"id":7447,"date":"2022-02-10T12:39:45","date_gmt":"2022-02-10T12:39:45","guid":{"rendered":"https:\/\/lorenanoesdieta.co\/?post_type=product&#038;p=7447"},"modified":"2026-04-27T18:56:25","modified_gmt":"2026-04-27T18:56:25","slug":"slim","status":"publish","type":"product","link":"https:\/\/shop.noesdieta.com\/en\/product\/slim\/","title":{"rendered":"SLIM by Is Not Diet"},"content":{"rendered":"<p>Esta f\u00f3rmula est\u00e1 dise\u00f1ada para el <strong>alivio de ansiedad y disminuir el estr\u00e9s cr\u00f3nico<\/strong> de forma natural. Las c\u00e1psulas SLIM contienen hierbas cuidadosamente seleccionadas, vitaminas y bot\u00e1nicos que disminuyen los niveles de cortisol y ghrelina (hormona del hambre. El estr\u00e9s cr\u00f3nico y los niveles m\u00e1s altos de cortisol son factores clave que contribuyen al aumento de peso y resistencia a la insulina.<\/p>\n<p>La combinaci\u00f3n de <strong>Magnesio y Zinc<\/strong> son cofactores importantes en la creaci\u00f3n de serotonina y dopamina, dos neurotransmisores que desempe\u00f1an un papel muy importante en el estado de \u00e1nimo, la relajaci\u00f3n y tambi\u00e9n influye en la actividad de GABA, el principal neurotransmisor inhibitorio en el cerebro que est\u00e1 involucrado en la ansiedad. <strong>L- Arginina AKG<\/strong> es un amino\u00e1cido que facilita la lip\u00f3lisis y por lo tanto ayuda a disminuir la grasa corporal. La Garcinia, <strong>Ashwagandh<\/strong>a, GABA, hierba de San Juan trabajan para mejorar las funciones cerebrales, la relajaci\u00f3n y la capacidad natural del cuerpo para hacer frente al estr\u00e9s.<\/p>\n<p>SLIM contiene <strong>ingredientes naturales<\/strong>, seguros, sin efectos secundarios y no adictivo. Libre de cafe\u00edna, az\u00facar y gluten. Incluye vitaminas, amino\u00e1cidos, minerales y hierbas para apoyar un sistema nervioso m\u00e1s saludable, mejorar la p\u00e9rdida de peso, ayudar a reducir la ansiedad y el estr\u00e9s. Potente f\u00f3rmula sin goteo elaborado en Estados Unidos, en una instalaci\u00f3n registrada por la FDA, bajo los estrictos requisitos de buena pr\u00e1ctica de fabricaci\u00f3n.<\/p>\n<p><strong>SLIM Contiene:<\/strong> Magnesio, chromium, vitamina D, vitamina B12, Zinc, Folate, Garcinia 60% HCA, cayenne pepper, cinnamon, GABA, St John\u2019s Wort, Ashwaganda, white tea and L-Arginine AKG.<\/p>\n<p><strong>Instrucciones: <\/strong>Tome dos (2) c\u00e1psulas vegetales SLIM una vez al d\u00eda. Para obtener los mejores resultados, tome 20-30 minutos antes de una comida con un vaso de agua de 8 oz o seg\u00fan las indicaciones de su profesional de la salud.<\/p>\n<p>&nbsp;<\/p>\n<p><strong>Preguntas frecuentes<\/strong><\/p>\n<ul>\n<li><strong>\u00bfEl slim es bueno para una persona que empieza la premenopausia?<\/strong><\/li>\n<\/ul>\n<p>\u00a1SER\u00cdA FABULOSO! La bajada de los niveles de estr\u00f3genos y de progesterona afecta al estado de \u00e1nimo, que en muchos casos puede traducirse en ansiedad y tristeza, dos situaciones que intentamos aliviar picando lo que conlleva inevitablemente un aumento de peso.<\/p>\n<p>SLIM + una adecuada alimentaci\u00f3n te ayudar\u00e1 a aliviar algunos s\u00edntomas, a reducir el riesgo de diabetes, enfermedades cardiovasculares u osteoporosis u otros problemas de salud que pueden aparecer en la post menopausia, adem\u00e1s de ayudar a frenar el posible aumento de peso asociado a esta etapa.<\/p>\n<ul>\n<li><strong>\u00bfSe pueden tomar estando lactando?<\/strong><\/li>\n<\/ul>\n<p>S\u00ed, puede tomarse durante la lactancia materna.<\/p>\n<ul>\n<li><strong>\u00bfLo puede tomar una persona con diabetes?<\/strong><\/li>\n<\/ul>\n<p>Si, es completamente natural. Libre de cafe\u00edna. Si la persona es diab\u00e9tica tipo II va a tener beneficios incre\u00edbles especialmente regulando los niveles de az\u00facar.<\/p>\n<ul>\n<li><strong>\u00bfTienes env\u00edos a Colombia y otros pa\u00edses?<\/strong><\/li>\n<\/ul>\n<p>S\u00f3lo se env\u00eda dentro de USA. Tambi\u00e9n a un casillero o familar en USA.<\/p>\n<ul>\n<li><strong>\u00bfDiferencia entre SLIM y Level Up?<\/strong><\/li>\n<\/ul>\n<p>SIM: son micronutrientes esenciales y hierbas naturales para disminuir el ESTR\u00c9S, ANSIEDAD y aumentar la LIPOLISIS para acelerar la p\u00e9rdida de peso y disminuir porcentaje de grasa.<\/p>\n<p>LEVEL UP: son ANTIOXIDANTES para evitar el envejecimiento prematuro, formaci\u00f3n de radicales libres y fortalecer el sistema inmune.<\/p>\n<p>Ambos son libres de cafe\u00edna, az\u00facar, gluten y hechos con c\u00e1psulas veganas.<\/p>","protected":false},"excerpt":{"rendered":"<p><strong>Promoci\u00f3n para Estados Unidos:<\/strong><br \/>\n3 botellas: Env\u00edo gratis<br \/>\n5 Botellas: te regalo una + env\u00edo gratis<\/p>\n<p>&nbsp;<\/p>","protected":false},"featured_media":13927,"template":"","meta":[],"product_brand":[],"product_cat":[47,39,16],"product_tag":[],"class_list":{"0":"post-7447","1":"product","2":"type-product","3":"status-publish","4":"has-post-thumbnail","6":"product_cat-slim-shipp","7":"product_cat-suplementos","8":"product_cat-todos","9":"product_shipping_class-shipping-slim","11":"first","12":"instock","13":"taxable","14":"shipping-taxable","15":"purchasable","16":"product-type-simple"},"_links":{"self":[{"href":"https:\/\/shop.noesdieta.com\/en\/wp-json\/wp\/v2\/product\/7447","targetHints":{"allow":["GET"]}}],"collection":[{"href":"https:\/\/shop.noesdieta.com\/en\/wp-json\/wp\/v2\/product"}],"about":[{"href":"https:\/\/shop.noesdieta.com\/en\/wp-json\/wp\/v2\/types\/product"}],"wp:featuredmedia":[{"embeddable":true,"href":"https:\/\/shop.noesdieta.com\/en\/wp-json\/wp\/v2\/media\/13927"}],"wp:attachment":[{"href":"https:\/\/shop.noesdieta.com\/en\/wp-json\/wp\/v2\/media?parent=7447"}],"wp:term":[{"taxonomy":"product_brand","embeddable":true,"href":"https:\/\/shop.noesdieta.com\/en\/wp-json\/wp\/v2\/product_brand?post=7447"},{"taxonomy":"product_cat","embeddable":true,"href":"https:\/\/shop.noesdieta.com\/en\/wp-json\/wp\/v2\/product_cat?post=7447"},{"taxonomy":"product_tag","embeddable":true,"href":"https:\/\/shop.noesdieta.com\/en\/wp-json\/wp\/v2\/product_tag?post=7447"}],"curies":[{"name":"wp","href":"https:\/\/api.w.org\/{rel}","templated":true}]}}